{"id":2182,"date":"2022-08-24T17:32:13","date_gmt":"2022-08-24T14:32:13","guid":{"rendered":"http:\/\/oktaybanli.com.tr\/?page_id=2182"},"modified":"2025-10-17T15:55:48","modified_gmt":"2025-10-17T12:55:48","slug":"muslum-erdogan","status":"publish","type":"page","link":"https:\/\/www.obezitecerrahiankara.com\/obezite\/muslum-erdogan\/","title":{"rendered":"M\u00fcsl\u00fcm ERDO\u011eAN"},"content":{"rendered":"<section id=\"bt_section69dfe4c43d176\"  class=\"boldSection topSpaced bottomSpaced gutter inherit\" style=\"background-color:#f1f1f1;\"><div class=\"port\"><div class=\"boldCell\"><div class=\"boldCellInner\"><div class=\"boldRow  \" ><div class=\"boldRowInner\"><div class=\"rowItem col-md-12 col-ms-12  btTextLeft animate animate-fadein inherit btDoublePadding\"  ><div class=\"rowItemContent\" ><div class=\"btClear btSeparator bottomSemiSpaced border\" ><hr><\/div><header class=\"header btClear medium  btNormalDash\" ><div class=\"btSubTitle\">Genel Koordinat\u00f6r\r<br>\r<br>1985 do\u011fumlu olan M\u00fcsl\u00fcm Erdo\u011fan, sa\u011fl\u0131k y\u00f6netimi alan\u0131nda uzun y\u0131llara dayanan deneyime sahiptir. Hastane ve klinik s\u00fcre\u00e7lerinin etkin \u015fekilde y\u00f6netilmesi, hasta memnuniyetinin art\u0131r\u0131lmas\u0131, organizasyonel verimlilik sa\u011flanmas\u0131 ve t\u0131bbi hizmetlerin koordinasyonu konular\u0131nda uzmanla\u015fm\u0131\u015ft\u0131r.\r<br>\r<br>2010 y\u0131l\u0131ndan bu yana Prof. Dr. Oktay Banl\u0131 Obezite Klini\u011fi&#8217;nde Genel Koordinat\u00f6r olarak g\u00f6rev yapmakta olup; hasta haz\u0131rl\u0131k s\u00fcre\u00e7lerinden hastane operasyonlar\u0131n\u0131n takibine, ofis i\u00e7i organizasyondan medikal i\u015flemlerin koordinasyonuna kadar bir\u00e7ok alanda aktif rol almaktad\u0131r. Ayr\u0131ca obezite cerrahisi alan\u0131nda d\u00fczenlenen \u00e7ok say\u0131da ulusal ve b\u00f6lgesel kongrede aktif g\u00f6rev alm\u0131\u015f, sempozyum ve organizasyonlar\u0131n planlanmas\u0131nda liderlik \u00fcstlenmi\u015ftir.\r<br>\r<br>2006 \u2013 2011 y\u0131llar\u0131 aras\u0131nda Ameliyathane Hizmetleri Personeli olarak cerrahi operasyonlara destek, ameliyathane d\u00fczeni ve ekipman takibi, ahsta g\u00fcvenli\u011fi ve sterilizasyon s\u00fcre\u00e7lerinde g\u00f6rev alm\u0131\u015ft\u0131r.\r<br>T\u00fcrk Obezite Cerrahisi Vakf\u0131\u2019nda Organizasyon Komisyon Ba\u015fkan\u0131 olarak g\u00f6rev yapm\u0131\u015f; bu kapsamda kongre, sempozyum ve b\u00f6lgesel toplant\u0131lar\u0131n y\u00fcr\u00fct\u00fclmesinde sorumluluk alm\u0131\u015ft\u0131r.\r<br>Kavakl\u0131dere Umut Hastanesi&#8217;nde de genel koordinat\u00f6rl\u00fck g\u00f6revinde bulunmu\u015f; hastane y\u00f6netimi, kurumsal s\u00fcre\u00e7 planlamas\u0131 ve hasta ili\u015fkileri alanlar\u0131nda katk\u0131 sa\u011flam\u0131\u015ft\u0131r.\r<br>\r<br>E\u011fitim &amp; Sertifikalar\r<br>Hasan Ali Y\u00fccel Lisesi, Sosyal Bilimler B\u00f6l\u00fcm\u00fc Mezunu\r<br>Sa\u011fl\u0131k Kurumlar\u0131 Y\u00f6neticili\u011fi Sertifikas\u0131 \u2013 D\u00fczce \u00dcniversitesi\r<br>\r<br>Uzmanl\u0131k Alanlar\u0131\r<br>Sa\u011fl\u0131k kurumlar\u0131 y\u00f6netimi\r<br>Ameliyathane s\u00fcre\u00e7leri\r<br>Hasta ili\u015fkileri y\u00f6netimi\r<br>Medikal s\u00fcre\u00e7 koordinasyonu\r<br>Kongre ve sempozyum organizasyonu\r<br>Ekip y\u00f6netimi ve liderlik\r<br>\r<br>Kat\u0131ld\u0131\u011f\u0131 Se\u00e7ili Kongre ve Etkinlikler\r<br>\r<br>Obezite ve Metabolik Cerrahi Platformu Video Sempozyumu (2017, \u0130stanbul)\r<br>B\u00f6lgesel Toplant\u0131 \u2013 By Trick ve Metabolik Cerrahi Derne\u011fi (2016, Malatya)\r<br>Akut Komplikasyon Y\u00f6netimi \u2013 Bariatrik Cerrahi (2019, Ankara)\r<br>Obezite Cerrahisi Diyarbak\u0131r B\u00f6lgesel Toplant\u0131s\u0131 (2024)\r<br>\u00c7a\u011f\u0131n Pandemisi: Obezite \u2013 Ufuk \u00dcniversitesi (2024)\r<br>Uluslararas\u0131 Turizm ve Seyahat Fuar\u0131 (2023 &amp; 2024, Ankara)\r<br>T\u00fcrk Obez Cerrahisi Vakf\u0131 taraf\u0131ndan d\u00fczenlenen d\u00f6rt farkl\u0131 ulusal kongrede aktif organizasyon sorumlulu\u011fu<\/div><\/header><div class=\"btClear btSeparator topSmallSpaced bottomSemiSpaced border\" ><hr><\/div><div class=\"btClear btSeparator bottomSemiSpaced noBorder bt_bb_hidden_md bt_bb_hidden_lg\" ><hr><\/div><div class=\"bt_bb_masonry_image_grid bt_bb_grid_container bt_bb_columns_5 bt_bb_gap_no_gap\" data-columns=\"5\"><div class=\"bt_bb_masonry_post_image_content\" data-columns=\"5\"><div class=\"bt_bb_grid_sizer\"><\/div><div class=\"bt_bb_grid_item bt_bb_tile_format11\" data-hw=\"1.3333333333333\" data-src=\"https:\/\/www.obezitecerrahiankara.com\/obezite\/wp-content\/uploads\/2025\/10\/30846418-72d7-4e75-a70b-bae8d356cfa4.jpeg\" data-src-full=\"https:\/\/www.obezitecerrahiankara.com\/obezite\/wp-content\/uploads\/2025\/10\/30846418-72d7-4e75-a70b-bae8d356cfa4.jpeg\" data-title=\"30846418-72d7-4e75-a70b-bae8d356cfa4\"><div class=\"bt_bb_grid_item_inner\" data-hw=\"1.3333333333333\" ><div class=\"bt_bb_grid_item_inner_image\"><\/div><div class=\"bt_bb_grid_item_inner_content\"><\/div><\/div><\/div><div class=\"bt_bb_grid_item bt_bb_tile_format11\" data-hw=\"1.7777777777778\" data-src=\"https:\/\/www.obezitecerrahiankara.com\/obezite\/wp-content\/uploads\/2025\/10\/b1ed6009-04ca-4973-b251-f42c3cea997c.jpeg\" data-src-full=\"https:\/\/www.obezitecerrahiankara.com\/obezite\/wp-content\/uploads\/2025\/10\/b1ed6009-04ca-4973-b251-f42c3cea997c.jpeg\" data-title=\"b1ed6009-04ca-4973-b251-f42c3cea997c\"><div class=\"bt_bb_grid_item_inner\" data-hw=\"1.7777777777778\" ><div class=\"bt_bb_grid_item_inner_image\"><\/div><div class=\"bt_bb_grid_item_inner_content\"><\/div><\/div><\/div><div class=\"bt_bb_grid_item bt_bb_tile_format11\" data-hw=\"1.3333333333333\" data-src=\"https:\/\/www.obezitecerrahiankara.com\/obezite\/wp-content\/uploads\/2025\/10\/25e881f0-4052-4a7e-a2a2-9d7d834ed6e6.jpeg\" data-src-full=\"https:\/\/www.obezitecerrahiankara.com\/obezite\/wp-content\/uploads\/2025\/10\/25e881f0-4052-4a7e-a2a2-9d7d834ed6e6.jpeg\" data-title=\"25e881f0-4052-4a7e-a2a2-9d7d834ed6e6\"><div class=\"bt_bb_grid_item_inner\" data-hw=\"1.3333333333333\" ><div class=\"bt_bb_grid_item_inner_image\"><\/div><div class=\"bt_bb_grid_item_inner_content\"><\/div><\/div><\/div><div class=\"bt_bb_grid_item bt_bb_tile_format11\" data-hw=\"1.3333333333333\" data-src=\"https:\/\/www.obezitecerrahiankara.com\/obezite\/wp-content\/uploads\/2025\/10\/34c549a8-45ff-4107-9eae-88eba39da98d.jpeg\" data-src-full=\"https:\/\/www.obezitecerrahiankara.com\/obezite\/wp-content\/uploads\/2025\/10\/34c549a8-45ff-4107-9eae-88eba39da98d.jpeg\" data-title=\"34c549a8-45ff-4107-9eae-88eba39da98d\"><div class=\"bt_bb_grid_item_inner\" data-hw=\"1.3333333333333\" ><div class=\"bt_bb_grid_item_inner_image\"><\/div><div class=\"bt_bb_grid_item_inner_content\"><\/div><\/div><\/div><div class=\"bt_bb_grid_item bt_bb_tile_format11\" data-hw=\"1.3333333333333\" data-src=\"https:\/\/www.obezitecerrahiankara.com\/obezite\/wp-content\/uploads\/2025\/10\/76256cff-8fe7-4a6f-bcb1-43ea7f7a99a6.jpeg\" data-src-full=\"https:\/\/www.obezitecerrahiankara.com\/obezite\/wp-content\/uploads\/2025\/10\/76256cff-8fe7-4a6f-bcb1-43ea7f7a99a6.jpeg\" data-title=\"76256cff-8fe7-4a6f-bcb1-43ea7f7a99a6\"><div class=\"bt_bb_grid_item_inner\" data-hw=\"1.3333333333333\" ><div class=\"bt_bb_grid_item_inner_image\"><\/div><div class=\"bt_bb_grid_item_inner_content\"><\/div><\/div><\/div><\/div><\/div><\/div><\/div><\/div><\/div><\/div><\/div><\/div><\/section>","protected":false},"excerpt":{"rendered":"","protected":false},"author":13,"featured_media":2691,"parent":0,"menu_order":0,"comment_status":"closed","ping_status":"closed","template":"","meta":[],"yoast_head":"<!-- This site is optimized with the Yoast SEO Premium plugin v16.1 - https:\/\/yoast.com\/wordpress\/plugins\/seo\/ -->\n<title>M\u00fcsl\u00fcm ERDO\u011eAN | T\u00fcp Mide Ameliyat\u0131<\/title>\n<meta name=\"description\" content=\"Dyt. Nisanur D\u00d6KER 2021 y\u0131l\u0131nda Nuh Naci Yazgan \u00dcniversitesi Beslenme ve Diyetetik b\u00f6l\u00fcm\u00fcnden mezun olmu\u015ftur.2021 y\u0131l\u0131 Ekim ay\u0131ndan bu yana Obezite Cerrahi Ankara ekibinde Diyetisyen olarak g\u00f6rev yapmaktad\u0131r.\" \/>\n<link rel=\"canonical\" href=\"https:\/\/www.obezitecerrahiankara.com\/obezite\/muslum-erdogan\/\" \/>\n<meta property=\"og:locale\" content=\"tr_TR\" \/>\n<meta property=\"og:type\" content=\"article\" \/>\n<meta property=\"og:title\" content=\"M\u00fcsl\u00fcm ERDO\u011eAN | T\u00fcp Mide Ameliyat\u0131\" \/>\n<meta property=\"og:description\" content=\"Dyt. Nisanur D\u00d6KER 2021 y\u0131l\u0131nda Nuh Naci Yazgan \u00dcniversitesi Beslenme ve Diyetetik b\u00f6l\u00fcm\u00fcnden mezun olmu\u015ftur.2021 y\u0131l\u0131 Ekim ay\u0131ndan bu yana Obezite Cerrahi Ankara ekibinde Diyetisyen olarak g\u00f6rev yapmaktad\u0131r.\" \/>\n<meta property=\"og:url\" content=\"https:\/\/www.obezitecerrahiankara.com\/obezite\/muslum-erdogan\/\" \/>\n<meta property=\"og:site_name\" content=\"T\u00fcp Mide Ameliyat\u0131\" \/>\n<meta property=\"article:publisher\" content=\"https:\/\/www.facebook.com\/DrOktayBanli\/\" \/>\n<meta property=\"article:modified_time\" content=\"2025-10-17T12:55:48+00:00\" \/>\n<meta name=\"twitter:card\" content=\"summary_large_image\" \/>\n<meta name=\"twitter:image\" content=\"https:\/\/www.obezitecerrahiankara.com\/obezite\/wp-content\/uploads\/2023\/10\/top2.webp\" \/>\n<meta name=\"twitter:label1\" content=\"Tahmini okuma s\u00fcresi\">\n\t<meta name=\"twitter:data1\" content=\"3 dakika\">\n<script type=\"application\/ld+json\" class=\"yoast-schema-graph\">{\"@context\":\"https:\/\/schema.org\",\"@graph\":[{\"@type\":\"Organization\",\"@id\":\"https:\/\/www.obezitecerrahiankara.com\/obezite\/#organization\",\"name\":\"Prof. D. Oktay BANLI\",\"url\":\"https:\/\/www.obezitecerrahiankara.com\/obezite\/\",\"sameAs\":[\"https:\/\/www.facebook.com\/DrOktayBanli\/\",\"https:\/\/www.instagram.com\/prof.dr.oktaybanli\/\",\"https:\/\/www.youtube.com\/channel\/UCMbJlYVnIneRr8FYnNg_XTQ\"],\"logo\":{\"@type\":\"ImageObject\",\"@id\":\"https:\/\/www.obezitecerrahiankara.com\/obezite\/#logo\",\"inLanguage\":\"tr\",\"url\":\"https:\/\/oktaybanli.com.tr\/wp-content\/uploads\/2022\/08\/oktay-banli-logo-03.webp\",\"contentUrl\":\"https:\/\/oktaybanli.com.tr\/wp-content\/uploads\/2022\/08\/oktay-banli-logo-03.webp\",\"width\":198,\"height\":88,\"caption\":\"Prof. D. Oktay BANLI\"},\"image\":{\"@id\":\"https:\/\/www.obezitecerrahiankara.com\/obezite\/#logo\"}},{\"@type\":\"WebSite\",\"@id\":\"https:\/\/www.obezitecerrahiankara.com\/obezite\/#website\",\"url\":\"https:\/\/www.obezitecerrahiankara.com\/obezite\/\",\"name\":\"T\\u00fcp Mide Ameliyat\\u0131\",\"description\":\"Obezite Cerrahisi\",\"publisher\":{\"@id\":\"https:\/\/www.obezitecerrahiankara.com\/obezite\/#organization\"},\"potentialAction\":[{\"@type\":\"SearchAction\",\"target\":\"https:\/\/www.obezitecerrahiankara.com\/obezite\/?s={search_term_string}\",\"query-input\":\"required name=search_term_string\"}],\"inLanguage\":\"tr\"},{\"@type\":\"ImageObject\",\"@id\":\"https:\/\/www.obezitecerrahiankara.com\/obezite\/muslum-erdogan\/#primaryimage\",\"inLanguage\":\"tr\",\"url\":\"https:\/\/www.obezitecerrahiankara.com\/obezite\/wp-content\/uploads\/2023\/10\/top2.webp\",\"contentUrl\":\"https:\/\/www.obezitecerrahiankara.com\/obezite\/wp-content\/uploads\/2023\/10\/top2.webp\",\"width\":2500,\"height\":1227},{\"@type\":\"WebPage\",\"@id\":\"https:\/\/www.obezitecerrahiankara.com\/obezite\/muslum-erdogan\/#webpage\",\"url\":\"https:\/\/www.obezitecerrahiankara.com\/obezite\/muslum-erdogan\/\",\"name\":\"M\\u00fcsl\\u00fcm ERDO\\u011eAN | T\\u00fcp Mide Ameliyat\\u0131\",\"isPartOf\":{\"@id\":\"https:\/\/www.obezitecerrahiankara.com\/obezite\/#website\"},\"primaryImageOfPage\":{\"@id\":\"https:\/\/www.obezitecerrahiankara.com\/obezite\/muslum-erdogan\/#primaryimage\"},\"datePublished\":\"2022-08-24T14:32:13+00:00\",\"dateModified\":\"2025-10-17T12:55:48+00:00\",\"description\":\"Dyt. Nisanur D\\u00d6KER 2021 y\\u0131l\\u0131nda Nuh Naci Yazgan \\u00dcniversitesi Beslenme ve Diyetetik b\\u00f6l\\u00fcm\\u00fcnden mezun olmu\\u015ftur.2021 y\\u0131l\\u0131 Ekim ay\\u0131ndan bu yana Obezite Cerrahi Ankara ekibinde Diyetisyen olarak g\\u00f6rev yapmaktad\\u0131r.\",\"breadcrumb\":{\"@id\":\"https:\/\/www.obezitecerrahiankara.com\/obezite\/muslum-erdogan\/#breadcrumb\"},\"inLanguage\":\"tr\",\"potentialAction\":[{\"@type\":\"ReadAction\",\"target\":[\"https:\/\/www.obezitecerrahiankara.com\/obezite\/muslum-erdogan\/\"]}]},{\"@type\":\"BreadcrumbList\",\"@id\":\"https:\/\/www.obezitecerrahiankara.com\/obezite\/muslum-erdogan\/#breadcrumb\",\"itemListElement\":[{\"@type\":\"ListItem\",\"position\":1,\"item\":{\"@type\":\"WebPage\",\"@id\":\"https:\/\/www.obezitecerrahiankara.com\/obezite\/\",\"url\":\"https:\/\/www.obezitecerrahiankara.com\/obezite\/\",\"name\":\"Home\"}},{\"@type\":\"ListItem\",\"position\":2,\"item\":{\"@type\":\"WebPage\",\"@id\":\"https:\/\/www.obezitecerrahiankara.com\/obezite\/muslum-erdogan\/\",\"url\":\"https:\/\/www.obezitecerrahiankara.com\/obezite\/muslum-erdogan\/\",\"name\":\"M\\u00fcsl\\u00fcm ERDO\\u011eAN\"}}]}]}<\/script>\n<!-- \/ Yoast SEO Premium plugin. -->","_links":{"self":[{"href":"https:\/\/www.obezitecerrahiankara.com\/obezite\/wp-json\/wp\/v2\/pages\/2182"}],"collection":[{"href":"https:\/\/www.obezitecerrahiankara.com\/obezite\/wp-json\/wp\/v2\/pages"}],"about":[{"href":"https:\/\/www.obezitecerrahiankara.com\/obezite\/wp-json\/wp\/v2\/types\/page"}],"author":[{"embeddable":true,"href":"https:\/\/www.obezitecerrahiankara.com\/obezite\/wp-json\/wp\/v2\/users\/13"}],"replies":[{"embeddable":true,"href":"https:\/\/www.obezitecerrahiankara.com\/obezite\/wp-json\/wp\/v2\/comments?post=2182"}],"version-history":[{"count":8,"href":"https:\/\/www.obezitecerrahiankara.com\/obezite\/wp-json\/wp\/v2\/pages\/2182\/revisions"}],"predecessor-version":[{"id":2969,"href":"https:\/\/www.obezitecerrahiankara.com\/obezite\/wp-json\/wp\/v2\/pages\/2182\/revisions\/2969"}],"wp:featuredmedia":[{"embeddable":true,"href":"https:\/\/www.obezitecerrahiankara.com\/obezite\/wp-json\/wp\/v2\/media\/2691"}],"wp:attachment":[{"href":"https:\/\/www.obezitecerrahiankara.com\/obezite\/wp-json\/wp\/v2\/media?parent=2182"}],"curies":[{"name":"wp","href":"https:\/\/api.w.org\/{rel}","templated":true}]}}