{"id":2345,"date":"2022-08-25T19:53:04","date_gmt":"2022-08-25T16:53:04","guid":{"rendered":"https:\/\/oktaybanli.com.tr\/?page_id=2345"},"modified":"2023-11-14T17:16:36","modified_gmt":"2023-11-14T14:16:36","slug":"tup-mide-ameliyati-2","status":"publish","type":"page","link":"https:\/\/www.obezitecerrahiankara.com\/obezite\/tup-mide-ameliyati-2\/","title":{"rendered":"T\u00fcp Mide Ameliyat\u0131 (Sleeve Gastrektomi)"},"content":{"rendered":"<section id=\"bt_section69dfe63c7aefd\"  class=\"boldSection topSpaced bottomSpaced gutter inherit\" style=\"background-color:rgb(255,255,255);\"><div class=\"port\"><div class=\"boldCell\"><div class=\"boldCellInner\"><div class=\"boldRow  \" ><div class=\"boldRowInner\"><div class=\"rowItem col-md-12 col-ms-12  btTextLeft animate animate-fadein inherit btDoublePadding\"  ><div class=\"rowItemContent\" ><div class=\"btText\" ><\/p>\n<h3 style=\"text-align: center;\">T\u00fcp Mide Ameliyat\u0131 (Sleeve Gastrektomi)<\/h3>\n<p>T\u00fcp Mide Ameliyat\u0131 (Sleeve Gastrektomi) <a href=\"https:\/\/oktaybanli.com.tr\/tibbi-terimler\/\">Laparoskopik<\/a> T\u00fcp Mide ameliyat\u0131. \u015ei\u015fmanl\u0131\u011f\u0131n cerrahi tedavisinde <a href=\"https:\/\/oktaybanli.com.tr\/tibbi-terimler\/\">obezite<\/a> ameliyatlar\u0131nda primer olarak tercih edilen y\u00f6ntemlerdendir. Ameliyat\u0131n <a href=\"https:\/\/oktaybanli.com.tr\/tibbi-terimler\/\">laparoskopik<\/a> olarak yap\u0131lmas\u0131, geleneksel a\u00e7\u0131k cerrahiye oranla anestezi s\u00fcrecini k\u0131saltmakt\u0131r. Hastan\u0131n daha az a\u011fr\u0131l\u0131, daha konforlu bir s\u00fcre\u00e7 ge\u00e7irmesini ve daha h\u0131zl\u0131 iyile\u015fmesini sa\u011flamaktad\u0131r.<\/p>\n<figure id=\"attachment_2005\" aria-describedby=\"caption-attachment-2005\" style=\"width: 442px\" class=\"wp-caption aligncenter\"><img loading=\"lazy\" class=\"wp-image-2005\" title=\"T\u00fcp Mide Ameliyat\u0131 (Sleeve Gastrektomi)\" src=\"http:\/\/oktaybanli.com.tr\/wp-content\/uploads\/2022\/08\/tup-mide-ameliyati-320x381.webp\" alt=\"T\u00fcp Mide Ameliyat\u0131 (Sleeve Gastrektomi)\" width=\"442\" height=\"526\" srcset=\"https:\/\/www.obezitecerrahiankara.com\/obezite\/wp-content\/uploads\/2022\/08\/tup-mide-ameliyati-320x381.webp 320w, https:\/\/www.obezitecerrahiankara.com\/obezite\/wp-content\/uploads\/2022\/08\/tup-mide-ameliyati.webp 326w\" sizes=\"(max-width: 442px) 100vw, 442px\" \/><figcaption id=\"caption-attachment-2005\" class=\"wp-caption-text\">T\u00fcp Mide Ameliyat\u0131 (Sleeve Gastrektomi)<\/figcaption><\/figure>\n<h5 style=\"text-align: center;\"><strong>T\u00fcp Mide Ameliyat\u0131nda (Sleeve Gastrektomi) Uygulanan Cerrahi \u0130\u015flem Nedir?<\/strong><\/h5>\n<\/p>\n<p>T\u00fcp Mide Ameliyat\u0131 (Sleeve Gastrektomi) ; mide hacmini k\u00fc\u00e7\u00fcltme esasl\u0131 bir ameliyatt\u0131r. Mide hacmini k\u0131s\u0131tlay\u0131c\u0131 bir metot olarak da ifade edilebilir. Hastaya anestezi alt\u0131nda, kar\u0131n b\u00f6lgesinde kesi yap\u0131lmadan ufak deliklerden girilerek <a href=\"https:\/\/oktaybanli.com.tr\/tibbi-terimler\/\">laparoskopik<\/a> olarak yap\u0131lan bir ameliyatt\u0131r.<\/p>\n<\/p>\n<p>Midenin 2\/3\u2019 l\u00fck k\u0131sm\u0131 \u00e7\u0131kart\u0131larak mide hacmi azalt\u0131lmaktad\u0131r. Geriye kalan mide hacmi 100-150 ml kadar (1 \u00e7ay barda\u011f\u0131) olup, kabaca \u015fekli t\u00fcp bi\u00e7imindedir. Midede darl\u0131k olu\u015fmamas\u0131 veya fazla mide duvar\u0131n\u0131n b\u0131rak\u0131lmamas\u0131 i\u00e7in mide <a href=\"https:\/\/oktaybanli.com.tr\/tibbi-terimler\">nazogastrik <\/a>t\u00fcp yard\u0131m\u0131yla kalibre edilmektedir.<\/p>\n<p><iframe loading=\"lazy\" title=\"T\u00dcP M\u0130DE AMEL\u0130YATI NED\u0130R? NASIL YAPILIR?\" width=\"1200\" height=\"675\" src=\"https:\/\/www.youtube.com\/embed\/Yfzj_VZtA2A?feature=oembed\" frameborder=\"0\" allow=\"accelerometer; autoplay; clipboard-write; encrypted-media; gyroscope; picture-in-picture; web-share\" allowfullscreen><\/iframe><\/p>\n<\/p>\n<h5 style=\"text-align: center;\"><strong>T\u00fcp Mide Ameliyat\u0131 (Sleeve Gastrektomi) \u0130le Kilo Kayb\u0131<\/strong><\/h5>\n<\/p>\n<p>Sleeve Gastrektomi (T\u00fcp Mide) ameliyat\u0131 sonras\u0131nda 2 temel fakt\u00f6r kilo kayb\u0131n\u0131 sa\u011flamaktad\u0131r.<\/p>\n<\/p>\n<p><strong>1. Fakt\u00f6r \u2013 Hacim K\u00fc\u00e7\u00fclmesi:<\/strong> Midenin 2\/3\u2019l\u00fck k\u0131sm\u0131n\u0131n \u00e7\u0131kart\u0131lmas\u0131yla geriye kalan hacmin k\u00fc\u00e7\u00fclmesi, k\u0131s\u0131tlanmas\u0131; g\u0131da al\u0131m\u0131n\u0131 azaltmaktad\u0131r. Ayr\u0131ca azalan mide hacmi sayesinde az g\u0131dayla doygunluk hissi artar.<\/p>\n<\/p>\n<p><strong>2. Fakt\u00f6r\u2013Hormonal Etki:<\/strong> A\u00e7l\u0131k hissini uyaran Ghrelin hormonunun salg\u0131land\u0131\u011f\u0131 alan olan mide dokusunun \u00e7\u0131kar\u0131lmas\u0131yla i\u015ftah azalmas\u0131 sa\u011flan\u0131r. Ghrelin; i\u015ftah\u0131 artt\u0131rd\u0131\u011f\u0131, g\u0131da al\u0131m\u0131n\u0131 artt\u0131rd\u0131\u011f\u0131 ve ya\u011f depolanmas\u0131n\u0131 te\u015fvik etmesi sebebiyle \u201cA\u00e7l\u0131k Hormonu\u201d olarak isimlendirilmi\u015ftir. Ghrelin obez ki\u015filerde daha y\u00fcksek seviyelerde bulunmaktad\u0131r. Obezite cerrahisi ge\u00e7iren ki\u015filerin ghrelin seviyesi, normal diyet ve egzersiz gibi yollarla kilo vermeye \u00e7al\u0131\u015fan ki\u015filere oranla \u00e7ok daha d\u00fc\u015f\u00fckt\u00fcr.<\/p>\n<h5 style=\"text-align: center;\"><strong> T\u00fcp Mide Ameliyat\u0131ndan Bekledi\u011fimiz Sonu\u00e7 Nedir?<\/strong><\/h5>\n<p>T\u00fcp mide ameliyat\u0131, mideyi k\u00fc\u00e7\u00fclterek kilo verilmesini hedefleyen bir ameliyatt\u0131r. Obezite cerrahisi ortalama olarak fazla kilonun %50-75\u2019 inin kayb\u0131 ba\u015far\u0131l\u0131 ve olas\u0131 bir hedeftir. Bu hedefe 1 y\u0131l\u0131n sonunda ula\u015f\u0131labilmektedir. Ancak kilo verme h\u0131z\u0131 ve devam s\u00fcreci; genellikle hastan\u0131n ya\u015f\u0131, cinsiyeti, yanda\u015f hastal\u0131klar\u0131, beslenme al\u0131\u015fkanl\u0131klar\u0131 ile \u00e7ok ilgilidir. Ameliyat sonras\u0131 s\u00fcreci y\u00f6netebilmek ve ya\u015fam tarz\u0131 de\u011fi\u015fikliklerini ger\u00e7ekle\u015ftirebilmek sizi ba\u015far\u0131ya ula\u015ft\u0131racakt\u0131r.<\/p>\n<h5 style=\"text-align: center;\"><strong>T\u00fcp Mide Ameliyat\u0131n\u0131n Avantaj ve Dezavantajlar\u0131<\/strong><\/h5>\n<ul>\n<li>Ameliyat\u0131n y\u00f6ntem olarak en b\u00fcy\u00fck avantaj\u0131; g\u0131dalar\u0131n sindirimde izledi\u011fi yol itibariyle ba\u011f\u0131rsaklarda bir m\u00fcdahale yap\u0131lmad\u0131\u011f\u0131ndan emilimlerinde bir de\u011fi\u015fiklik olmamas\u0131d\u0131r. Mide-ba\u011f\u0131rsak do\u011fal yolu korundu\u011fundan, ba\u011f\u0131rsaklarda emilim bozukluklar\u0131na ili\u015fkin ciddi bir problem ya\u015fanmaz. Ancak mide hacminin k\u0131s\u0131tlanmas\u0131 ile baz\u0131 vitaminlerin emiliminde rol oynayan fakt\u00f6rler nedeniyle \u00f6zellikle B<sub>12<\/sub>\u00a0vitamini ve Demir (Fe) takviyesi i\u00e7in takipte olunmal\u0131d\u0131r.<\/li>\n<li>A\u00e7l\u0131k hormonu Ghrelin seviyesinin d\u00fc\u015fmesi ile birlikte; \u00f6zellikle ameliyat \u00f6ncesinde a\u015f\u0131r\u0131 porsiyonlarda yemek yiyen ki\u015filerde yeme-i\u00e7me miktar\u0131nda ciddi azalma sa\u011flar.<\/li>\n<li>Vitamin ve mineral eksiklikleri di\u011fer y\u00f6mtemlere oranla \u00e7ok daha az ortaya \u00e7\u0131kar.<\/li>\n<li>Dumping Sendromu (H\u0131zl\u0131 gastrik bo\u015falma) engellenmi\u015f olur. Besinler mideyi daha ge\u00e7 terk etti\u011fi i\u00e7in daha uzun s\u00fcre tokluk hissi ya\u015fanmaktad\u0131r.<\/li>\n<li>Komplikasyon ve hayat konforunu bozan yan etkileri \u00e7ok d\u00fc\u015f\u00fck bir y\u00f6ntemdir.<\/li>\n<li>Uzun d\u00f6nemde ba\u015far\u0131s\u0131z hastalarda 2.bir giri\u015fime (revizyon) ge\u00e7i\u015f yap\u0131lmas\u0131n\u0131 m\u00fcmk\u00fcn k\u0131lar.<\/li>\n<li>Hacim k\u00fc\u00e7\u00fcltme amac\u0131yla yap\u0131lan cerrahi i\u015flemde, midenin b\u00fcy\u00fck k\u0131sm\u0131 \u00e7\u0131kart\u0131ld\u0131\u011f\u0131ndan geri d\u00f6n\u00fc\u015f\u00fcm\u00fc olmayan bir ameliyatt\u0131r.<\/li>\n<li>Ameliyat ba\u015fta hekim olmak \u00fczere tecr\u00fcbeli, deneyimli bir ekip taraf\u0131ndan yap\u0131lmas\u0131 gereken ciddi bir s\u00fcre\u00e7tir<\/li>\n<li>Uzun d\u00f6nemde, \u00f6zellikle gastrik bypass ameliyat\u0131na g\u00f6re kilo vermede ba\u015far\u0131s\u0131zl\u0131k ihtimali olabilen ameliyatt\u0131r. \u00d6zellikle ameliyat sonras\u0131 kalorisi y\u00fcksek ve rahat\u00e7a t\u00fcketilebilen \u00e7ikolata, dondurma, alkol vb. g\u0131dalar\u0131n t\u00fcketimiyle kilo verme durabilmektedir.<\/li>\n<li>Ameliyat sonras\u0131 \u00f6nerilen kurallara uyulmamas\u0131, \u00f6zellikle kat\u0131-s\u0131v\u0131 ayr\u0131m\u0131na (30 dakika kural\u0131) dikkat edilmedi\u011finde uzun d\u00f6nemde mide geni\u015fleyebilmektedir.<\/li>\n<\/ul>\n<h5 style=\"text-align: center;\"><strong>T\u00fcp Mide Ameliyat\u0131 G\u00fcvenli mi? Riski Var m\u0131?<\/strong><\/h5>\n<p>Her ameliyat\u0131n bir komplikasyon oran\u0131 vard\u0131r. Ancak laparoskopik y\u00f6ntemle yap\u0131lan t\u00fcp mide ameliyat\u0131nda d\u00fc\u015f\u00fck-orta risk grubunda say\u0131lmaktad\u0131r. T\u00fcp mide ameliyat\u0131nda; d\u00fcnya serilerinin verilerine bak\u0131ld\u0131\u011f\u0131nda komplikasyon g\u00f6r\u00fclme oran\u0131 %1 civar\u0131ndad\u0131r yani olduk\u00e7a d\u00fc\u015f\u00fckt\u00fcr. Temelde say\u0131labilecek 2 risk vard\u0131r. Kanama ve ka\u00e7aklar. Ancak zaman\u0131nda tan\u0131 konursa, tedavi edilebilir bir s\u00fcre\u00e7 olmaktad\u0131r. Oran\u0131 \u00e7ok d\u00fc\u015f\u00fck olsa da say\u0131labilecek di\u011fer komplikasyonlar emboli, solunum problemleri ve organ yaralanmalar\u0131d\u0131r.<\/p>\n<h5 style=\"text-align: center;\"><strong>Hastalar\u0131n Dikkat Etmesi Gereken Hususlar<\/strong><\/h5>\n<p>Hastalar ameliyat sonras\u0131 erken ve ge\u00e7 d\u00f6nem takiplerine kesinlikle devam etmedirler. Erken d\u00f6nem takibin amac\u0131; ge\u00e7irilen cerrahi operasyondan sonra bedenin kendini onarmas\u0131 ve sorunsuz bir \u015fekilde iyile\u015fmesini sa\u011flamakt\u0131r. Ge\u00e7 d\u00f6nem takibi ise; hastan\u0131n ya\u015fam al\u0131\u015fkanl\u0131klar\u0131n\u0131 de\u011fi\u015ftirip fazla kilolar\u0131n sa\u011fl\u0131kl\u0131 ve istikrarl\u0131 bir \u015fekilde verilmesini sa\u011flamak ve kilo problemini radikal bir \u015fekilde ortadan kald\u0131rmakt\u0131r.<\/p>\n<h5 style=\"text-align: center;\"><strong>T\u00fcp Mide Ameliyat\u0131 Fiyatlar\u0131 2022<\/strong><\/h5>\n<p>Morbid obezite ve beraberinde getirdi\u011fi sa\u011fl\u0131k sorunlar\u0131 ile m\u00fccadele eden ve tedavi i\u00e7in ameliyat d\u00fc\u015f\u00fcnerek klini\u011fimize ba\u015fvuran hastalar\u0131m\u0131z\u0131n merak etti\u011fi sorular\u0131n ba\u015f\u0131nda ameliyat fiyatlar\u0131 gelmektedir.<\/p>\n<p>Obezite cerrahisinde s\u0131kl\u0131kla uygulanan y\u00f6ntemlerin ba\u015f\u0131nda halk aras\u0131nda t\u00fcp mide olarak bilinen Sleeve Gastrektomi y\u00f6ntemi gelmekle birlikte bu ameliyat\u0131n fiyat\u0131 bir\u00e7ok fakt\u00f6re g\u00f6re de\u011fi\u015fmektedir. Bu fakt\u00f6rler; doktor \u00fccreti, ekip \u00fccreti, malzeme \u00fccreti, hastane \u00fccreti, yo\u011fun bak\u0131m \u00fccreti, refakat\u00e7i kal\u0131\u015f \u00fccreti, ekstra \u00fccretler, ameliyat sonras\u0131 hasta takibi olarak say\u0131lmaktad\u0131r.<\/p>\n<p>Ameliyat\u0131 yapacak olan doktorun \u00fcnvan\u0131, meslekteki tecr\u00fcbesi ve \u00f6zellikle de spesifik bir uzmanl\u0131k gerektiren obezite cerrahisindeki tecr\u00fcbesi ameliyat \u00fccretlerini etkileyen en \u00f6nemli fakt\u00f6rlerden birisi olacakt\u0131r. Doktorun ba\u015far\u0131l\u0131 olmas\u0131, komplikasyonlara m\u00fcdahale edebilmesi tercih sebebi say\u0131lmaktad\u0131r.. Bununla birlikte ameliyat\u0131n\u0131za \u00f6zel olarak gelen her bir ekip \u00fcyesinin ayr\u0131 bir \u00fccrete tabi oldu\u011funu unutmamak gerekir.<\/p>\n<p>Ameliyat\u0131n\u0131zda kullan\u0131lan malzemenin markas\u0131, kalitesi, malzemenin yerli veya ithal olmas\u0131, e\u011fer malzeme ithal ise o anki d\u00f6viz kuru malzeme \u00fccretlerini direk etkileyen fakt\u00f6rlerdendir.<\/p>\n<p>Hastanenin devlet hastanesi, \u00fcniversite hastanesi ya da \u00f6zel hastane olmas\u0131, hastanenin \u00f6zellikleri ve hastanenin fiyat politikas\u0131 da; ameliyat \u00fccretini etkileyen fakt\u00f6rler aras\u0131ndad\u0131r. Her hastanenin kendi belirledi\u011fi refakat\u00e7i kal\u0131\u015f ve refakat\u00e7i yemek \u00fccreti farkl\u0131d\u0131r. Refakat\u00e7inin masraflar\u0131, kald\u0131\u011f\u0131 g\u00fcn ve hastanenin belirledi\u011fi g\u00fcnl\u00fck \u00f6demeye g\u00f6re de\u011fi\u015fmektedir.<\/p>\n<p>Ameliyat sonras\u0131 takip gerektiren bu gibi ameliyatlarda, belirli s\u00fcre ile yap\u0131lan doktor, diyetisyen ve psikiyatri takip kontrolleri de ameliyat \u00fccretini etkileyen fakt\u00f6rlerden birisidir.<\/p>\n<p>T\u00fcp mide ameliyat\u0131 olmay\u0131 d\u00fc\u015f\u00fcnen hastalar\u0131n ameliyat fiyatlar\u0131n\u0131 k\u0131yaslarken t\u00fcm bu fakt\u00f6rleri \u00f6\u011frenmeleri ve bu kapsamda de\u011ferlendirme yapmalar\u0131 daha sa\u011fl\u0131kl\u0131 olacakt\u0131r.<\/p>\n<p>[instagram-feed feed=3]<\/p>\n<\/p>\n<p>\n<\/div><\/div><\/div><\/div><\/div><\/div><\/div><\/div><\/section>","protected":false},"excerpt":{"rendered":"","protected":false},"author":1,"featured_media":2691,"parent":0,"menu_order":0,"comment_status":"closed","ping_status":"closed","template":"","meta":[],"yoast_head":"<!-- This site is optimized with the Yoast SEO Premium plugin v16.1 - https:\/\/yoast.com\/wordpress\/plugins\/seo\/ -->\n<title>T\u00fcp Mide Ameliyat\u0131 (Sleeve Gastrektomi) | T\u00fcp Mide Ameliyat\u0131<\/title>\n<meta name=\"description\" content=\"Laparoskopik T\u00fcp Mide Ameliyat\u0131 (Sleeve Gastrektomi) \u015fi\u015fmanl\u0131\u011f\u0131n cerrahi tedavisinde primer olarak tercih edilen y\u00f6ntemlerdendir.\" \/>\n<link rel=\"canonical\" href=\"https:\/\/www.obezitecerrahiankara.com\/obezite\/tup-mide-ameliyati-2\/\" \/>\n<meta property=\"og:locale\" content=\"tr_TR\" \/>\n<meta property=\"og:type\" content=\"article\" \/>\n<meta property=\"og:title\" content=\"T\u00fcp Mide Ameliyat\u0131 (Sleeve Gastrektomi) | T\u00fcp Mide Ameliyat\u0131\" \/>\n<meta property=\"og:description\" content=\"Laparoskopik T\u00fcp Mide Ameliyat\u0131 (Sleeve Gastrektomi) \u015fi\u015fmanl\u0131\u011f\u0131n cerrahi tedavisinde primer olarak tercih edilen y\u00f6ntemlerdendir.\" \/>\n<meta property=\"og:url\" content=\"https:\/\/www.obezitecerrahiankara.com\/obezite\/tup-mide-ameliyati-2\/\" \/>\n<meta property=\"og:site_name\" content=\"T\u00fcp Mide Ameliyat\u0131\" \/>\n<meta property=\"article:publisher\" content=\"https:\/\/www.facebook.com\/DrOktayBanli\/\" \/>\n<meta property=\"article:modified_time\" content=\"2023-11-14T14:16:36+00:00\" \/>\n<meta name=\"twitter:card\" content=\"summary_large_image\" \/>\n<meta name=\"twitter:image\" content=\"https:\/\/www.obezitecerrahiankara.com\/obezite\/wp-content\/uploads\/2023\/10\/top2.webp\" \/>\n<meta name=\"twitter:label1\" content=\"Tahmini okuma s\u00fcresi\">\n\t<meta name=\"twitter:data1\" content=\"5 dakika\">\n<script type=\"application\/ld+json\" class=\"yoast-schema-graph\">{\"@context\":\"https:\/\/schema.org\",\"@graph\":[{\"@type\":\"Organization\",\"@id\":\"https:\/\/www.obezitecerrahiankara.com\/obezite\/#organization\",\"name\":\"Prof. D. Oktay BANLI\",\"url\":\"https:\/\/www.obezitecerrahiankara.com\/obezite\/\",\"sameAs\":[\"https:\/\/www.facebook.com\/DrOktayBanli\/\",\"https:\/\/www.instagram.com\/prof.dr.oktaybanli\/\",\"https:\/\/www.youtube.com\/channel\/UCMbJlYVnIneRr8FYnNg_XTQ\"],\"logo\":{\"@type\":\"ImageObject\",\"@id\":\"https:\/\/www.obezitecerrahiankara.com\/obezite\/#logo\",\"inLanguage\":\"tr\",\"url\":\"https:\/\/oktaybanli.com.tr\/wp-content\/uploads\/2022\/08\/oktay-banli-logo-03.webp\",\"contentUrl\":\"https:\/\/oktaybanli.com.tr\/wp-content\/uploads\/2022\/08\/oktay-banli-logo-03.webp\",\"width\":198,\"height\":88,\"caption\":\"Prof. D. Oktay BANLI\"},\"image\":{\"@id\":\"https:\/\/www.obezitecerrahiankara.com\/obezite\/#logo\"}},{\"@type\":\"WebSite\",\"@id\":\"https:\/\/www.obezitecerrahiankara.com\/obezite\/#website\",\"url\":\"https:\/\/www.obezitecerrahiankara.com\/obezite\/\",\"name\":\"T\\u00fcp Mide Ameliyat\\u0131\",\"description\":\"Obezite Cerrahisi\",\"publisher\":{\"@id\":\"https:\/\/www.obezitecerrahiankara.com\/obezite\/#organization\"},\"potentialAction\":[{\"@type\":\"SearchAction\",\"target\":\"https:\/\/www.obezitecerrahiankara.com\/obezite\/?s={search_term_string}\",\"query-input\":\"required name=search_term_string\"}],\"inLanguage\":\"tr\"},{\"@type\":\"ImageObject\",\"@id\":\"https:\/\/www.obezitecerrahiankara.com\/obezite\/tup-mide-ameliyati-2\/#primaryimage\",\"inLanguage\":\"tr\",\"url\":\"https:\/\/www.obezitecerrahiankara.com\/obezite\/wp-content\/uploads\/2023\/10\/top2.webp\",\"contentUrl\":\"https:\/\/www.obezitecerrahiankara.com\/obezite\/wp-content\/uploads\/2023\/10\/top2.webp\",\"width\":2500,\"height\":1227},{\"@type\":\"WebPage\",\"@id\":\"https:\/\/www.obezitecerrahiankara.com\/obezite\/tup-mide-ameliyati-2\/#webpage\",\"url\":\"https:\/\/www.obezitecerrahiankara.com\/obezite\/tup-mide-ameliyati-2\/\",\"name\":\"T\\u00fcp Mide Ameliyat\\u0131 (Sleeve Gastrektomi) | T\\u00fcp Mide Ameliyat\\u0131\",\"isPartOf\":{\"@id\":\"https:\/\/www.obezitecerrahiankara.com\/obezite\/#website\"},\"primaryImageOfPage\":{\"@id\":\"https:\/\/www.obezitecerrahiankara.com\/obezite\/tup-mide-ameliyati-2\/#primaryimage\"},\"datePublished\":\"2022-08-25T16:53:04+00:00\",\"dateModified\":\"2023-11-14T14:16:36+00:00\",\"description\":\"Laparoskopik T\\u00fcp Mide Ameliyat\\u0131 (Sleeve Gastrektomi) \\u015fi\\u015fmanl\\u0131\\u011f\\u0131n cerrahi tedavisinde primer olarak tercih edilen y\\u00f6ntemlerdendir.\",\"breadcrumb\":{\"@id\":\"https:\/\/www.obezitecerrahiankara.com\/obezite\/tup-mide-ameliyati-2\/#breadcrumb\"},\"inLanguage\":\"tr\",\"potentialAction\":[{\"@type\":\"ReadAction\",\"target\":[\"https:\/\/www.obezitecerrahiankara.com\/obezite\/tup-mide-ameliyati-2\/\"]}]},{\"@type\":\"BreadcrumbList\",\"@id\":\"https:\/\/www.obezitecerrahiankara.com\/obezite\/tup-mide-ameliyati-2\/#breadcrumb\",\"itemListElement\":[{\"@type\":\"ListItem\",\"position\":1,\"item\":{\"@type\":\"WebPage\",\"@id\":\"https:\/\/www.obezitecerrahiankara.com\/obezite\/\",\"url\":\"https:\/\/www.obezitecerrahiankara.com\/obezite\/\",\"name\":\"Home\"}},{\"@type\":\"ListItem\",\"position\":2,\"item\":{\"@type\":\"WebPage\",\"@id\":\"https:\/\/www.obezitecerrahiankara.com\/obezite\/tup-mide-ameliyati-2\/\",\"url\":\"https:\/\/www.obezitecerrahiankara.com\/obezite\/tup-mide-ameliyati-2\/\",\"name\":\"T\\u00fcp Mide Ameliyat\\u0131 (Sleeve Gastrektomi)\"}}]}]}<\/script>\n<!-- \/ Yoast SEO Premium plugin. -->","_links":{"self":[{"href":"https:\/\/www.obezitecerrahiankara.com\/obezite\/wp-json\/wp\/v2\/pages\/2345"}],"collection":[{"href":"https:\/\/www.obezitecerrahiankara.com\/obezite\/wp-json\/wp\/v2\/pages"}],"about":[{"href":"https:\/\/www.obezitecerrahiankara.com\/obezite\/wp-json\/wp\/v2\/types\/page"}],"author":[{"embeddable":true,"href":"https:\/\/www.obezitecerrahiankara.com\/obezite\/wp-json\/wp\/v2\/users\/1"}],"replies":[{"embeddable":true,"href":"https:\/\/www.obezitecerrahiankara.com\/obezite\/wp-json\/wp\/v2\/comments?post=2345"}],"version-history":[{"count":13,"href":"https:\/\/www.obezitecerrahiankara.com\/obezite\/wp-json\/wp\/v2\/pages\/2345\/revisions"}],"predecessor-version":[{"id":2846,"href":"https:\/\/www.obezitecerrahiankara.com\/obezite\/wp-json\/wp\/v2\/pages\/2345\/revisions\/2846"}],"wp:featuredmedia":[{"embeddable":true,"href":"https:\/\/www.obezitecerrahiankara.com\/obezite\/wp-json\/wp\/v2\/media\/2691"}],"wp:attachment":[{"href":"https:\/\/www.obezitecerrahiankara.com\/obezite\/wp-json\/wp\/v2\/media?parent=2345"}],"curies":[{"name":"wp","href":"https:\/\/api.w.org\/{rel}","templated":true}]}}