{"id":2359,"date":"2022-08-25T20:11:22","date_gmt":"2022-08-25T17:11:22","guid":{"rendered":"https:\/\/oktaybanli.com.tr\/?page_id=2359"},"modified":"2023-11-14T18:01:45","modified_gmt":"2023-11-14T15:01:45","slug":"mide-kucultme-ameliyati-gastrik-bypass","status":"publish","type":"page","link":"https:\/\/www.obezitecerrahiankara.com\/obezite\/mide-kucultme-ameliyati-gastrik-bypass\/","title":{"rendered":"Mide K\u00fc\u00e7\u00fcltme Ameliyat\u0131 (Gastrik Bypass)"},"content":{"rendered":"<section id=\"bt_section69dfebcb6621b\"  class=\"boldSection topSpaced bottomSpaced gutter inherit\" style=\"background-color:rgb(255,255,255);\"><div class=\"port\"><div class=\"boldCell\"><div class=\"boldCellInner\"><div class=\"boldRow  \" ><div class=\"boldRowInner\"><div class=\"rowItem col-md-12 col-ms-12  btTextLeft animate animate-fadein inherit btDoublePadding\"  ><div class=\"rowItemContent\" ><div class=\"btText\" ><h4 style=\"text-align: center;\">Mide K\u00fc\u00e7\u00fcltme Ameliyat\u0131<br \/>\nGastrik Bypass (Mide Bypass) Ameliyat\u0131<\/h4>\n<p>Mide k\u00fc\u00e7\u00fcltme ameliyat\u0131 (Gastrik Bypass (Mide Bypass)) ameliyatlar\u0131, <a href=\"https:\/\/oktaybanli.com.tr\/obezite-nedir-neden-tedavi-edilmelidir\/\">obezitenin<\/a> cerrahi tedavisinde en \u00e7ok uygulanan ameliyatlar\u0131n ba\u015f\u0131nda gelmektedir. Hem k\u0131s\u0131tlay\u0131c\u0131 hem emilim azalt\u0131c\u0131 giri\u015fimler olarak say\u0131lan y\u00f6ntemlerdir. Gastrik Bypass ameliyat\u0131n\u0131n en \u00e7ok uygulanan \u00e7e\u015fitleri Mini Gastrik Bypass ve ve Roux en Y Gastrik Bypass (RYGB) dir.<\/p>\n<h5 style=\"text-align: center;\">Mide K\u00fc\u00e7\u00fcltme Ameliyat\u0131 Nas\u0131l Yap\u0131l\u0131r<\/h5>\n<p>Mide hacmini k\u00fc\u00e7\u00fclterek hastan\u0131n alabilece\u011fi g\u0131da miktar\u0131n\u0131n azalt\u0131lmas\u0131 ve ince ba\u011f\u0131rsaktan g\u0131dan\u0131n kat etti\u011fi yolun yani emilim yolunun k\u0131salt\u0131lmas\u0131 \u00fczerine kurulan bir sistemdir. Yani hem k\u0131s\u0131tlay\u0131c\u0131 hem de emilim engelleyici bir ameliyatt\u0131r.<\/p>\n<h4 style=\"text-align: center;\">Roux en Y Gastrik Bypass (RYGB)<\/h4>\n<p>Bu y\u00f6ntem ile mide hacmi yakla\u015f\u0131k 15-30 cc.\u2019 ye kadar k\u00fc\u00e7\u00fclt\u00fclerek g\u0131da al\u0131m\u0131 azalt\u0131lmaktad\u0131r. Midenin b\u00fcy\u00fck b\u00f6l\u00fcm\u00fc, duedonum (12 parmak ba\u011f\u0131rsa\u011f\u0131) ve ince ba\u011f\u0131rsa\u011f\u0131n (jejenum) ba\u015flang\u0131\u00e7 k\u0131sm\u0131 devre d\u0131\u015f\u0131 (bypass) b\u0131rak\u0131ld\u0131\u011f\u0131ndan, yenilen g\u0131dalar\u0131n (\u00f6zellikle y\u00fcksek kalorili \u015fekerli besinlerin) emilimleri engellenmektedir.<\/p>\n<figure id=\"attachment_2014\" aria-describedby=\"caption-attachment-2014\" style=\"width: 320px\" class=\"wp-caption aligncenter\"><img loading=\"lazy\" class=\"wp-image-2014\" title=\"Mide K\u00fc\u00e7\u00fcltme Ameliyat\u0131 (Gastrik Bypass)\" src=\"http:\/\/oktaybanli.com.tr\/wp-content\/uploads\/2022\/08\/mide-kucultme-ameliyati-320x428.webp\" alt=\"Mide K\u00fc\u00e7\u00fcltme Ameliyat\u0131 (Gastrik Bypass)\" width=\"320\" height=\"428\" srcset=\"https:\/\/www.obezitecerrahiankara.com\/obezite\/wp-content\/uploads\/2022\/08\/mide-kucultme-ameliyati-320x428.webp 320w, https:\/\/www.obezitecerrahiankara.com\/obezite\/wp-content\/uploads\/2022\/08\/mide-kucultme-ameliyati.webp 421w\" sizes=\"(max-width: 320px) 100vw, 320px\" \/><figcaption id=\"caption-attachment-2014\" class=\"wp-caption-text\">Mide K\u00fc\u00e7\u00fcltme Ameliyat\u0131 (Gastrik Bypass)<\/figcaption><\/figure>\n<p>Normal bir sindirim yolunda, a\u011f\u0131zdan al\u0131nan g\u0131dalar yemek borusunu takiben mideye ula\u015ft\u0131\u011f\u0131nda, (<a href=\"https:\/\/oktaybanli.com.tr\/tibbi-terimler\/\">peristaltik<\/a>) hareketlerle mide \u00e7\u0131k\u0131\u015f\u0131na do\u011fru itilir ve kremsi k\u0131vama d\u00f6n\u00fc\u015fen g\u0131dalar buradan 12 parmak ba\u011f\u0131rsa\u011f\u0131na ge\u00e7er. 12 parmak barsa\u011f\u0131ndan itibaren ba\u011f\u0131rsak hareketiyle kal\u0131n ba\u011f\u0131rsa\u011fa do\u011fru sevkedilir. Roux en Y Gastrik Bypass (RYGB) ameliyat\u0131 tekni\u011finde; mide giri\u015finde 15-30 cc hacmi olan yeni bir mide kesesi olu\u015fturulur. Bu yeni po\u015f, eski midenin %5-10 k\u0131sm\u0131 kadar olan k\u00fc\u00e7\u00fck bir midedir. Yeni olu\u015fturulan bu mide po\u015funa gelen g\u0131dalar\u0131n ba\u011f\u0131rsaklara ge\u00e7i\u015fini sa\u011flamak i\u00e7in ince ba\u011f\u0131rsak belirli bir cm den kesilir. A\u015fa\u011f\u0131ya do\u011fru devam eden ucu yukar\u0131ya \u00e7ekilerek yeni mide po\u015funa ba\u011flan\u0131r. Eski mide pasif olarak kal\u0131r ve g\u0131dayla hi\u00e7 kar\u015f\u0131la\u015fmaz. Yeni mide po\u015funa gelen g\u0131dalar ise do\u011frudan ba\u011flant\u0131 yap\u0131lan ince ba\u011f\u0131rsa\u011fa ge\u00e7er. Di\u011fer taraftan bu ba\u011flant\u0131dan itibaren yakla\u015f\u0131k 100-150 cm mesafedeki ince barsak segmentine di\u011fer kesik u\u00e7 ba\u011flant\u0131s\u0131 yap\u0131larak i\u015flem tamamlan\u0131r.<\/p>\n<p>G\u0131da al\u0131m\u0131n\u0131 takiben, besinler yemek borusundan k\u00fc\u00e7\u00fck mideye gelirler ve daha sonra direkt olarak ince barsa\u011fa ge\u00e7erler (b\u00fcy\u00fck mide, duedonum ve jejenumun ilk k\u0131s\u0131m\u0131na u\u011framazlar). B\u00f6ylelikle g\u0131dalar\u0131n tamam\u0131 sindirim sisteminin emilimden sorumlu olan bu b\u00f6lgelerine u\u011framad\u0131\u011f\u0131ndan emilemeden direkt olarak ince barsa\u011fa ge\u00e7i\u015f yapm\u0131\u015f olur. Di\u011fer taraftan devre d\u0131\u015f\u0131 b\u0131rak\u0131lan b\u00f6lgelerden gelen seksresyonlar (mide s\u0131v\u0131s\u0131, karaci\u011fer safras\u0131, pankreas s\u0131v\u0131s\u0131 ve duedonum enzimleri) ince barsak ile ba\u011flant\u0131 yap\u0131lan yerden besinlere kar\u0131\u015farak ortak yola ge\u00e7i\u015f yapm\u0131\u015f olurlar.<\/p>\n<h5 style=\"text-align: center;\"><strong>Mini Gastrik Bypass Ameliyat\u0131<\/strong><\/h5>\n<p>Mide k\u00fc\u00e7\u00fcltme ameliyat\u0131n\u0131n kilo verme mekanizmas\u0131 RYGB ameliyat\u0131 gibidir ancak teknik olarak farkl\u0131d\u0131r. Mide giri\u015finde k\u00fc\u00e7\u00fck bir mide t\u00fcp\u00fc olu\u015fturularak ba\u015flan\u0131r ve bu k\u0131s\u0131m midenin kalan\u0131ndan tamamen ayr\u0131l\u0131r. Ancak ayr\u0131lan mide k\u0131sm\u0131 kesilip d\u0131\u015far\u0131 \u00e7\u0131kart\u0131lmaz. Midenin kalan b\u00fcy\u00fck k\u0131sm\u0131 at\u0131l olarak yerindedir ve gerekli salg\u0131lar\u0131n\u0131 \u00fcretmeye devam eder. Yeni olu\u015fturulan bu k\u00fc\u00e7\u00fck t\u00fcp mideye gelen g\u0131dalar\u0131n ba\u011f\u0131rsaklara ge\u00e7i\u015fini sa\u011flamak i\u00e7in incebarsa\u011f\u0131n ba\u015flang\u0131c\u0131ndan belli bir mesafe atlanarak ince barsa\u011f\u0131n ortas\u0131na yak\u0131n bir yerden mideye ba\u011flant\u0131 yap\u0131l\u0131r. Mide ve ba\u011f\u0131rsak \u00f6zel aletler yard\u0131m\u0131yla birbirine yap\u0131\u015ft\u0131r\u0131r ve arada g\u0131da ge\u00e7i\u015fine yarayacak bir bo\u015fluk olu\u015fturulur.<\/p>\n<figure id=\"attachment_2015\" aria-describedby=\"caption-attachment-2015\" style=\"width: 320px\" class=\"wp-caption aligncenter\"><img loading=\"lazy\" class=\"wp-image-2015\" title=\"Mini Gastrik Bypass Ameliyat\u0131\" src=\"http:\/\/oktaybanli.com.tr\/wp-content\/uploads\/2022\/08\/mide-kucultme-ameliyati-2-320x349.webp\" alt=\"Mini Gastrik Bypass Ameliyat\u0131\" width=\"320\" height=\"349\" srcset=\"https:\/\/www.obezitecerrahiankara.com\/obezite\/wp-content\/uploads\/2022\/08\/mide-kucultme-ameliyati-2-320x349.webp 320w, https:\/\/www.obezitecerrahiankara.com\/obezite\/wp-content\/uploads\/2022\/08\/mide-kucultme-ameliyati-2.webp 342w\" sizes=\"(max-width: 320px) 100vw, 320px\" \/><figcaption id=\"caption-attachment-2015\" class=\"wp-caption-text\">Mini Gastrik Bypass Ameliyat\u0131<\/figcaption><\/figure>\n<p>Mide k\u00fc\u00e7\u00fcltme ameliyat\u0131 \u00a0ile olu\u015fturulan yeni k\u00fc\u00e7\u00fck mide sayesinde yemek yeme miktar\u0131 azalt\u0131l\u0131r. Yeni mide ile ince ba\u011f\u0131rsak aras\u0131nda yap\u0131lan ba\u011flant\u0131 sayesinde de al\u0131nan g\u0131dalar, b\u00fcy\u00fck mide ve duedonuma u\u011framadan ileri seviyeden ince ba\u011f\u0131rsa\u011fa ge\u00e7i\u015f yaparlar, b\u00f6ylece al\u0131nan g\u0131dalar\u0131n emilimleri engellenir. Mini Gastrik Bypass ameliyat\u0131n\u0131n RNYG y\u00f6ntemine g\u00f6re en b\u00fcy\u00fck avantaj\u0131, cerrahi s\u00fcreyi k\u0131saltmas\u0131, daha ba\u015far\u0131l\u0131 kilo kay\u0131plar\u0131 ile birlikte yanda\u015f hastal\u0131k seyrinde \u00e7ok daha iyi d\u00fczelmelerin izlenmesi ve teknik olarak daha kolay uygulanabilir olmas\u0131d\u0131r.<\/p>\n<p><iframe loading=\"lazy\" title=\"GASTR\u0130K BYPASS (M\u0130DE BYPASS) NASIL B\u0130R AMEL\u0130YATTIR? K\u0130MLER TARAFINDAN TERC\u0130H ED\u0130L\u0130R?\" width=\"1200\" height=\"675\" src=\"https:\/\/www.youtube.com\/embed\/ov40SBbzA44?feature=oembed\" frameborder=\"0\" allow=\"accelerometer; autoplay; clipboard-write; encrypted-media; gyroscope; picture-in-picture; web-share\" allowfullscreen><\/iframe><\/p>\n<h5 style=\"text-align: center;\">Mide K\u00fc\u00e7\u00fcltme Ameliyat\u0131ndan Bekledi\u011fimiz Sonu\u00e7 ve Yanda\u015f Hastal\u0131klarla \u0130lgili S\u00fcre\u00e7ler<\/h5>\n<p>Mide k\u00fc\u00e7\u00fcltme ameliyat\u0131 sonras\u0131 ortalama 18-24 ay i\u00e7inde hastan\u0131n %65-80 oran\u0131nda kilo kaybetmesine yard\u0131mc\u0131 olur. Ayn\u0131 zamanda hastalar ameliyat sonras\u0131 yeni beslenme al\u0131\u015fkanl\u0131\u011f\u0131na ge\u00e7i\u015fte daha kolay uyum sa\u011flamaktad\u0131rlar. Tip2 \u015eeker Hastal\u0131\u011f\u0131nda %85 oran\u0131nda iyile\u015fme sa\u011flan\u0131r. Hastalar\u0131n kilo vermesiyle birlikte v\u00fccuttaki ya\u011f miktar\u0131n\u0131n azalmas\u0131 diyabet dengesinin sa\u011flanmas\u0131n\u0131 \u00e7ok kolayla\u015ft\u0131r\u0131r. Gastrik bypass ameliyat\u0131 sonras\u0131 baz\u0131 hormonal mekanizmalar\u0131n da devreye girmesiyle birlikte hasta taburcu olurken, bir hafta ya da 10 g\u00fcn i\u00e7erisinde bu hastalarda ins\u00fclin kullan\u0131m\u0131 kesilir, oral anti diyabetik ila\u00e7lar\u0131 almas\u0131na gerek kalmaz. Hiperlipidemi ve hipertansiyon hastalar\u0131nda % 75-85 oran\u0131nda iyile\u015fme sa\u011flan\u0131r. Kilo kayb\u0131 ile ki\u015finin tansiyonunu kontrol alt\u0131nda tutmas\u0131 kolayla\u015f\u0131r, ilaca gereksinimi azal\u0131r. Yine ameliyat \u00f6ncesi ciddi uyku apnesi ya\u015fayan hastalar, bu ameliyatlardan sonra uyku apnelerinden ve cihazlar\u0131ndan kurtulmakta, \u00e7ok dinlendirici ve \u00e7ok iyi bir uyku d\u00fczeni sayesinde uyku apnesi de %90-95 oran\u0131nda ortadan kalkar. Gastrik Bypass Ameliyatlar\u0131 G\u00fcvenli midir? Riski var m\u0131? Her ameliyat\u0131n bir komplikasyon oran\u0131 vard\u0131r. Ancak laparoskopik y\u00f6ntemle yap\u0131lan ameliyatlar d\u00fc\u015f\u00fck-orta risk grubunda say\u0131labilir. D\u00fcnya serilerinin verilerine bak\u0131ld\u0131\u011f\u0131nda komplikasyon g\u00f6r\u00fclme oran\u0131 %1 civar\u0131ndad\u0131r yani olduk\u00e7a d\u00fc\u015f\u00fckt\u00fcr. Temelde say\u0131labilecek 2 risk vard\u0131r. Kanama ve ka\u00e7aklar. Ancak zaman\u0131nda tan\u0131 konursa, tedavi edilebilir bir s\u00fcre\u00e7tir. Oran\u0131 \u00e7ok d\u00fc\u015f\u00fck olsa da say\u0131labilecek di\u011fer komplikasyonlar emboli, solunum problemleri ve organ yaralanmalar\u0131d\u0131r.<\/p>\n<h5 style=\"text-align: center;\">Ameliyattan Sonra Hastalar\u0131n Dikkat Etmesi Gereken Hususlar<\/h5>\n<p>Hastalar mide k\u00fc\u00e7\u00fcltme ameliyat\u0131 sonras\u0131 erken ve ge\u00e7 d\u00f6nem takiplerine kesinlikle devam etmedirler. Erken d\u00f6nem takibin amac\u0131; ge\u00e7irilen cerrahi operasyondan sonra bedenin kendini onarmas\u0131 ve sorunsuz bir \u015fekilde iyile\u015fmesini sa\u011flamakt\u0131r. Ge\u00e7 d\u00f6nem takibi ise; hastan\u0131n ya\u015fam al\u0131\u015fkanl\u0131klar\u0131n\u0131 de\u011fi\u015ftirip fazla kilolar\u0131n sa\u011fl\u0131kl\u0131 ve istikrarl\u0131 bir \u015fekilde verilmesini sa\u011flamak ve kilo problemini radikal bir \u015fekilde ortadan kald\u0131rmakt\u0131r.<\/p>\n<\/div><\/div><\/div><\/div><\/div><\/div><\/div><\/div><\/section>","protected":false},"excerpt":{"rendered":"","protected":false},"author":1,"featured_media":2691,"parent":0,"menu_order":0,"comment_status":"closed","ping_status":"closed","template":"","meta":[],"yoast_head":"<!-- This site is optimized with the Yoast SEO Premium plugin v16.1 - https:\/\/yoast.com\/wordpress\/plugins\/seo\/ -->\n<title>Mide K\u00fc\u00e7\u00fcltme Ameliyat\u0131 (Gastrik Bypass) | T\u00fcp Mide Ameliyat\u0131<\/title>\n<meta name=\"description\" content=\"Mide k\u00fc\u00e7\u00fcltme ameliyat\u0131 (Gastrik Bypass (Mide Bypass)) ameliyatlar\u0131, obezitenin cerrahi tedavisinde en \u00e7ok uygulanan ameliyatlar\u0131n ba\u015f\u0131nda...\" \/>\n<link rel=\"canonical\" href=\"https:\/\/www.obezitecerrahiankara.com\/obezite\/mide-kucultme-ameliyati-gastrik-bypass\/\" \/>\n<meta property=\"og:locale\" content=\"tr_TR\" \/>\n<meta property=\"og:type\" content=\"article\" \/>\n<meta property=\"og:title\" content=\"Mide K\u00fc\u00e7\u00fcltme Ameliyat\u0131 (Gastrik Bypass) | T\u00fcp Mide Ameliyat\u0131\" \/>\n<meta property=\"og:description\" content=\"Mide k\u00fc\u00e7\u00fcltme ameliyat\u0131 (Gastrik Bypass (Mide Bypass)) ameliyatlar\u0131, obezitenin cerrahi tedavisinde en \u00e7ok uygulanan ameliyatlar\u0131n ba\u015f\u0131nda...\" \/>\n<meta property=\"og:url\" content=\"https:\/\/www.obezitecerrahiankara.com\/obezite\/mide-kucultme-ameliyati-gastrik-bypass\/\" \/>\n<meta property=\"og:site_name\" content=\"T\u00fcp Mide Ameliyat\u0131\" \/>\n<meta property=\"article:publisher\" content=\"https:\/\/www.facebook.com\/DrOktayBanli\/\" \/>\n<meta property=\"article:modified_time\" content=\"2023-11-14T15:01:45+00:00\" \/>\n<meta name=\"twitter:card\" content=\"summary_large_image\" \/>\n<meta name=\"twitter:image\" content=\"https:\/\/www.obezitecerrahiankara.com\/obezite\/wp-content\/uploads\/2023\/10\/top2.webp\" \/>\n<meta name=\"twitter:label1\" content=\"Tahmini okuma s\u00fcresi\">\n\t<meta name=\"twitter:data1\" content=\"5 dakika\">\n<script type=\"application\/ld+json\" class=\"yoast-schema-graph\">{\"@context\":\"https:\/\/schema.org\",\"@graph\":[{\"@type\":\"Organization\",\"@id\":\"https:\/\/www.obezitecerrahiankara.com\/obezite\/#organization\",\"name\":\"Prof. D. Oktay BANLI\",\"url\":\"https:\/\/www.obezitecerrahiankara.com\/obezite\/\",\"sameAs\":[\"https:\/\/www.facebook.com\/DrOktayBanli\/\",\"https:\/\/www.instagram.com\/prof.dr.oktaybanli\/\",\"https:\/\/www.youtube.com\/channel\/UCMbJlYVnIneRr8FYnNg_XTQ\"],\"logo\":{\"@type\":\"ImageObject\",\"@id\":\"https:\/\/www.obezitecerrahiankara.com\/obezite\/#logo\",\"inLanguage\":\"tr\",\"url\":\"https:\/\/oktaybanli.com.tr\/wp-content\/uploads\/2022\/08\/oktay-banli-logo-03.webp\",\"contentUrl\":\"https:\/\/oktaybanli.com.tr\/wp-content\/uploads\/2022\/08\/oktay-banli-logo-03.webp\",\"width\":198,\"height\":88,\"caption\":\"Prof. D. Oktay BANLI\"},\"image\":{\"@id\":\"https:\/\/www.obezitecerrahiankara.com\/obezite\/#logo\"}},{\"@type\":\"WebSite\",\"@id\":\"https:\/\/www.obezitecerrahiankara.com\/obezite\/#website\",\"url\":\"https:\/\/www.obezitecerrahiankara.com\/obezite\/\",\"name\":\"T\\u00fcp Mide Ameliyat\\u0131\",\"description\":\"Obezite Cerrahisi\",\"publisher\":{\"@id\":\"https:\/\/www.obezitecerrahiankara.com\/obezite\/#organization\"},\"potentialAction\":[{\"@type\":\"SearchAction\",\"target\":\"https:\/\/www.obezitecerrahiankara.com\/obezite\/?s={search_term_string}\",\"query-input\":\"required name=search_term_string\"}],\"inLanguage\":\"tr\"},{\"@type\":\"ImageObject\",\"@id\":\"https:\/\/www.obezitecerrahiankara.com\/obezite\/mide-kucultme-ameliyati-gastrik-bypass\/#primaryimage\",\"inLanguage\":\"tr\",\"url\":\"https:\/\/www.obezitecerrahiankara.com\/obezite\/wp-content\/uploads\/2023\/10\/top2.webp\",\"contentUrl\":\"https:\/\/www.obezitecerrahiankara.com\/obezite\/wp-content\/uploads\/2023\/10\/top2.webp\",\"width\":2500,\"height\":1227},{\"@type\":\"WebPage\",\"@id\":\"https:\/\/www.obezitecerrahiankara.com\/obezite\/mide-kucultme-ameliyati-gastrik-bypass\/#webpage\",\"url\":\"https:\/\/www.obezitecerrahiankara.com\/obezite\/mide-kucultme-ameliyati-gastrik-bypass\/\",\"name\":\"Mide K\\u00fc\\u00e7\\u00fcltme Ameliyat\\u0131 (Gastrik Bypass) | T\\u00fcp Mide Ameliyat\\u0131\",\"isPartOf\":{\"@id\":\"https:\/\/www.obezitecerrahiankara.com\/obezite\/#website\"},\"primaryImageOfPage\":{\"@id\":\"https:\/\/www.obezitecerrahiankara.com\/obezite\/mide-kucultme-ameliyati-gastrik-bypass\/#primaryimage\"},\"datePublished\":\"2022-08-25T17:11:22+00:00\",\"dateModified\":\"2023-11-14T15:01:45+00:00\",\"description\":\"Mide k\\u00fc\\u00e7\\u00fcltme ameliyat\\u0131 (Gastrik Bypass (Mide Bypass)) ameliyatlar\\u0131, obezitenin cerrahi tedavisinde en \\u00e7ok uygulanan ameliyatlar\\u0131n ba\\u015f\\u0131nda...\",\"breadcrumb\":{\"@id\":\"https:\/\/www.obezitecerrahiankara.com\/obezite\/mide-kucultme-ameliyati-gastrik-bypass\/#breadcrumb\"},\"inLanguage\":\"tr\",\"potentialAction\":[{\"@type\":\"ReadAction\",\"target\":[\"https:\/\/www.obezitecerrahiankara.com\/obezite\/mide-kucultme-ameliyati-gastrik-bypass\/\"]}]},{\"@type\":\"BreadcrumbList\",\"@id\":\"https:\/\/www.obezitecerrahiankara.com\/obezite\/mide-kucultme-ameliyati-gastrik-bypass\/#breadcrumb\",\"itemListElement\":[{\"@type\":\"ListItem\",\"position\":1,\"item\":{\"@type\":\"WebPage\",\"@id\":\"https:\/\/www.obezitecerrahiankara.com\/obezite\/\",\"url\":\"https:\/\/www.obezitecerrahiankara.com\/obezite\/\",\"name\":\"Home\"}},{\"@type\":\"ListItem\",\"position\":2,\"item\":{\"@type\":\"WebPage\",\"@id\":\"https:\/\/www.obezitecerrahiankara.com\/obezite\/mide-kucultme-ameliyati-gastrik-bypass\/\",\"url\":\"https:\/\/www.obezitecerrahiankara.com\/obezite\/mide-kucultme-ameliyati-gastrik-bypass\/\",\"name\":\"Mide K\\u00fc\\u00e7\\u00fcltme Ameliyat\\u0131 (Gastrik Bypass)\"}}]}]}<\/script>\n<!-- \/ Yoast SEO Premium plugin. -->","_links":{"self":[{"href":"https:\/\/www.obezitecerrahiankara.com\/obezite\/wp-json\/wp\/v2\/pages\/2359"}],"collection":[{"href":"https:\/\/www.obezitecerrahiankara.com\/obezite\/wp-json\/wp\/v2\/pages"}],"about":[{"href":"https:\/\/www.obezitecerrahiankara.com\/obezite\/wp-json\/wp\/v2\/types\/page"}],"author":[{"embeddable":true,"href":"https:\/\/www.obezitecerrahiankara.com\/obezite\/wp-json\/wp\/v2\/users\/1"}],"replies":[{"embeddable":true,"href":"https:\/\/www.obezitecerrahiankara.com\/obezite\/wp-json\/wp\/v2\/comments?post=2359"}],"version-history":[{"count":3,"href":"https:\/\/www.obezitecerrahiankara.com\/obezite\/wp-json\/wp\/v2\/pages\/2359\/revisions"}],"predecessor-version":[{"id":2853,"href":"https:\/\/www.obezitecerrahiankara.com\/obezite\/wp-json\/wp\/v2\/pages\/2359\/revisions\/2853"}],"wp:featuredmedia":[{"embeddable":true,"href":"https:\/\/www.obezitecerrahiankara.com\/obezite\/wp-json\/wp\/v2\/media\/2691"}],"wp:attachment":[{"href":"https:\/\/www.obezitecerrahiankara.com\/obezite\/wp-json\/wp\/v2\/media?parent=2359"}],"curies":[{"name":"wp","href":"https:\/\/api.w.org\/{rel}","templated":true}]}}