{"id":2369,"date":"2022-08-25T20:25:28","date_gmt":"2022-08-25T17:25:28","guid":{"rendered":"https:\/\/oktaybanli.com.tr\/?page_id=2369"},"modified":"2023-11-14T18:26:48","modified_gmt":"2023-11-14T15:26:48","slug":"mide-balonu","status":"publish","type":"page","link":"https:\/\/www.obezitecerrahiankara.com\/obezite\/mide-balonu\/","title":{"rendered":"Mide Balonu"},"content":{"rendered":"<section id=\"bt_section69dfe4acb62e8\"  class=\"boldSection topSpaced bottomSpaced gutter inherit\" style=\"background-color:rgb(255,255,255);\"><div class=\"port\"><div class=\"boldCell\"><div class=\"boldCellInner\"><div class=\"boldRow  \" ><div class=\"boldRowInner\"><div class=\"rowItem col-md-12 col-ms-12  btTextLeft animate animate-fadein inherit btDoublePadding\"  ><div class=\"rowItemContent\" ><div class=\"btText\" ><h4 style=\"text-align: center;\">Mide Balonu<\/h4>\n<p>Mide Balonu (Gastric Balloon) Nedir? Kontroll\u00fc kilo kaybetme programlar\u0131 i\u00e7inde uygulamas\u0131 kolay olan Mide Balonu, \u00fclkemizde de <a href=\"https:\/\/oktaybanli.com.tr\/tibbi-terimler\/\">endoskopistler<\/a> taraf\u0131ndan g\u00fcvenle uygulanmaktad\u0131r.<\/p>\n<ul>\n<li>Mide Balonu uygulamas\u0131, <a href=\"https:\/\/oktaybanli.com.tr\/tibbi-terimler\/\">endoskopik<\/a> olarak yap\u0131lmaktad\u0131r.<\/li>\n<li>\u00d6zellikle ameliyat riski olan obez hastalarda uygulanmaktad\u0131r.<\/li>\n<li>Ameliyat \u00e7ekincesi olan obez ki\u015filere uygulanmaktad\u0131r.<\/li>\n<li>H\u0131zl\u0131 kilo kayb\u0131 gerektiren acil durumlarda uygulanmaktad\u0131r.<\/li>\n<li>Ge\u00e7ici \u015fi\u015fmanl\u0131k tedavisi gerektiren durumlarda uygulanmaktad\u0131r.<\/li>\n<li>S\u00fcper obez hastalar\u0131n obezite ameliyat\u0131 \u00f6ncesi, cerrahi riskleri azaltmak i\u00e7in uygun bir obezite tedavi y\u00f6ntemi olarak uygulanmaktad\u0131r.<\/li>\n<\/ul>\n<figure id=\"attachment_2025\" aria-describedby=\"caption-attachment-2025\" style=\"width: 752px\" class=\"wp-caption alignnone\"><img loading=\"lazy\" class=\"wp-image-2025\" src=\"http:\/\/oktaybanli.com.tr\/wp-content\/uploads\/2022\/08\/mide-balonu-2-320x152.webp\" alt=\"Mide Balonu\" width=\"752\" height=\"357\" srcset=\"https:\/\/www.obezitecerrahiankara.com\/obezite\/wp-content\/uploads\/2022\/08\/mide-balonu-2-320x152.webp 320w, https:\/\/www.obezitecerrahiankara.com\/obezite\/wp-content\/uploads\/2022\/08\/mide-balonu-2-540x257.webp 540w, https:\/\/www.obezitecerrahiankara.com\/obezite\/wp-content\/uploads\/2022\/08\/mide-balonu-2.webp 636w\" sizes=\"(max-width: 752px) 100vw, 752px\" \/><figcaption id=\"caption-attachment-2025\" class=\"wp-caption-text\">Mide Balonu<\/figcaption><\/figure>\n<h5 style=\"text-align: center;\">Mide Balonu Kimlere Uygulan\u0131r?<\/h5>\n<ul>\n<li><a href=\"https:\/\/oktaybanli.com.tr\/tibbi-terimler\/\">V\u00fccut kitle indeksi<\/a> 30-40 aras\u0131nda olan ve bu nedenle ciddi t\u0131bbi problemler geli\u015fme riski alt\u0131nda olan \u015fi\u015fman insanlarda uygulanmaktad\u0131r<\/li>\n<li>A\u015f\u0131r\u0131 kilo nedeniyle tedavi edilemeyen tip 2 \u015feker hastalar\u0131nda uygulanmaktad\u0131r<\/li>\n<li>VK\u0130 40 \u00fczerinde olan veya VK\u0130 35-40 aras\u0131nda olup birlikte ciddi t\u0131bbi problemleri bulundu\u011fu i\u00e7in zay\u0131flat\u0131c\u0131 cerrahi giri\u015fimi tolere edemeyecek hastalar veya bu \u00f6zelliklere sahip olduklar\u0131 halde cerrahi giri\u015fim uygulanmas\u0131n\u0131 istemeyen hastalarda uygulanmaktad\u0131r<\/li>\n<li>Herhangi bir nedenle cerrahi tedavi uygulanmas\u0131 gerekti\u011fi halde obezitenin olu\u015fturdu\u011fu cerrahi risk nedeniyle uygulanamayan ve v\u00fccut a\u011f\u0131rl\u0131\u011f\u0131n\u0131n cerrahi giri\u015fime uygun seviyeye indirilmesi gereken hastalarda uygulanmaktad\u0131r.<\/li>\n<li>\n<figure id=\"attachment_2028\" aria-describedby=\"caption-attachment-2028\" style=\"width: 753px\" class=\"wp-caption alignnone\"><img loading=\"lazy\" class=\" wp-image-2028\" src=\"http:\/\/oktaybanli.com.tr\/wp-content\/uploads\/2022\/08\/mide-balonu-320x213.webp\" alt=\"Mide Balonu\" width=\"753\" height=\"501\" srcset=\"https:\/\/www.obezitecerrahiankara.com\/obezite\/wp-content\/uploads\/2022\/08\/mide-balonu-320x213.webp 320w, https:\/\/www.obezitecerrahiankara.com\/obezite\/wp-content\/uploads\/2022\/08\/mide-balonu-540x359.webp 540w, https:\/\/www.obezitecerrahiankara.com\/obezite\/wp-content\/uploads\/2022\/08\/mide-balonu.webp 709w\" sizes=\"(max-width: 753px) 100vw, 753px\" \/><figcaption id=\"caption-attachment-2028\" class=\"wp-caption-text\">Mide Balonu<\/figcaption><\/figure>\n<h5 style=\"text-align: center;\"><strong>Mide Balonu Hakk\u0131nda<\/strong><\/h5>\n<\/li>\n<li>Obezitenin ge\u00e7ici tedavisinde kullan\u0131lmaktad\u0131r.<\/li>\n<li>Obeziteye ba\u011fl\u0131 yanda\u015f hastal\u0131klar\u0131n risklerini(Tip II diyabet-damar hastal\u0131klar\u0131-eklem hastal\u0131klar\u0131-vb.) \u00f6nemli \u00f6l\u00e7\u00fcde azaltmada hastaya maksimum fayda sa\u011flamaktad\u0131r.<\/li>\n<li>Kilo kayb\u0131na ve kaybedilen kilolar\u0131n korunmas\u0131na yard\u0131m etmektedir.<\/li>\n<li>Obezite cerrahisi \u00f6ncesi hastalar\u0131n zay\u0131flat\u0131lmas\u0131 ile cerrahi risklerin azalt\u0131lmas\u0131na yard\u0131mc\u0131 olmaktad\u0131r.<\/li>\n<li>Obezite ameliyat\u0131 sonras\u0131 tekrar kilo almaya ba\u015flayan hastalar\u0131n modifiye diyet program\u0131 ile\u00a0 kilo kayb\u0131n\u0131n devam\u0131n\u0131 sa\u011flamaya yard\u0131mc\u0131 olmaktad\u0131r.<\/li>\n<li>Diyet, spor ve ila\u00e7 tedavisinden sonu\u00e7 alamam\u0131\u015f, 5 y\u0131ld\u0131r obez ki\u015filerin tedavisinde kullan\u0131lmaktad\u0131r.<\/li>\n<li>Endoskopik olarak yerle\u015ftirilip, endoskopik olarak tekrar \u00e7\u0131kar\u0131lmaktad\u0131r.<\/li>\n<li>Endoskopik olarak mide i\u00e7ine yerle\u015ftirilen BIB Sistem, 500-700 cc serum fizyolojik ile doldurulmaktad\u0131r. \u015ei\u015fman ki\u015finin g\u0131da al\u0131m\u0131n\u0131, diyet yard\u0131m\u0131 ile azaltarak kilo kaybetmesini sa\u011flamaktad\u0131r.<\/li>\n<li>Mide i\u00e7inde 6 ay kalmaktad\u0131r. 6 ay\u2019dan daha fazla b\u0131rak\u0131lmamal\u0131d\u0131r.<\/li>\n<li>Mutlaka endoskopi deneyimi olan cerrah ve gastroenterologlar taraf\u0131ndan uygulanmal\u0131 ve hastan\u0131n takibi dikkatle yap\u0131lmal\u0131d\u0131r.<\/li>\n<li>6 ay i\u00e7inde \u015fi\u015fman ki\u015finin %20-25 civar\u0131nda kilo kaybetmesi sa\u011flanmaktad\u0131r.<\/li>\n<li>Mide balonu \u00e7\u0131kar\u0131ld\u0131ktan sonra, yumu\u015fak bir diyet program\u0131 ile bir y\u0131l boyunca kay\u0131p kilolar\u0131n korunmas\u0131 sa\u011flanmal\u0131d\u0131r.<\/li>\n<li>Mide balonu uygulanacak hastalar\u0131n iyi beklenti i\u00e7inde, uyumlu kimseler olmas\u0131, tedavinin ba\u015far\u0131l\u0131 olmas\u0131 bak\u0131m\u0131ndan \u00f6nemli bir ko\u015fuldur.<\/li>\n<\/ul>\n<h5 style=\"text-align: center;\"><strong>Mide Balonunun Uygulanmamas\u0131 Gereken Durumlar<\/strong><\/h5>\n<ul>\n<li>Alkolikler ve uyu\u015fturucu ba\u011f\u0131ml\u0131s\u0131 obezlere mide balonu uygulanmamal\u0131d\u0131r..<\/li>\n<li>Mental bozuklu\u011fu olanlara (psikiyatrist g\u00f6zetiminde 3 ay) mide balonu uygulanmamal\u0131d\u0131r..<\/li>\n<li>NISAID, Antikoag\u00fclan ve sistemik kortikosteroid kullananlara mide balonu uygulanmamal\u0131d\u0131r..<\/li>\n<li>Ge\u00e7irilmi\u015f laparatomili hastalara mide balonu uygulanmamal\u0131d\u0131r..<\/li>\n<li>Ge\u00e7irilmi\u015f maj\u00f6r laparaskopik ameliyatl\u0131 hastalara mide balonu uygulanmamal\u0131d\u0131r..<\/li>\n<li>Enfeksiy\u00f6z ba\u011f\u0131rsak hastal\u0131\u011f\u0131 olanlara mide balonu uygulanmamal\u0131d\u0131r..<\/li>\n<li>\u00d6zofajitis, \u00fclser gibi gastro intestinal sorunlar\u0131 olan hastalara mide balonu uygulanmamal\u0131d\u0131r..<\/li>\n<li>BMI kriterlerine uygun olmayan hastalara mide balonu uygulanmamal\u0131d\u0131r..<\/li>\n<\/ul>\n<p><iframe loading=\"lazy\" title=\"Prof.Dr. Oktay Banl\u0131 - Mide Balonu Nedir? Nas\u0131l Uygulan\u0131r?\" width=\"1200\" height=\"675\" src=\"https:\/\/www.youtube.com\/embed\/LAlwUntT3h4?feature=oembed\" frameborder=\"0\" allow=\"accelerometer; autoplay; clipboard-write; encrypted-media; gyroscope; picture-in-picture; web-share\" allowfullscreen><\/iframe><\/p>\n<\/div><\/div><\/div><\/div><\/div><\/div><\/div><\/div><\/section>","protected":false},"excerpt":{"rendered":"","protected":false},"author":1,"featured_media":2691,"parent":0,"menu_order":0,"comment_status":"closed","ping_status":"closed","template":"","meta":[],"yoast_head":"<!-- This site is optimized with the Yoast SEO Premium plugin v16.1 - https:\/\/yoast.com\/wordpress\/plugins\/seo\/ -->\n<title>Mide Balonu | T\u00fcp Mide Ameliyat\u0131<\/title>\n<meta name=\"description\" content=\"Mide Balonu (Gastric Balloon) Nedir? Kontroll\u00fc kilo kaybetme programlar\u0131 i\u00e7inde uygulamas\u0131 kolay olan Mide Balonu \u00fclkemizde de endoskopist...\" \/>\n<link rel=\"canonical\" href=\"https:\/\/www.obezitecerrahiankara.com\/obezite\/mide-balonu\/\" \/>\n<meta property=\"og:locale\" content=\"tr_TR\" \/>\n<meta property=\"og:type\" content=\"article\" \/>\n<meta property=\"og:title\" content=\"Mide Balonu | T\u00fcp Mide Ameliyat\u0131\" \/>\n<meta property=\"og:description\" content=\"Mide Balonu (Gastric Balloon) Nedir? Kontroll\u00fc kilo kaybetme programlar\u0131 i\u00e7inde uygulamas\u0131 kolay olan Mide Balonu \u00fclkemizde de endoskopist...\" \/>\n<meta property=\"og:url\" content=\"https:\/\/www.obezitecerrahiankara.com\/obezite\/mide-balonu\/\" \/>\n<meta property=\"og:site_name\" content=\"T\u00fcp Mide Ameliyat\u0131\" \/>\n<meta property=\"article:publisher\" content=\"https:\/\/www.facebook.com\/DrOktayBanli\/\" \/>\n<meta property=\"article:modified_time\" content=\"2023-11-14T15:26:48+00:00\" \/>\n<meta name=\"twitter:card\" content=\"summary_large_image\" \/>\n<meta name=\"twitter:image\" content=\"https:\/\/www.obezitecerrahiankara.com\/obezite\/wp-content\/uploads\/2023\/10\/top2.webp\" \/>\n<meta name=\"twitter:label1\" content=\"Tahmini okuma s\u00fcresi\">\n\t<meta name=\"twitter:data1\" content=\"5 dakika\">\n<script type=\"application\/ld+json\" class=\"yoast-schema-graph\">{\"@context\":\"https:\/\/schema.org\",\"@graph\":[{\"@type\":\"Organization\",\"@id\":\"https:\/\/www.obezitecerrahiankara.com\/obezite\/#organization\",\"name\":\"Prof. D. Oktay BANLI\",\"url\":\"https:\/\/www.obezitecerrahiankara.com\/obezite\/\",\"sameAs\":[\"https:\/\/www.facebook.com\/DrOktayBanli\/\",\"https:\/\/www.instagram.com\/prof.dr.oktaybanli\/\",\"https:\/\/www.youtube.com\/channel\/UCMbJlYVnIneRr8FYnNg_XTQ\"],\"logo\":{\"@type\":\"ImageObject\",\"@id\":\"https:\/\/www.obezitecerrahiankara.com\/obezite\/#logo\",\"inLanguage\":\"tr\",\"url\":\"https:\/\/oktaybanli.com.tr\/wp-content\/uploads\/2022\/08\/oktay-banli-logo-03.webp\",\"contentUrl\":\"https:\/\/oktaybanli.com.tr\/wp-content\/uploads\/2022\/08\/oktay-banli-logo-03.webp\",\"width\":198,\"height\":88,\"caption\":\"Prof. D. Oktay BANLI\"},\"image\":{\"@id\":\"https:\/\/www.obezitecerrahiankara.com\/obezite\/#logo\"}},{\"@type\":\"WebSite\",\"@id\":\"https:\/\/www.obezitecerrahiankara.com\/obezite\/#website\",\"url\":\"https:\/\/www.obezitecerrahiankara.com\/obezite\/\",\"name\":\"T\\u00fcp Mide Ameliyat\\u0131\",\"description\":\"Obezite Cerrahisi\",\"publisher\":{\"@id\":\"https:\/\/www.obezitecerrahiankara.com\/obezite\/#organization\"},\"potentialAction\":[{\"@type\":\"SearchAction\",\"target\":\"https:\/\/www.obezitecerrahiankara.com\/obezite\/?s={search_term_string}\",\"query-input\":\"required name=search_term_string\"}],\"inLanguage\":\"tr\"},{\"@type\":\"ImageObject\",\"@id\":\"https:\/\/www.obezitecerrahiankara.com\/obezite\/mide-balonu\/#primaryimage\",\"inLanguage\":\"tr\",\"url\":\"https:\/\/www.obezitecerrahiankara.com\/obezite\/wp-content\/uploads\/2023\/10\/top2.webp\",\"contentUrl\":\"https:\/\/www.obezitecerrahiankara.com\/obezite\/wp-content\/uploads\/2023\/10\/top2.webp\",\"width\":2500,\"height\":1227},{\"@type\":\"WebPage\",\"@id\":\"https:\/\/www.obezitecerrahiankara.com\/obezite\/mide-balonu\/#webpage\",\"url\":\"https:\/\/www.obezitecerrahiankara.com\/obezite\/mide-balonu\/\",\"name\":\"Mide Balonu | T\\u00fcp Mide Ameliyat\\u0131\",\"isPartOf\":{\"@id\":\"https:\/\/www.obezitecerrahiankara.com\/obezite\/#website\"},\"primaryImageOfPage\":{\"@id\":\"https:\/\/www.obezitecerrahiankara.com\/obezite\/mide-balonu\/#primaryimage\"},\"datePublished\":\"2022-08-25T17:25:28+00:00\",\"dateModified\":\"2023-11-14T15:26:48+00:00\",\"description\":\"Mide Balonu (Gastric Balloon) Nedir? Kontroll\\u00fc kilo kaybetme programlar\\u0131 i\\u00e7inde uygulamas\\u0131 kolay olan Mide Balonu \\u00fclkemizde de endoskopist...\",\"breadcrumb\":{\"@id\":\"https:\/\/www.obezitecerrahiankara.com\/obezite\/mide-balonu\/#breadcrumb\"},\"inLanguage\":\"tr\",\"potentialAction\":[{\"@type\":\"ReadAction\",\"target\":[\"https:\/\/www.obezitecerrahiankara.com\/obezite\/mide-balonu\/\"]}]},{\"@type\":\"BreadcrumbList\",\"@id\":\"https:\/\/www.obezitecerrahiankara.com\/obezite\/mide-balonu\/#breadcrumb\",\"itemListElement\":[{\"@type\":\"ListItem\",\"position\":1,\"item\":{\"@type\":\"WebPage\",\"@id\":\"https:\/\/www.obezitecerrahiankara.com\/obezite\/\",\"url\":\"https:\/\/www.obezitecerrahiankara.com\/obezite\/\",\"name\":\"Home\"}},{\"@type\":\"ListItem\",\"position\":2,\"item\":{\"@type\":\"WebPage\",\"@id\":\"https:\/\/www.obezitecerrahiankara.com\/obezite\/mide-balonu\/\",\"url\":\"https:\/\/www.obezitecerrahiankara.com\/obezite\/mide-balonu\/\",\"name\":\"Mide Balonu\"}}]}]}<\/script>\n<!-- \/ Yoast SEO Premium plugin. -->","_links":{"self":[{"href":"https:\/\/www.obezitecerrahiankara.com\/obezite\/wp-json\/wp\/v2\/pages\/2369"}],"collection":[{"href":"https:\/\/www.obezitecerrahiankara.com\/obezite\/wp-json\/wp\/v2\/pages"}],"about":[{"href":"https:\/\/www.obezitecerrahiankara.com\/obezite\/wp-json\/wp\/v2\/types\/page"}],"author":[{"embeddable":true,"href":"https:\/\/www.obezitecerrahiankara.com\/obezite\/wp-json\/wp\/v2\/users\/1"}],"replies":[{"embeddable":true,"href":"https:\/\/www.obezitecerrahiankara.com\/obezite\/wp-json\/wp\/v2\/comments?post=2369"}],"version-history":[{"count":2,"href":"https:\/\/www.obezitecerrahiankara.com\/obezite\/wp-json\/wp\/v2\/pages\/2369\/revisions"}],"predecessor-version":[{"id":2871,"href":"https:\/\/www.obezitecerrahiankara.com\/obezite\/wp-json\/wp\/v2\/pages\/2369\/revisions\/2871"}],"wp:featuredmedia":[{"embeddable":true,"href":"https:\/\/www.obezitecerrahiankara.com\/obezite\/wp-json\/wp\/v2\/media\/2691"}],"wp:attachment":[{"href":"https:\/\/www.obezitecerrahiankara.com\/obezite\/wp-json\/wp\/v2\/media?parent=2369"}],"curies":[{"name":"wp","href":"https:\/\/api.w.org\/{rel}","templated":true}]}}