{"id":2392,"date":"2022-08-25T20:54:32","date_gmt":"2022-08-25T17:54:32","guid":{"rendered":"https:\/\/oktaybanli.com.tr\/?page_id=2392"},"modified":"2023-11-14T20:13:18","modified_gmt":"2023-11-14T17:13:18","slug":"obezite-ameliyatlarindan-hangisi-bana-uygun","status":"publish","type":"page","link":"https:\/\/www.obezitecerrahiankara.com\/obezite\/obezite-ameliyatlarindan-hangisi-bana-uygun\/","title":{"rendered":"Obezite Ameliyatlar\u0131ndan Hangisi Bana Uygun?"},"content":{"rendered":"<section id=\"bt_section69dffba805de8\"  class=\"boldSection topSpaced bottomSpaced gutter inherit\" style=\"background-color:rgb(255,255,255);\"><div class=\"port\"><div class=\"boldCell\"><div class=\"boldCellInner\"><div class=\"boldRow  \" ><div class=\"boldRowInner\"><div class=\"rowItem col-md-12 col-ms-12  btTextLeft animate animate-fadein inherit btDoublePadding\"  ><div class=\"rowItemContent\" ><div class=\"btText\" ><h5 style=\"text-align: center;\">Obezite Ameliyatlar\u0131ndan Hangisi Bana Uygun?<\/h5>\n<p>Obezite ameliyatlar\u0131ndan hangisi bana uygun? Obezite cerrahisinin \u00f6nemli sorular\u0131ndan birisidir. Birinci kriter \u00f6ncelikle hastan\u0131n beslenme al\u0131\u015fkanl\u0131klar\u0131n\u0131n \u00e7ok iyi sorgulanmas\u0131 gerekmekte. \u00d6zellikle kalori ba\u011f\u0131ml\u0131l\u0131\u011f\u0131 olup olmad\u0131\u011f\u0131 ortaya konulmal\u0131d\u0131r. Kalori ba\u011f\u0131ml\u0131l\u0131\u011f\u0131 a\u015f\u0131r\u0131 miktarda \u00e7ikolata, dondurma, kola gibi y\u00fcksek kalorili y\u00fcksek g\u0131dalar\u0131n a\u015f\u0131r\u0131 t\u00fcketilip t\u00fcketilmedi\u011fi belirlenmekte.<\/p>\n<p>\u0130kinci kriter hastan\u0131n <a href=\"https:\/\/oktaybanli.com.tr\/tibbi-terimler\">yanda\u015f hastal\u0131klar\u0131n\u0131n<\/a> saptanmas\u0131d\u0131r. \u00d6rne\u011fin diyabeti var m\u0131, <a href=\"https:\/\/oktaybanli.com.tr\/tibbi-terimler\">diyabeti<\/a> ne zamand\u0131r var ve diyabet d\u00fczenlemesi nas\u0131ld\u0131r, <a href=\"https:\/\/oktaybanli.com.tr\/tibbi-terimler\">ins\u00fclin<\/a> kullanmas\u0131na ra\u011fmen d\u00fczelmiyor mu, <a href=\"https:\/\/oktaybanli.com.tr\/tibbi-terimler\">hemoglobin A1C<\/a>&#8216;si normal mi de\u011fil mi? Hastan\u0131n kolesterol profili, lipit profili mutlaka g\u00f6zden ge\u00e7irilmeli. Ortaya \u00e7\u0131kan sonu\u00e7lar do\u011frultusunda hastaya uygun olan ameliyat \u00f6nerilmeli. (Obezite ameliyatlar\u0131ndan hangisi bana uygun)<\/p>\n<figure id=\"attachment_1914\" aria-describedby=\"caption-attachment-1914\" style=\"width: 774px\" class=\"wp-caption aligncenter\"><img loading=\"lazy\" class=\" wp-image-1914\" src=\"http:\/\/oktaybanli.com.tr\/wp-content\/uploads\/2022\/08\/obezite-ameliyatlarindan-hangisi-bana-uygun-320x207.webp\" alt=\"Obezite Ameliyatlar\u0131ndan Hangisi Bana Uygun\" width=\"774\" height=\"501\" srcset=\"https:\/\/www.obezitecerrahiankara.com\/obezite\/wp-content\/uploads\/2022\/08\/obezite-ameliyatlarindan-hangisi-bana-uygun-320x207.webp 320w, https:\/\/www.obezitecerrahiankara.com\/obezite\/wp-content\/uploads\/2022\/08\/obezite-ameliyatlarindan-hangisi-bana-uygun-768x496.webp 768w, https:\/\/www.obezitecerrahiankara.com\/obezite\/wp-content\/uploads\/2022\/08\/obezite-ameliyatlarindan-hangisi-bana-uygun-540x349.webp 540w, https:\/\/www.obezitecerrahiankara.com\/obezite\/wp-content\/uploads\/2022\/08\/obezite-ameliyatlarindan-hangisi-bana-uygun.webp 850w\" sizes=\"(max-width: 774px) 100vw, 774px\" \/><figcaption id=\"caption-attachment-1914\" class=\"wp-caption-text\">Obezite Ameliyatlar\u0131ndan Hangisi Bana Uygun?<\/figcaption><\/figure>\n<p>Toplumumuzda karbonhidrat a\u011f\u0131rl\u0131kl\u0131 yani ekmek, tuzlu yemek, b\u00f6rek, \u00e7\u00f6rek hamur i\u015fleri a\u015f\u0131r\u0131 t\u00fcketilmekte. Ya\u015f\u0131 gen\u00e7, karbonhidrat a\u011f\u0131rl\u0131kl\u0131, b\u00fcy\u00fck porsiyonlarda beslenen ve diyabeti olmayan hastalarda ilk tercih t\u00fcp mide ameliyat\u0131d\u0131r. Diyabeti ve kitle endeksi y\u00fcksek olan ileri ya\u015f hastalarda <a href=\"https:\/\/oktaybanli.com.tr\/tup-mide-ameliyati-sleeve-gastrektomi\/\">gastrik bypass<\/a> ameliyat\u0131 \u00f6nerilmelidir. Fakat bu kesin bir kural de\u011fildir. Bu kriterler genel tercih sebepleridir. Bu kriterler yanda\u015f hastal\u0131klar, beslenme al\u0131\u015fkanl\u0131klar\u0131, kal\u0131tsal yatk\u0131nl\u0131klar, yanda\u015f hastal\u0131klar\u0131n\u0131n tedavi cevaplar\u0131 her hasta i\u00e7in tek tek de\u011ferlendirmeli, her hasta i\u00e7in ameliyat se\u00e7enekleri kar\u015f\u0131l\u0131kl\u0131 konu\u015fularak do\u011fru obezite tedavisine karar verilmelidir. Do\u011fru hastaya do\u011fru ameliyat\u0131 yap\u0131ld\u0131\u011f\u0131nda obezite cerrahisinin sonu\u00e7lar\u0131 \u00e7ok ba\u015far\u0131l\u0131 olmaktad\u0131r.<\/p>\n<p><iframe loading=\"lazy\" title=\"Prof.Dr.Oktay Banl\u0131 - Obezite Ameliyat\u0131 Y\u00f6ntemlerinden Hangisi Bana Uygundur?\" width=\"1200\" height=\"675\" src=\"https:\/\/www.youtube.com\/embed\/-8C_sif195c?feature=oembed\" frameborder=\"0\" allow=\"accelerometer; autoplay; clipboard-write; encrypted-media; gyroscope; picture-in-picture; web-share\" allowfullscreen><\/iframe><\/p>\n<p style=\"text-align: center;\">Obezite ameliyatlar\u0131ndan hangisi bana uygun<\/p>\n<p>Obezite ameliyatlar\u0131ndan hangisi bana uygun? Mesela a\u015f\u0131r\u0131 miktarda kola, \u00e7ikolata t\u00fcketen bir hastaya t\u00fcp mide ameliyat\u0131 yap\u0131l\u0131rsa ve hasta k\u00f6t\u00fc beslenme al\u0131\u015fkanl\u0131klar\u0131n\u0131 devam ettirirse t\u00fcp mide ameliyat\u0131 ba\u015far\u0131s\u0131z olabilir. S\u00f6z konusu kriterleri \u00e7ok iyi de\u011ferlendirmek ve \u00e7ok iyi analiz etmek gerekmektedir. Do\u011fru tedavi i\u00e7in hasta \u00f6n g\u00f6r\u00fc\u015fmede ya\u015fam tarz\u0131n\u0131, beslenme al\u0131\u015fkanl\u0131klar\u0131n\u0131, yanda\u015f hastal\u0131klar\u0131n\u0131 iyi \u00f6zetlemelidir. Ameliyat se\u00e7enekleri bu bilgiler \u0131\u015f\u0131\u011f\u0131nda belirlenip hangisinin uygun oldu\u011funa karar verilir. Ameliyat\u0131n ba\u015far\u0131s\u0131 do\u011fru hastaya do\u011fru ameliyat\u0131 yapmaktan ge\u00e7er.<\/p>\n<\/div><\/div><\/div><\/div><\/div><\/div><\/div><\/div><\/section>","protected":false},"excerpt":{"rendered":"","protected":false},"author":1,"featured_media":2691,"parent":0,"menu_order":0,"comment_status":"closed","ping_status":"closed","template":"","meta":[],"yoast_head":"<!-- This site is optimized with the Yoast SEO Premium plugin v16.1 - https:\/\/yoast.com\/wordpress\/plugins\/seo\/ -->\n<title>Obezite Ameliyatlar\u0131ndan Hangisi Bana Uygun? | T\u00fcp Mide Ameliyat\u0131<\/title>\n<meta name=\"description\" content=\"Obezite ameliyatlar\u0131ndan hangisi bana uygun Birinci kriter \u00f6ncelikle hastan\u0131n beslenme al\u0131\u015fkanl\u0131klar\u0131n\u0131n \u00e7ok iyi sorgulanmas\u0131 gerekmekte...\" \/>\n<link rel=\"canonical\" href=\"https:\/\/www.obezitecerrahiankara.com\/obezite\/obezite-ameliyatlarindan-hangisi-bana-uygun\/\" \/>\n<meta property=\"og:locale\" content=\"tr_TR\" \/>\n<meta property=\"og:type\" content=\"article\" \/>\n<meta property=\"og:title\" content=\"Obezite Ameliyatlar\u0131ndan Hangisi Bana Uygun? | T\u00fcp Mide Ameliyat\u0131\" \/>\n<meta property=\"og:description\" content=\"Obezite ameliyatlar\u0131ndan hangisi bana uygun Birinci kriter \u00f6ncelikle hastan\u0131n beslenme al\u0131\u015fkanl\u0131klar\u0131n\u0131n \u00e7ok iyi sorgulanmas\u0131 gerekmekte...\" \/>\n<meta property=\"og:url\" content=\"https:\/\/www.obezitecerrahiankara.com\/obezite\/obezite-ameliyatlarindan-hangisi-bana-uygun\/\" \/>\n<meta property=\"og:site_name\" content=\"T\u00fcp Mide Ameliyat\u0131\" \/>\n<meta property=\"article:publisher\" content=\"https:\/\/www.facebook.com\/DrOktayBanli\/\" \/>\n<meta property=\"article:modified_time\" content=\"2023-11-14T17:13:18+00:00\" \/>\n<meta name=\"twitter:card\" content=\"summary_large_image\" \/>\n<meta name=\"twitter:image\" content=\"https:\/\/www.obezitecerrahiankara.com\/obezite\/wp-content\/uploads\/2023\/10\/top2.webp\" \/>\n<meta name=\"twitter:label1\" content=\"Tahmini okuma s\u00fcresi\">\n\t<meta name=\"twitter:data1\" content=\"5 dakika\">\n<script type=\"application\/ld+json\" class=\"yoast-schema-graph\">{\"@context\":\"https:\/\/schema.org\",\"@graph\":[{\"@type\":\"Organization\",\"@id\":\"https:\/\/www.obezitecerrahiankara.com\/obezite\/#organization\",\"name\":\"Prof. D. Oktay BANLI\",\"url\":\"https:\/\/www.obezitecerrahiankara.com\/obezite\/\",\"sameAs\":[\"https:\/\/www.facebook.com\/DrOktayBanli\/\",\"https:\/\/www.instagram.com\/prof.dr.oktaybanli\/\",\"https:\/\/www.youtube.com\/channel\/UCMbJlYVnIneRr8FYnNg_XTQ\"],\"logo\":{\"@type\":\"ImageObject\",\"@id\":\"https:\/\/www.obezitecerrahiankara.com\/obezite\/#logo\",\"inLanguage\":\"tr\",\"url\":\"https:\/\/oktaybanli.com.tr\/wp-content\/uploads\/2022\/08\/oktay-banli-logo-03.webp\",\"contentUrl\":\"https:\/\/oktaybanli.com.tr\/wp-content\/uploads\/2022\/08\/oktay-banli-logo-03.webp\",\"width\":198,\"height\":88,\"caption\":\"Prof. D. Oktay BANLI\"},\"image\":{\"@id\":\"https:\/\/www.obezitecerrahiankara.com\/obezite\/#logo\"}},{\"@type\":\"WebSite\",\"@id\":\"https:\/\/www.obezitecerrahiankara.com\/obezite\/#website\",\"url\":\"https:\/\/www.obezitecerrahiankara.com\/obezite\/\",\"name\":\"T\\u00fcp Mide Ameliyat\\u0131\",\"description\":\"Obezite Cerrahisi\",\"publisher\":{\"@id\":\"https:\/\/www.obezitecerrahiankara.com\/obezite\/#organization\"},\"potentialAction\":[{\"@type\":\"SearchAction\",\"target\":\"https:\/\/www.obezitecerrahiankara.com\/obezite\/?s={search_term_string}\",\"query-input\":\"required name=search_term_string\"}],\"inLanguage\":\"tr\"},{\"@type\":\"ImageObject\",\"@id\":\"https:\/\/www.obezitecerrahiankara.com\/obezite\/obezite-ameliyatlarindan-hangisi-bana-uygun\/#primaryimage\",\"inLanguage\":\"tr\",\"url\":\"https:\/\/www.obezitecerrahiankara.com\/obezite\/wp-content\/uploads\/2023\/10\/top2.webp\",\"contentUrl\":\"https:\/\/www.obezitecerrahiankara.com\/obezite\/wp-content\/uploads\/2023\/10\/top2.webp\",\"width\":2500,\"height\":1227},{\"@type\":\"WebPage\",\"@id\":\"https:\/\/www.obezitecerrahiankara.com\/obezite\/obezite-ameliyatlarindan-hangisi-bana-uygun\/#webpage\",\"url\":\"https:\/\/www.obezitecerrahiankara.com\/obezite\/obezite-ameliyatlarindan-hangisi-bana-uygun\/\",\"name\":\"Obezite Ameliyatlar\\u0131ndan Hangisi Bana Uygun? | T\\u00fcp Mide Ameliyat\\u0131\",\"isPartOf\":{\"@id\":\"https:\/\/www.obezitecerrahiankara.com\/obezite\/#website\"},\"primaryImageOfPage\":{\"@id\":\"https:\/\/www.obezitecerrahiankara.com\/obezite\/obezite-ameliyatlarindan-hangisi-bana-uygun\/#primaryimage\"},\"datePublished\":\"2022-08-25T17:54:32+00:00\",\"dateModified\":\"2023-11-14T17:13:18+00:00\",\"description\":\"Obezite ameliyatlar\\u0131ndan hangisi bana uygun Birinci kriter \\u00f6ncelikle hastan\\u0131n beslenme al\\u0131\\u015fkanl\\u0131klar\\u0131n\\u0131n \\u00e7ok iyi sorgulanmas\\u0131 gerekmekte...\",\"breadcrumb\":{\"@id\":\"https:\/\/www.obezitecerrahiankara.com\/obezite\/obezite-ameliyatlarindan-hangisi-bana-uygun\/#breadcrumb\"},\"inLanguage\":\"tr\",\"potentialAction\":[{\"@type\":\"ReadAction\",\"target\":[\"https:\/\/www.obezitecerrahiankara.com\/obezite\/obezite-ameliyatlarindan-hangisi-bana-uygun\/\"]}]},{\"@type\":\"BreadcrumbList\",\"@id\":\"https:\/\/www.obezitecerrahiankara.com\/obezite\/obezite-ameliyatlarindan-hangisi-bana-uygun\/#breadcrumb\",\"itemListElement\":[{\"@type\":\"ListItem\",\"position\":1,\"item\":{\"@type\":\"WebPage\",\"@id\":\"https:\/\/www.obezitecerrahiankara.com\/obezite\/\",\"url\":\"https:\/\/www.obezitecerrahiankara.com\/obezite\/\",\"name\":\"Home\"}},{\"@type\":\"ListItem\",\"position\":2,\"item\":{\"@type\":\"WebPage\",\"@id\":\"https:\/\/www.obezitecerrahiankara.com\/obezite\/obezite-ameliyatlarindan-hangisi-bana-uygun\/\",\"url\":\"https:\/\/www.obezitecerrahiankara.com\/obezite\/obezite-ameliyatlarindan-hangisi-bana-uygun\/\",\"name\":\"Obezite Ameliyatlar\\u0131ndan Hangisi Bana Uygun?\"}}]}]}<\/script>\n<!-- \/ Yoast SEO Premium plugin. -->","_links":{"self":[{"href":"https:\/\/www.obezitecerrahiankara.com\/obezite\/wp-json\/wp\/v2\/pages\/2392"}],"collection":[{"href":"https:\/\/www.obezitecerrahiankara.com\/obezite\/wp-json\/wp\/v2\/pages"}],"about":[{"href":"https:\/\/www.obezitecerrahiankara.com\/obezite\/wp-json\/wp\/v2\/types\/page"}],"author":[{"embeddable":true,"href":"https:\/\/www.obezitecerrahiankara.com\/obezite\/wp-json\/wp\/v2\/users\/1"}],"replies":[{"embeddable":true,"href":"https:\/\/www.obezitecerrahiankara.com\/obezite\/wp-json\/wp\/v2\/comments?post=2392"}],"version-history":[{"count":3,"href":"https:\/\/www.obezitecerrahiankara.com\/obezite\/wp-json\/wp\/v2\/pages\/2392\/revisions"}],"predecessor-version":[{"id":2904,"href":"https:\/\/www.obezitecerrahiankara.com\/obezite\/wp-json\/wp\/v2\/pages\/2392\/revisions\/2904"}],"wp:featuredmedia":[{"embeddable":true,"href":"https:\/\/www.obezitecerrahiankara.com\/obezite\/wp-json\/wp\/v2\/media\/2691"}],"wp:attachment":[{"href":"https:\/\/www.obezitecerrahiankara.com\/obezite\/wp-json\/wp\/v2\/media?parent=2392"}],"curies":[{"name":"wp","href":"https:\/\/api.w.org\/{rel}","templated":true}]}}