{"id":2396,"date":"2022-08-25T20:56:43","date_gmt":"2022-08-25T17:56:43","guid":{"rendered":"https:\/\/oktaybanli.com.tr\/?page_id=2396"},"modified":"2023-11-14T20:15:01","modified_gmt":"2023-11-14T17:15:01","slug":"kac-gunde-normal-hayatima-donerim","status":"publish","type":"page","link":"https:\/\/www.obezitecerrahiankara.com\/obezite\/kac-gunde-normal-hayatima-donerim\/","title":{"rendered":"Ka\u00e7 G\u00fcnde Normal Hayat\u0131ma D\u00f6nerim?"},"content":{"rendered":"<section id=\"bt_section69dffbeaa81f6\"  class=\"boldSection topSpaced bottomSpaced gutter inherit\" style=\"background-color:rgb(255,255,255);\"><div class=\"port\"><div class=\"boldCell\"><div class=\"boldCellInner\"><div class=\"boldRow  \" ><div class=\"boldRowInner\"><div class=\"rowItem col-md-12 col-ms-12  btTextLeft animate animate-fadein inherit btDoublePadding\"  ><div class=\"rowItemContent\" ><div class=\"btText\" ><h4 style=\"text-align: center;\">Obezite Ameliyat\u0131ndan Sonra Ka\u00e7 G\u00fcnde Normal Hayat\u0131ma D\u00f6nerim?<\/h4>\n<p>Ka\u00e7 G\u00fcnde Normal Hayat\u0131ma D\u00f6nerim? Obezite ameliyatlar\u0131 g\u00fcn\u00fcm\u00fczde <a href=\"https:\/\/oktaybanli.com.tr\/tibbi-terimler\">laparoskopik<\/a> yap\u0131l\u0131yor. Yani 150, 200 kilo olan hastalar\u0131n karn\u0131 hi\u00e7 a\u00e7\u0131lmadan, <a href=\"https:\/\/oktaybanli.com.tr\/tibbi-terimler\">laparaskopik<\/a> y\u00f6ntemle kapal\u0131 \u015fekilde yap\u0131l\u0131yor. Bu sebepten hastalar\u0131n ameliyat sonras\u0131 a\u011fr\u0131s\u0131 ve genel anesteziye ait problemleri \u00e7ok az oluyor. Hasta da \u00e7ok k\u0131sa s\u00fcre i\u00e7erisinde kendini toparlayarak aya\u011fa kalkabiliyor.<\/p>\n<figure id=\"attachment_1922\" aria-describedby=\"caption-attachment-1922\" style=\"width: 777px\" class=\"wp-caption alignnone\"><img loading=\"lazy\" class=\" wp-image-1922\" src=\"http:\/\/oktaybanli.com.tr\/wp-content\/uploads\/2022\/08\/laparoskopik-ameliyat-320x213.webp\" alt=\"Laparoskopik T\u00fcp Mide Ameliyat\u0131 \" width=\"777\" height=\"517\" srcset=\"https:\/\/www.obezitecerrahiankara.com\/obezite\/wp-content\/uploads\/2022\/08\/laparoskopik-ameliyat-320x213.webp 320w, https:\/\/www.obezitecerrahiankara.com\/obezite\/wp-content\/uploads\/2022\/08\/laparoskopik-ameliyat-540x360.webp 540w, https:\/\/www.obezitecerrahiankara.com\/obezite\/wp-content\/uploads\/2022\/08\/laparoskopik-ameliyat.webp 567w\" sizes=\"(max-width: 777px) 100vw, 777px\" \/><figcaption id=\"caption-attachment-1922\" class=\"wp-caption-text\">Ka\u00e7 G\u00fcnde Normal Hayat\u0131ma D\u00f6nerim<\/figcaption><\/figure>\n<p>Ka\u00e7 G\u00fcnde Normal Hayat\u0131ma D\u00f6nerim? Hastalar 3 g\u00fcn hastanede kal\u0131yorlar. \u0130lk 15 g\u00fcn s\u0131v\u0131 diyet, 15 g\u00fcn 1 ay aras\u0131nda p\u00fcre k\u0131vam\u0131nda yumu\u015fak diyetle hastalar\u0131m\u0131z taburcu ediliyorlar. Normal aktivitelerine hayat\u0131n i\u00e7ine d\u00f6nmesi, iyile\u015fmesi, kendini iyi hissetmesi 2-3 haftada ger\u00e7ekle\u015febiliyor. Ameliyatlar\u0131m\u0131z laparoskopik yap\u0131ld\u0131\u011f\u0131 i\u00e7in \u00e7ok pop\u00fcler ameliyatlard\u0131r ve a\u011f\u0131r, hastay\u0131 yoran ameliyatlar de\u011fildir. Ameliyat olan hastan\u0131n erken iyile\u015fmesinde ameliyat suresi de \u00f6nemlidir. Cerrah becerisinin hastan\u0131n aya\u011fa kalkma ve g\u00fcnl\u00fck aktivitelere ba\u015flama s\u00fcresini son derece k\u0131saltabilmektedir. Hasta san\u0131ld\u0131\u011f\u0131 gibi haftalarca hastanede kalm\u0131yor. Ve bu hastalar haftalarca evde yatm\u0131yor. Birka\u00e7 hafta i\u00e7erisinde normal aktivitelerine, g\u00fcnl\u00fck hayat\u0131na d\u00f6nebiliyorlar.<\/p>\n<p><iframe loading=\"lazy\" title=\"Prof.Dr. Oktay Banl\u0131 - Obezite Ameliyat\u0131 Sonras\u0131 \u0130yile\u015fme ve G\u00fcnl\u00fck Ya\u015fama D\u00f6nme S\u00fcreci Ne Kadard\u0131r?\" width=\"1200\" height=\"675\" src=\"https:\/\/www.youtube.com\/embed\/vEEsHXEg6q0?feature=oembed\" frameborder=\"0\" allow=\"accelerometer; autoplay; clipboard-write; encrypted-media; gyroscope; picture-in-picture; web-share\" allowfullscreen><\/iframe><\/p>\n<\/div><\/div><\/div><\/div><\/div><\/div><\/div><\/div><\/section>","protected":false},"excerpt":{"rendered":"","protected":false},"author":1,"featured_media":2691,"parent":0,"menu_order":0,"comment_status":"closed","ping_status":"closed","template":"","meta":[],"yoast_head":"<!-- This site is optimized with the Yoast SEO Premium plugin v16.1 - https:\/\/yoast.com\/wordpress\/plugins\/seo\/ -->\n<title>Ka\u00e7 G\u00fcnde Normal Hayat\u0131ma D\u00f6nerim? | T\u00fcp Mide Ameliyat\u0131<\/title>\n<meta name=\"description\" content=\"Ka\u00e7 G\u00fcnde Normal Hayat\u0131ma D\u00f6nerim Obezite ameliyatlar\u0131 g\u00fcn\u00fcm\u00fczde laparoskopik yap\u0131l\u0131yor. Yani 150, 200 kilo olan hastalar\u0131n karn\u0131 hi\u00e7...\" \/>\n<link rel=\"canonical\" href=\"https:\/\/www.obezitecerrahiankara.com\/obezite\/kac-gunde-normal-hayatima-donerim\/\" \/>\n<meta property=\"og:locale\" content=\"tr_TR\" \/>\n<meta property=\"og:type\" content=\"article\" \/>\n<meta property=\"og:title\" content=\"Ka\u00e7 G\u00fcnde Normal Hayat\u0131ma D\u00f6nerim? | T\u00fcp Mide Ameliyat\u0131\" \/>\n<meta property=\"og:description\" content=\"Ka\u00e7 G\u00fcnde Normal Hayat\u0131ma D\u00f6nerim Obezite ameliyatlar\u0131 g\u00fcn\u00fcm\u00fczde laparoskopik yap\u0131l\u0131yor. Yani 150, 200 kilo olan hastalar\u0131n karn\u0131 hi\u00e7...\" \/>\n<meta property=\"og:url\" content=\"https:\/\/www.obezitecerrahiankara.com\/obezite\/kac-gunde-normal-hayatima-donerim\/\" \/>\n<meta property=\"og:site_name\" content=\"T\u00fcp Mide Ameliyat\u0131\" \/>\n<meta property=\"article:publisher\" content=\"https:\/\/www.facebook.com\/DrOktayBanli\/\" \/>\n<meta property=\"article:modified_time\" content=\"2023-11-14T17:15:01+00:00\" \/>\n<meta name=\"twitter:card\" content=\"summary_large_image\" \/>\n<meta name=\"twitter:image\" content=\"https:\/\/www.obezitecerrahiankara.com\/obezite\/wp-content\/uploads\/2023\/10\/top2.webp\" \/>\n<meta name=\"twitter:label1\" content=\"Tahmini okuma s\u00fcresi\">\n\t<meta name=\"twitter:data1\" content=\"5 dakika\">\n<script type=\"application\/ld+json\" class=\"yoast-schema-graph\">{\"@context\":\"https:\/\/schema.org\",\"@graph\":[{\"@type\":\"Organization\",\"@id\":\"https:\/\/www.obezitecerrahiankara.com\/obezite\/#organization\",\"name\":\"Prof. D. Oktay BANLI\",\"url\":\"https:\/\/www.obezitecerrahiankara.com\/obezite\/\",\"sameAs\":[\"https:\/\/www.facebook.com\/DrOktayBanli\/\",\"https:\/\/www.instagram.com\/prof.dr.oktaybanli\/\",\"https:\/\/www.youtube.com\/channel\/UCMbJlYVnIneRr8FYnNg_XTQ\"],\"logo\":{\"@type\":\"ImageObject\",\"@id\":\"https:\/\/www.obezitecerrahiankara.com\/obezite\/#logo\",\"inLanguage\":\"tr\",\"url\":\"https:\/\/oktaybanli.com.tr\/wp-content\/uploads\/2022\/08\/oktay-banli-logo-03.webp\",\"contentUrl\":\"https:\/\/oktaybanli.com.tr\/wp-content\/uploads\/2022\/08\/oktay-banli-logo-03.webp\",\"width\":198,\"height\":88,\"caption\":\"Prof. D. Oktay BANLI\"},\"image\":{\"@id\":\"https:\/\/www.obezitecerrahiankara.com\/obezite\/#logo\"}},{\"@type\":\"WebSite\",\"@id\":\"https:\/\/www.obezitecerrahiankara.com\/obezite\/#website\",\"url\":\"https:\/\/www.obezitecerrahiankara.com\/obezite\/\",\"name\":\"T\\u00fcp Mide Ameliyat\\u0131\",\"description\":\"Obezite Cerrahisi\",\"publisher\":{\"@id\":\"https:\/\/www.obezitecerrahiankara.com\/obezite\/#organization\"},\"potentialAction\":[{\"@type\":\"SearchAction\",\"target\":\"https:\/\/www.obezitecerrahiankara.com\/obezite\/?s={search_term_string}\",\"query-input\":\"required name=search_term_string\"}],\"inLanguage\":\"tr\"},{\"@type\":\"ImageObject\",\"@id\":\"https:\/\/www.obezitecerrahiankara.com\/obezite\/kac-gunde-normal-hayatima-donerim\/#primaryimage\",\"inLanguage\":\"tr\",\"url\":\"https:\/\/www.obezitecerrahiankara.com\/obezite\/wp-content\/uploads\/2023\/10\/top2.webp\",\"contentUrl\":\"https:\/\/www.obezitecerrahiankara.com\/obezite\/wp-content\/uploads\/2023\/10\/top2.webp\",\"width\":2500,\"height\":1227},{\"@type\":\"WebPage\",\"@id\":\"https:\/\/www.obezitecerrahiankara.com\/obezite\/kac-gunde-normal-hayatima-donerim\/#webpage\",\"url\":\"https:\/\/www.obezitecerrahiankara.com\/obezite\/kac-gunde-normal-hayatima-donerim\/\",\"name\":\"Ka\\u00e7 G\\u00fcnde Normal Hayat\\u0131ma D\\u00f6nerim? | T\\u00fcp Mide Ameliyat\\u0131\",\"isPartOf\":{\"@id\":\"https:\/\/www.obezitecerrahiankara.com\/obezite\/#website\"},\"primaryImageOfPage\":{\"@id\":\"https:\/\/www.obezitecerrahiankara.com\/obezite\/kac-gunde-normal-hayatima-donerim\/#primaryimage\"},\"datePublished\":\"2022-08-25T17:56:43+00:00\",\"dateModified\":\"2023-11-14T17:15:01+00:00\",\"description\":\"Ka\\u00e7 G\\u00fcnde Normal Hayat\\u0131ma D\\u00f6nerim Obezite ameliyatlar\\u0131 g\\u00fcn\\u00fcm\\u00fczde laparoskopik yap\\u0131l\\u0131yor. Yani 150, 200 kilo olan hastalar\\u0131n karn\\u0131 hi\\u00e7...\",\"breadcrumb\":{\"@id\":\"https:\/\/www.obezitecerrahiankara.com\/obezite\/kac-gunde-normal-hayatima-donerim\/#breadcrumb\"},\"inLanguage\":\"tr\",\"potentialAction\":[{\"@type\":\"ReadAction\",\"target\":[\"https:\/\/www.obezitecerrahiankara.com\/obezite\/kac-gunde-normal-hayatima-donerim\/\"]}]},{\"@type\":\"BreadcrumbList\",\"@id\":\"https:\/\/www.obezitecerrahiankara.com\/obezite\/kac-gunde-normal-hayatima-donerim\/#breadcrumb\",\"itemListElement\":[{\"@type\":\"ListItem\",\"position\":1,\"item\":{\"@type\":\"WebPage\",\"@id\":\"https:\/\/www.obezitecerrahiankara.com\/obezite\/\",\"url\":\"https:\/\/www.obezitecerrahiankara.com\/obezite\/\",\"name\":\"Home\"}},{\"@type\":\"ListItem\",\"position\":2,\"item\":{\"@type\":\"WebPage\",\"@id\":\"https:\/\/www.obezitecerrahiankara.com\/obezite\/kac-gunde-normal-hayatima-donerim\/\",\"url\":\"https:\/\/www.obezitecerrahiankara.com\/obezite\/kac-gunde-normal-hayatima-donerim\/\",\"name\":\"Ka\\u00e7 G\\u00fcnde Normal Hayat\\u0131ma D\\u00f6nerim?\"}}]}]}<\/script>\n<!-- \/ Yoast SEO Premium plugin. -->","_links":{"self":[{"href":"https:\/\/www.obezitecerrahiankara.com\/obezite\/wp-json\/wp\/v2\/pages\/2396"}],"collection":[{"href":"https:\/\/www.obezitecerrahiankara.com\/obezite\/wp-json\/wp\/v2\/pages"}],"about":[{"href":"https:\/\/www.obezitecerrahiankara.com\/obezite\/wp-json\/wp\/v2\/types\/page"}],"author":[{"embeddable":true,"href":"https:\/\/www.obezitecerrahiankara.com\/obezite\/wp-json\/wp\/v2\/users\/1"}],"replies":[{"embeddable":true,"href":"https:\/\/www.obezitecerrahiankara.com\/obezite\/wp-json\/wp\/v2\/comments?post=2396"}],"version-history":[{"count":4,"href":"https:\/\/www.obezitecerrahiankara.com\/obezite\/wp-json\/wp\/v2\/pages\/2396\/revisions"}],"predecessor-version":[{"id":2905,"href":"https:\/\/www.obezitecerrahiankara.com\/obezite\/wp-json\/wp\/v2\/pages\/2396\/revisions\/2905"}],"wp:featuredmedia":[{"embeddable":true,"href":"https:\/\/www.obezitecerrahiankara.com\/obezite\/wp-json\/wp\/v2\/media\/2691"}],"wp:attachment":[{"href":"https:\/\/www.obezitecerrahiankara.com\/obezite\/wp-json\/wp\/v2\/media?parent=2396"}],"curies":[{"name":"wp","href":"https:\/\/api.w.org\/{rel}","templated":true}]}}