{"id":2401,"date":"2022-08-25T21:02:25","date_gmt":"2022-08-25T18:02:25","guid":{"rendered":"https:\/\/oktaybanli.com.tr\/?page_id=2401"},"modified":"2023-12-06T15:53:46","modified_gmt":"2023-12-06T12:53:46","slug":"sgk-obezite-ameliyatlarini-karsilarmi-2","status":"publish","type":"page","link":"https:\/\/www.obezitecerrahiankara.com\/obezite\/sgk-obezite-ameliyatlarini-karsilarmi-2\/","title":{"rendered":"SGK Obezite Ameliyatlar\u0131n\u0131 Kar\u015f\u0131lar m\u0131?"},"content":{"rendered":"<section id=\"bt_section69dffba873113\"  class=\"boldSection topSpaced bottomSpaced gutter inherit\" style=\"background-color:rgb(255,255,255);\"><div class=\"port\"><div class=\"boldCell\"><div class=\"boldCellInner\"><div class=\"boldRow  \" ><div class=\"boldRowInner\"><div class=\"rowItem col-md-12 col-ms-12  btTextLeft animate animate-fadein inherit btDoublePadding\"  ><div class=\"rowItemContent\" ><div class=\"btText\" ><h4 style=\"text-align: center;\">SGK Obezite Ameliyatlar\u0131n\u0131 Kar\u015f\u0131lar m\u0131?<\/h4>\n<p>SGK Obezite Ameliyatlar\u0131n\u0131 Kar\u015f\u0131lar m\u0131? Obezite tedavisinde uygulanan <a href=\"https:\/\/oktaybanli.com.tr\/tup-mide-ameliyati-sleeve-gastrektomi\/\">t\u00fcp mide ameliyat\u0131<\/a>, <a href=\"https:\/\/oktaybanli.com.tr\/mide-kucultme-ameliyati-gastrik-bypass\/\">mide by-pass ameliyat\u0131<\/a> gibi ameliyatlar, 2015 y\u0131l\u0131nda yap\u0131lan de\u011fi\u015fiklikle istisnai sa\u011fl\u0131k hizmetleri listesine al\u0131nm\u0131\u015ft\u0131r. Daha \u00f6nce SGK taraf\u0131ndan normal sa\u011fl\u0131k hizmetleri s\u0131n\u0131f\u0131nda yer alan bu tedaviler 5 A\u011fustos 2015 tarihli resmi gazetede yay\u0131nlanan de\u011fi\u015fiklikle istisnai sa\u011fl\u0131k hizmetleri kapsam\u0131nda de\u011ferlendirilmeye ba\u015flanm\u0131\u015ft\u0131r.<\/p>\n<figure id=\"attachment_1928\" aria-describedby=\"caption-attachment-1928\" style=\"width: 751px\" class=\"wp-caption alignnone\"><img loading=\"lazy\" class=\"wp-image-1928\" src=\"http:\/\/oktaybanli.com.tr\/wp-content\/uploads\/2022\/08\/sgk-obezite-ameliyatlarini-karsilarmi-320x204.webp\" alt=\"SGK Obezite Ameliyatlar\u0131n\u0131 Kar\u015f\u0131lar m\u0131?\" width=\"751\" height=\"479\" \/><figcaption id=\"caption-attachment-1928\" class=\"wp-caption-text\">SGK Obezite Ameliyatlar\u0131n\u0131 Kar\u015f\u0131lar m\u0131?<\/figcaption><\/figure>\n<p>SGK Obezite Ameliyatlar\u0131n\u0131 Kar\u015f\u0131lar m\u0131? Bu de\u011fi\u015fiklikle birlikte hangi obezite ameliyat\u0131n\u0131n SGK taraf\u0131ndan kar\u015f\u0131lanaca\u011f\u0131na ili\u015fkin baz\u0131 kriterler tan\u0131mlanm\u0131\u015ft\u0131r. Buna g\u00f6re; v\u00fccut kitle indeksi 40 ve \u00fczeri olan hastalarda ve bu ameliyat\u0131n zorunlulu\u011funun endokrinoloji uzman hekiminin de yer ald\u0131\u011f\u0131 kurul raporu ile belgelenmesi halinde SGK tedaviyi k\u0131smen kar\u015f\u0131layacak olup, kamu hastanelerinde fark \u00fccreti al\u0131nacakt\u0131r.<\/p>\n<p>Bu kriterler d\u0131\u015f\u0131nda kalan hastalar\u0131n ameliyat \u00fccretleri \u00f6zel kapsamda de\u011ferlendirilmi\u015ftir.<\/p>\n<p><iframe loading=\"lazy\" title=\"Prof.Dr. Oktay Banl\u0131 - SGK Obezite Ameliyatlar\u0131n\u0131 Kar\u015f\u0131l\u0131yor mu?\" width=\"1200\" height=\"675\" src=\"https:\/\/www.youtube.com\/embed\/wCpZ69EQ6WQ?feature=oembed\" frameborder=\"0\" allow=\"accelerometer; autoplay; clipboard-write; encrypted-media; gyroscope; picture-in-picture; web-share\" allowfullscreen><\/iframe><\/p>\n<p style=\"text-align: center;\">SGK Obezite Ameliyatlar\u0131n\u0131 Kar\u015f\u0131lar m\u0131?<\/p>\n<p>Yine \u00f6zel hastanelerde de SGK&#8217;n\u0131n belirledi\u011fi v\u00fccut kitle endeksi 40 ve \u00fcst\u00fc olan hastalar SGK kapsam\u0131nda ameliyat olabilirler. \u00dcniversite hastaneleri, kullan\u0131lan ekipmanlardan dolay\u0131 farkl\u0131 uygulamaya gidebilirler. Yani fark \u00f6demek suretiyle obezite ameliyatlar\u0131n\u0131 SGK kapsam\u0131nda \u00fcniversite hastanelerinde yapt\u0131rabilirler.<\/p>\n<p>[instagram-feed feed=3]<\/p>\n<\/div><\/div><\/div><\/div><\/div><\/div><\/div><\/div><\/section>","protected":false},"excerpt":{"rendered":"","protected":false},"author":1,"featured_media":2691,"parent":0,"menu_order":0,"comment_status":"closed","ping_status":"closed","template":"","meta":[],"yoast_head":"<!-- This site is optimized with the Yoast SEO Premium plugin v16.1 - https:\/\/yoast.com\/wordpress\/plugins\/seo\/ -->\n<title>SGK Obezite Ameliyatlar\u0131n\u0131 Kar\u015f\u0131lar m\u0131? | T\u00fcp Mide Ameliyat\u0131<\/title>\n<meta name=\"description\" content=\"SGK obezite ameliyatlar\u0131n\u0131 kar\u015f\u0131lar. V\u00fccut kitle endeksi 40 ve \u00fcst\u00fc olan hastalar devlet hastanelerinde ve e\u011fitim hastanelerinde SGK...\" \/>\n<link rel=\"canonical\" href=\"https:\/\/www.obezitecerrahiankara.com\/obezite\/sgk-obezite-ameliyatlarini-karsilarmi-2\/\" \/>\n<meta property=\"og:locale\" content=\"tr_TR\" \/>\n<meta property=\"og:type\" content=\"article\" \/>\n<meta property=\"og:title\" content=\"SGK Obezite Ameliyatlar\u0131n\u0131 Kar\u015f\u0131lar m\u0131? | T\u00fcp Mide Ameliyat\u0131\" \/>\n<meta property=\"og:description\" content=\"SGK obezite ameliyatlar\u0131n\u0131 kar\u015f\u0131lar. V\u00fccut kitle endeksi 40 ve \u00fcst\u00fc olan hastalar devlet hastanelerinde ve e\u011fitim hastanelerinde SGK...\" \/>\n<meta property=\"og:url\" content=\"https:\/\/www.obezitecerrahiankara.com\/obezite\/sgk-obezite-ameliyatlarini-karsilarmi-2\/\" \/>\n<meta property=\"og:site_name\" content=\"T\u00fcp Mide Ameliyat\u0131\" \/>\n<meta property=\"article:publisher\" content=\"https:\/\/www.facebook.com\/DrOktayBanli\/\" \/>\n<meta property=\"article:modified_time\" content=\"2023-12-06T12:53:46+00:00\" \/>\n<meta name=\"twitter:card\" content=\"summary_large_image\" \/>\n<meta name=\"twitter:image\" content=\"https:\/\/www.obezitecerrahiankara.com\/obezite\/wp-content\/uploads\/2023\/10\/top2.webp\" \/>\n<meta name=\"twitter:label1\" content=\"Tahmini okuma s\u00fcresi\">\n\t<meta name=\"twitter:data1\" content=\"5 dakika\">\n<script type=\"application\/ld+json\" class=\"yoast-schema-graph\">{\"@context\":\"https:\/\/schema.org\",\"@graph\":[{\"@type\":\"Organization\",\"@id\":\"https:\/\/www.obezitecerrahiankara.com\/obezite\/#organization\",\"name\":\"Prof. D. Oktay BANLI\",\"url\":\"https:\/\/www.obezitecerrahiankara.com\/obezite\/\",\"sameAs\":[\"https:\/\/www.facebook.com\/DrOktayBanli\/\",\"https:\/\/www.instagram.com\/prof.dr.oktaybanli\/\",\"https:\/\/www.youtube.com\/channel\/UCMbJlYVnIneRr8FYnNg_XTQ\"],\"logo\":{\"@type\":\"ImageObject\",\"@id\":\"https:\/\/www.obezitecerrahiankara.com\/obezite\/#logo\",\"inLanguage\":\"tr\",\"url\":\"https:\/\/oktaybanli.com.tr\/wp-content\/uploads\/2022\/08\/oktay-banli-logo-03.webp\",\"contentUrl\":\"https:\/\/oktaybanli.com.tr\/wp-content\/uploads\/2022\/08\/oktay-banli-logo-03.webp\",\"width\":198,\"height\":88,\"caption\":\"Prof. D. Oktay BANLI\"},\"image\":{\"@id\":\"https:\/\/www.obezitecerrahiankara.com\/obezite\/#logo\"}},{\"@type\":\"WebSite\",\"@id\":\"https:\/\/www.obezitecerrahiankara.com\/obezite\/#website\",\"url\":\"https:\/\/www.obezitecerrahiankara.com\/obezite\/\",\"name\":\"T\\u00fcp Mide Ameliyat\\u0131\",\"description\":\"Obezite Cerrahisi\",\"publisher\":{\"@id\":\"https:\/\/www.obezitecerrahiankara.com\/obezite\/#organization\"},\"potentialAction\":[{\"@type\":\"SearchAction\",\"target\":\"https:\/\/www.obezitecerrahiankara.com\/obezite\/?s={search_term_string}\",\"query-input\":\"required name=search_term_string\"}],\"inLanguage\":\"tr\"},{\"@type\":\"ImageObject\",\"@id\":\"https:\/\/www.obezitecerrahiankara.com\/obezite\/sgk-obezite-ameliyatlarini-karsilarmi-2\/#primaryimage\",\"inLanguage\":\"tr\",\"url\":\"https:\/\/www.obezitecerrahiankara.com\/obezite\/wp-content\/uploads\/2023\/10\/top2.webp\",\"contentUrl\":\"https:\/\/www.obezitecerrahiankara.com\/obezite\/wp-content\/uploads\/2023\/10\/top2.webp\",\"width\":2500,\"height\":1227},{\"@type\":\"WebPage\",\"@id\":\"https:\/\/www.obezitecerrahiankara.com\/obezite\/sgk-obezite-ameliyatlarini-karsilarmi-2\/#webpage\",\"url\":\"https:\/\/www.obezitecerrahiankara.com\/obezite\/sgk-obezite-ameliyatlarini-karsilarmi-2\/\",\"name\":\"SGK Obezite Ameliyatlar\\u0131n\\u0131 Kar\\u015f\\u0131lar m\\u0131? | T\\u00fcp Mide Ameliyat\\u0131\",\"isPartOf\":{\"@id\":\"https:\/\/www.obezitecerrahiankara.com\/obezite\/#website\"},\"primaryImageOfPage\":{\"@id\":\"https:\/\/www.obezitecerrahiankara.com\/obezite\/sgk-obezite-ameliyatlarini-karsilarmi-2\/#primaryimage\"},\"datePublished\":\"2022-08-25T18:02:25+00:00\",\"dateModified\":\"2023-12-06T12:53:46+00:00\",\"description\":\"SGK obezite ameliyatlar\\u0131n\\u0131 kar\\u015f\\u0131lar. V\\u00fccut kitle endeksi 40 ve \\u00fcst\\u00fc olan hastalar devlet hastanelerinde ve e\\u011fitim hastanelerinde SGK...\",\"breadcrumb\":{\"@id\":\"https:\/\/www.obezitecerrahiankara.com\/obezite\/sgk-obezite-ameliyatlarini-karsilarmi-2\/#breadcrumb\"},\"inLanguage\":\"tr\",\"potentialAction\":[{\"@type\":\"ReadAction\",\"target\":[\"https:\/\/www.obezitecerrahiankara.com\/obezite\/sgk-obezite-ameliyatlarini-karsilarmi-2\/\"]}]},{\"@type\":\"BreadcrumbList\",\"@id\":\"https:\/\/www.obezitecerrahiankara.com\/obezite\/sgk-obezite-ameliyatlarini-karsilarmi-2\/#breadcrumb\",\"itemListElement\":[{\"@type\":\"ListItem\",\"position\":1,\"item\":{\"@type\":\"WebPage\",\"@id\":\"https:\/\/www.obezitecerrahiankara.com\/obezite\/\",\"url\":\"https:\/\/www.obezitecerrahiankara.com\/obezite\/\",\"name\":\"Home\"}},{\"@type\":\"ListItem\",\"position\":2,\"item\":{\"@type\":\"WebPage\",\"@id\":\"https:\/\/www.obezitecerrahiankara.com\/obezite\/sgk-obezite-ameliyatlarini-karsilarmi-2\/\",\"url\":\"https:\/\/www.obezitecerrahiankara.com\/obezite\/sgk-obezite-ameliyatlarini-karsilarmi-2\/\",\"name\":\"SGK Obezite Ameliyatlar\\u0131n\\u0131 Kar\\u015f\\u0131lar m\\u0131?\"}}]}]}<\/script>\n<!-- \/ Yoast SEO Premium plugin. -->","_links":{"self":[{"href":"https:\/\/www.obezitecerrahiankara.com\/obezite\/wp-json\/wp\/v2\/pages\/2401"}],"collection":[{"href":"https:\/\/www.obezitecerrahiankara.com\/obezite\/wp-json\/wp\/v2\/pages"}],"about":[{"href":"https:\/\/www.obezitecerrahiankara.com\/obezite\/wp-json\/wp\/v2\/types\/page"}],"author":[{"embeddable":true,"href":"https:\/\/www.obezitecerrahiankara.com\/obezite\/wp-json\/wp\/v2\/users\/1"}],"replies":[{"embeddable":true,"href":"https:\/\/www.obezitecerrahiankara.com\/obezite\/wp-json\/wp\/v2\/comments?post=2401"}],"version-history":[{"count":3,"href":"https:\/\/www.obezitecerrahiankara.com\/obezite\/wp-json\/wp\/v2\/pages\/2401\/revisions"}],"predecessor-version":[{"id":2912,"href":"https:\/\/www.obezitecerrahiankara.com\/obezite\/wp-json\/wp\/v2\/pages\/2401\/revisions\/2912"}],"wp:featuredmedia":[{"embeddable":true,"href":"https:\/\/www.obezitecerrahiankara.com\/obezite\/wp-json\/wp\/v2\/media\/2691"}],"wp:attachment":[{"href":"https:\/\/www.obezitecerrahiankara.com\/obezite\/wp-json\/wp\/v2\/media?parent=2401"}],"curies":[{"name":"wp","href":"https:\/\/api.w.org\/{rel}","templated":true}]}}