{"id":2408,"date":"2022-08-25T21:09:06","date_gmt":"2022-08-25T18:09:06","guid":{"rendered":"https:\/\/oktaybanli.com.tr\/?page_id=2408"},"modified":"2023-12-06T15:53:51","modified_gmt":"2023-12-06T12:53:51","slug":"deri-sarkmasi-2","status":"publish","type":"page","link":"https:\/\/www.obezitecerrahiankara.com\/obezite\/deri-sarkmasi-2\/","title":{"rendered":"Deri Sarkmas\u0131"},"content":{"rendered":"<section id=\"bt_section69dffbbbbb12c\"  class=\"boldSection topSpaced bottomSpaced gutter inherit\" style=\"background-color:rgb(255,255,255);\"><div class=\"port\"><div class=\"boldCell\"><div class=\"boldCellInner\"><div class=\"boldRow  \" ><div class=\"boldRowInner\"><div class=\"rowItem col-md-12 col-ms-12  btTextLeft animate animate-fadein inherit btDoublePadding\"  ><div class=\"rowItemContent\" ><div class=\"btText\" ><h3 style=\"text-align: center;\">Obezite Cerrahisi Sonras\u0131 Deri Sarkmas\u0131 Olur mu?<\/h3>\n<p><span style=\"font-weight: 400;\"><a href=\"https:\/\/oktaybanli.com.tr\/tup-mide-ameliyati-sleeve-gastrektomi\/\">Obezite ameliyatlar\u0131ndan<\/a> sonra, kilo verilen d\u00f6nemde, \u00f6zellikle boyun,\u00a0 g\u00f6\u011f\u00fcs, kar\u0131n, kol altlar\u0131nda ve bacak aralar\u0131nda ciddi deri sarkmas\u0131 olabilir. Deri sarkmalar\u0131n\u0131n \u00f6n\u00fcne ge\u00e7ebilmek ad\u0131na hastalar\u0131m\u0131za ameliyattan bir ay sonra spor yapmalar\u0131n\u0131 \u00f6neriyoruz. <\/span><span style=\"font-weight: 400;\">\u00d6zellikle ilk tercih etti\u011fimiz spor y\u00fczme. Y\u00fczmede b\u00fct\u00fcn kaslar\u0131 kullan\u0131ld\u0131\u011f\u0131 i\u00e7in hasta kilo verdik\u00e7e hem kaslar\u0131 korunmu\u015f oluyor hem de deri sarkmas\u0131 daha az oluyor.<\/span><\/p>\n<figure id=\"attachment_1943\" aria-describedby=\"caption-attachment-1943\" style=\"width: 750px\" class=\"wp-caption alignnone\"><img loading=\"lazy\" class=\"wp-image-1943 \" title=\"Obezite Cerrahisi Sonras\u0131 Deri Sarkmas\u0131\" src=\"http:\/\/oktaybanli.com.tr\/wp-content\/uploads\/2022\/08\/deri-sarkmasi-320x180.webp\" alt=\"Deri Sarkmas\u0131\" width=\"750\" height=\"422\" \/><figcaption id=\"caption-attachment-1943\" class=\"wp-caption-text\">Deri Sarkmas\u0131<\/figcaption><\/figure>\n<p><span style=\"font-weight: 400;\">Obezite hastalar\u0131nda y\u00fczme yapamayacak durumda olanlar kaslar\u0131n\u0131 \u00e7al\u0131\u015ft\u0131rabilecekleri di\u011fer egzersizleri \u00f6neriyoruz. Ancak a\u011f\u0131r, tempolu ve yorucu sporlar\u0131 asla \u00f6nermiyoruz.<\/span><\/p>\n<p><span style=\"font-weight: 400;\">Deri sarkmas\u0131n\u0131 \u00f6nlemek i\u00e7in spor yap\u0131lmas\u0131na ra\u011fmen zaman zaman ameliyat gerektirebilecek estetik problemler ortaya \u00e7\u0131kabilir. Deri sarkmas\u0131 \u00f6zellikle do\u011fum yapm\u0131\u015f kad\u0131nlarda kar\u0131n \u00f6n duvar\u0131nda ciddi problemler, \u00e7atlaklar sarkmalar, katlanmalar g\u00f6r\u00fclebilir. Genellikle \u00e7ok y\u00fcksek ve h\u0131zl\u0131 kilo veren, spor yapmayan, hastalarda kol altlar\u0131nda, g\u00f6\u011f\u00fcs, kar\u0131n ve bacak aralar\u0131nda, olu\u015fabilecek sarkmalar i\u00e7in estetik ameliyatlar \u00f6nerebiliyoruz.<\/span><\/p>\n<p><iframe loading=\"lazy\" title=\"Prof.Dr. Oktay Banl\u0131 - Obezite Ameliyat\u0131 Sonras\u0131 Cilt Sarkmalar\u0131 \u00d6nlemleri ve Estetik Ameliyatlar\" width=\"1200\" height=\"675\" src=\"https:\/\/www.youtube.com\/embed\/xjz4g2WMyZs?feature=oembed\" frameborder=\"0\" allow=\"accelerometer; autoplay; clipboard-write; encrypted-media; gyroscope; picture-in-picture; web-share\" allowfullscreen><\/iframe><\/p>\n<p>[instagram-feed feed=3]<\/p>\n<\/div><\/div><\/div><\/div><\/div><\/div><\/div><\/div><\/section>","protected":false},"excerpt":{"rendered":"","protected":false},"author":1,"featured_media":2691,"parent":0,"menu_order":0,"comment_status":"closed","ping_status":"closed","template":"","meta":[],"yoast_head":"<!-- This site is optimized with the Yoast SEO Premium plugin v16.1 - https:\/\/yoast.com\/wordpress\/plugins\/seo\/ -->\n<title>Deri Sarkmas\u0131 | T\u00fcp Mide Ameliyat\u0131<\/title>\n<meta name=\"description\" content=\"Deri sarkmas\u0131 obezite ameliyatlar\u0131ndan sonra, kilo verilen d\u00f6nemde, \u00f6zellikle boyun,\u00a0 g\u00f6\u011f\u00fcs, kar\u0131n, kol altlar\u0131nda ve bacak aralar\u0131nda...\" \/>\n<link rel=\"canonical\" href=\"https:\/\/www.obezitecerrahiankara.com\/obezite\/deri-sarkmasi-2\/\" \/>\n<meta property=\"og:locale\" content=\"tr_TR\" \/>\n<meta property=\"og:type\" content=\"article\" \/>\n<meta property=\"og:title\" content=\"Deri Sarkmas\u0131 | T\u00fcp Mide Ameliyat\u0131\" \/>\n<meta property=\"og:description\" content=\"Deri sarkmas\u0131 obezite ameliyatlar\u0131ndan sonra, kilo verilen d\u00f6nemde, \u00f6zellikle boyun,\u00a0 g\u00f6\u011f\u00fcs, kar\u0131n, kol altlar\u0131nda ve bacak aralar\u0131nda...\" \/>\n<meta property=\"og:url\" content=\"https:\/\/www.obezitecerrahiankara.com\/obezite\/deri-sarkmasi-2\/\" \/>\n<meta property=\"og:site_name\" content=\"T\u00fcp Mide Ameliyat\u0131\" \/>\n<meta property=\"article:publisher\" content=\"https:\/\/www.facebook.com\/DrOktayBanli\/\" \/>\n<meta property=\"article:modified_time\" content=\"2023-12-06T12:53:51+00:00\" \/>\n<meta name=\"twitter:card\" content=\"summary_large_image\" \/>\n<meta name=\"twitter:image\" content=\"https:\/\/www.obezitecerrahiankara.com\/obezite\/wp-content\/uploads\/2023\/10\/top2.webp\" \/>\n<meta name=\"twitter:label1\" content=\"Tahmini okuma s\u00fcresi\">\n\t<meta name=\"twitter:data1\" content=\"5 dakika\">\n<script type=\"application\/ld+json\" class=\"yoast-schema-graph\">{\"@context\":\"https:\/\/schema.org\",\"@graph\":[{\"@type\":\"Organization\",\"@id\":\"https:\/\/www.obezitecerrahiankara.com\/obezite\/#organization\",\"name\":\"Prof. D. Oktay BANLI\",\"url\":\"https:\/\/www.obezitecerrahiankara.com\/obezite\/\",\"sameAs\":[\"https:\/\/www.facebook.com\/DrOktayBanli\/\",\"https:\/\/www.instagram.com\/prof.dr.oktaybanli\/\",\"https:\/\/www.youtube.com\/channel\/UCMbJlYVnIneRr8FYnNg_XTQ\"],\"logo\":{\"@type\":\"ImageObject\",\"@id\":\"https:\/\/www.obezitecerrahiankara.com\/obezite\/#logo\",\"inLanguage\":\"tr\",\"url\":\"https:\/\/oktaybanli.com.tr\/wp-content\/uploads\/2022\/08\/oktay-banli-logo-03.webp\",\"contentUrl\":\"https:\/\/oktaybanli.com.tr\/wp-content\/uploads\/2022\/08\/oktay-banli-logo-03.webp\",\"width\":198,\"height\":88,\"caption\":\"Prof. D. Oktay BANLI\"},\"image\":{\"@id\":\"https:\/\/www.obezitecerrahiankara.com\/obezite\/#logo\"}},{\"@type\":\"WebSite\",\"@id\":\"https:\/\/www.obezitecerrahiankara.com\/obezite\/#website\",\"url\":\"https:\/\/www.obezitecerrahiankara.com\/obezite\/\",\"name\":\"T\\u00fcp Mide Ameliyat\\u0131\",\"description\":\"Obezite Cerrahisi\",\"publisher\":{\"@id\":\"https:\/\/www.obezitecerrahiankara.com\/obezite\/#organization\"},\"potentialAction\":[{\"@type\":\"SearchAction\",\"target\":\"https:\/\/www.obezitecerrahiankara.com\/obezite\/?s={search_term_string}\",\"query-input\":\"required name=search_term_string\"}],\"inLanguage\":\"tr\"},{\"@type\":\"ImageObject\",\"@id\":\"https:\/\/www.obezitecerrahiankara.com\/obezite\/deri-sarkmasi-2\/#primaryimage\",\"inLanguage\":\"tr\",\"url\":\"https:\/\/www.obezitecerrahiankara.com\/obezite\/wp-content\/uploads\/2023\/10\/top2.webp\",\"contentUrl\":\"https:\/\/www.obezitecerrahiankara.com\/obezite\/wp-content\/uploads\/2023\/10\/top2.webp\",\"width\":2500,\"height\":1227},{\"@type\":\"WebPage\",\"@id\":\"https:\/\/www.obezitecerrahiankara.com\/obezite\/deri-sarkmasi-2\/#webpage\",\"url\":\"https:\/\/www.obezitecerrahiankara.com\/obezite\/deri-sarkmasi-2\/\",\"name\":\"Deri Sarkmas\\u0131 | T\\u00fcp Mide Ameliyat\\u0131\",\"isPartOf\":{\"@id\":\"https:\/\/www.obezitecerrahiankara.com\/obezite\/#website\"},\"primaryImageOfPage\":{\"@id\":\"https:\/\/www.obezitecerrahiankara.com\/obezite\/deri-sarkmasi-2\/#primaryimage\"},\"datePublished\":\"2022-08-25T18:09:06+00:00\",\"dateModified\":\"2023-12-06T12:53:51+00:00\",\"description\":\"Deri sarkmas\\u0131 obezite ameliyatlar\\u0131ndan sonra, kilo verilen d\\u00f6nemde, \\u00f6zellikle boyun,\\u00a0 g\\u00f6\\u011f\\u00fcs, kar\\u0131n, kol altlar\\u0131nda ve bacak aralar\\u0131nda...\",\"breadcrumb\":{\"@id\":\"https:\/\/www.obezitecerrahiankara.com\/obezite\/deri-sarkmasi-2\/#breadcrumb\"},\"inLanguage\":\"tr\",\"potentialAction\":[{\"@type\":\"ReadAction\",\"target\":[\"https:\/\/www.obezitecerrahiankara.com\/obezite\/deri-sarkmasi-2\/\"]}]},{\"@type\":\"BreadcrumbList\",\"@id\":\"https:\/\/www.obezitecerrahiankara.com\/obezite\/deri-sarkmasi-2\/#breadcrumb\",\"itemListElement\":[{\"@type\":\"ListItem\",\"position\":1,\"item\":{\"@type\":\"WebPage\",\"@id\":\"https:\/\/www.obezitecerrahiankara.com\/obezite\/\",\"url\":\"https:\/\/www.obezitecerrahiankara.com\/obezite\/\",\"name\":\"Home\"}},{\"@type\":\"ListItem\",\"position\":2,\"item\":{\"@type\":\"WebPage\",\"@id\":\"https:\/\/www.obezitecerrahiankara.com\/obezite\/deri-sarkmasi-2\/\",\"url\":\"https:\/\/www.obezitecerrahiankara.com\/obezite\/deri-sarkmasi-2\/\",\"name\":\"Deri Sarkmas\\u0131\"}}]}]}<\/script>\n<!-- \/ Yoast SEO Premium plugin. -->","_links":{"self":[{"href":"https:\/\/www.obezitecerrahiankara.com\/obezite\/wp-json\/wp\/v2\/pages\/2408"}],"collection":[{"href":"https:\/\/www.obezitecerrahiankara.com\/obezite\/wp-json\/wp\/v2\/pages"}],"about":[{"href":"https:\/\/www.obezitecerrahiankara.com\/obezite\/wp-json\/wp\/v2\/types\/page"}],"author":[{"embeddable":true,"href":"https:\/\/www.obezitecerrahiankara.com\/obezite\/wp-json\/wp\/v2\/users\/1"}],"replies":[{"embeddable":true,"href":"https:\/\/www.obezitecerrahiankara.com\/obezite\/wp-json\/wp\/v2\/comments?post=2408"}],"version-history":[{"count":2,"href":"https:\/\/www.obezitecerrahiankara.com\/obezite\/wp-json\/wp\/v2\/pages\/2408\/revisions"}],"predecessor-version":[{"id":2914,"href":"https:\/\/www.obezitecerrahiankara.com\/obezite\/wp-json\/wp\/v2\/pages\/2408\/revisions\/2914"}],"wp:featuredmedia":[{"embeddable":true,"href":"https:\/\/www.obezitecerrahiankara.com\/obezite\/wp-json\/wp\/v2\/media\/2691"}],"wp:attachment":[{"href":"https:\/\/www.obezitecerrahiankara.com\/obezite\/wp-json\/wp\/v2\/media?parent=2408"}],"curies":[{"name":"wp","href":"https:\/\/api.w.org\/{rel}","templated":true}]}}