{"id":2415,"date":"2022-08-25T21:12:41","date_gmt":"2022-08-25T18:12:41","guid":{"rendered":"https:\/\/oktaybanli.com.tr\/?page_id=2415"},"modified":"2023-12-06T15:53:56","modified_gmt":"2023-12-06T12:53:56","slug":"tup-mide-ameliyati-sonrasi-tekrar-kilo-alir-miyim","status":"publish","type":"page","link":"https:\/\/www.obezitecerrahiankara.com\/obezite\/tup-mide-ameliyati-sonrasi-tekrar-kilo-alir-miyim\/","title":{"rendered":"T\u00fcp Mide Ameliyat\u0131 Sonras\u0131 Tekrar Kilo Al\u0131r m\u0131y\u0131m?"},"content":{"rendered":"<section id=\"bt_section69dffbbbbf5bf\"  class=\"boldSection btDivider topSemiSpaced btDarkSkin gutter inherit wBackground cover\" style=\"background-color:#0176d5;background-image:url('https:\/\/www.obezitecerrahiankara.com\/obezite\/wp-content\/uploads\/2018\/03\/bgn-general-hospital-03.jpg');\"><div class=\"port\"><div class=\"boldCell\"><div class=\"boldCellInner\"><\/div><\/div><\/div><\/section><section id=\"bt_section69dffbbbbf611\"  class=\"boldSection topSpaced bottomSpaced gutter inherit\" style=\"background-color:rgb(255,255,255);\"><div class=\"port\"><div class=\"boldCell\"><div class=\"boldCellInner\"><div class=\"boldRow  \" ><div class=\"boldRowInner\"><div class=\"rowItem col-md-12 col-ms-12  btTextLeft animate animate-fadein inherit btDoublePadding\"  ><div class=\"rowItemContent\" ><div class=\"btText\" ><h3 style=\"text-align: center;\">T\u00fcp Mide Ameliyat\u0131 Sonras\u0131 Tekrar Kilo Al\u0131r m\u0131y\u0131m?<\/h3>\n<p><span style=\"font-weight: 400;\"><a href=\"https:\/\/oktaybanli.com.tr\/tup-mide-ameliyati-sleeve-gastrektomi\/\">T\u00fcp Mide Ameliyat\u0131<\/a> Sonras\u0131 Tekrar Kilo Al\u0131r m\u0131y\u0131m? Obezite ameliyatlar\u0131nda kilo alma g\u00f6r\u00fclebilir bir <a href=\"https:\/\/oktaybanli.com.tr\/tibbi-terimler\">komplikasyon<\/a>, g\u00f6r\u00fclebilir bir sonu\u00e7 ancak g\u00f6r\u00fclme oran\u0131 \u00e7ok y\u00fcksek de\u011fildir. A\u015f\u0131r\u0131 kalori t\u00fcketen, yani litrelerce kola i\u00e7en, dondurma yiyen, \u00e7ikolata t\u00fcketen hastalarda kilo vermede ba\u015far\u0131s\u0131zl\u0131klar ya da kilo verdikten sonra yeniden kilo almalar olabilir. Mide b\u00fcy\u00fcyebilen bir organd\u0131r. Kat\u0131-s\u0131v\u0131 ayr\u0131m\u0131n\u0131n iyi yap\u0131lmas\u0131 gerekmektedir. Hastalara \u00f6nce s\u0131v\u0131lar\u0131, yar\u0131m saat sonra kat\u0131 g\u0131dalar\u0131n t\u00fcketilmesini \u00f6nerilmekte. Kat\u0131 g\u0131dalar\u0131n \u00fczerine hemen s\u0131v\u0131 almas\u0131n\u0131 \u00f6nermiyoruz \u00e7\u00fcnk\u00fc mide i\u00e7erisindeki kat\u0131 g\u0131dalar s\u0131v\u0131y\u0131 \u00e7ekip geni\u015flerken mide duvar\u0131n\u0131 ve mide hacmini de geni\u015fletebilirler. Bu \u015fekilde ba\u015far\u0131s\u0131z olan hastalar\u0131n g\u00f6r\u00fclme oran\u0131 y\u0131la g\u00f6re de\u011fi\u015febilir.<\/span><\/p>\n<figure id=\"attachment_1958\" aria-describedby=\"caption-attachment-1958\" style=\"width: 748px\" class=\"wp-caption alignnone\"><img loading=\"lazy\" class=\" wp-image-1958\" src=\"http:\/\/oktaybanli.com.tr\/wp-content\/uploads\/2022\/08\/tup-mide-ameliyati-sonrasi-kilo-320x240.webp\" alt=\"T\u00fcp Mide Ameliyat\u0131 Sonras\u0131 Tekrar Kilo Al\u0131r m\u0131y\u0131m?\" width=\"748\" height=\"561\" srcset=\"https:\/\/www.obezitecerrahiankara.com\/obezite\/wp-content\/uploads\/2022\/08\/tup-mide-ameliyati-sonrasi-kilo-320x240.webp 320w, https:\/\/www.obezitecerrahiankara.com\/obezite\/wp-content\/uploads\/2022\/08\/tup-mide-ameliyati-sonrasi-kilo-540x405.webp 540w, https:\/\/www.obezitecerrahiankara.com\/obezite\/wp-content\/uploads\/2022\/08\/tup-mide-ameliyati-sonrasi-kilo.webp 567w\" sizes=\"(max-width: 748px) 100vw, 748px\" \/><figcaption id=\"caption-attachment-1958\" class=\"wp-caption-text\">T\u00fcp Mide Ameliyat\u0131 Sonras\u0131 Tekrar Kilo Al\u0131r m\u0131y\u0131m?<\/figcaption><\/figure>\n<p><span style=\"font-weight: 400;\">Uzun d\u00f6nemde 5 y\u0131l\u0131n sonunda haslar\u0131n %5-10\u2019unda kilo vermede ba\u015far\u0131s\u0131zl\u0131klar ya da yeniden kilo almalar g\u00f6r\u00fclebilir. Bunun sebebi hastan\u0131n iyi takip edilmemesi, kendi haline b\u0131rak\u0131lmas\u0131, hastaya iyi e\u011fitim verilmemesi gibi nedenler olabilir. Kilo almalar\u0131n \u00f6n\u00fcne ge\u00e7ilmesi i\u00e7in hastaya do\u011fru beslenme al\u0131\u015fkanl\u0131\u011f\u0131 edindirilmesi gerekir. Tabi t\u00fcm bunlara ra\u011fmen midesi b\u00fcy\u00fcyen, tekrar kilo alan, eski kilolar\u0131na yakla\u015fan hastalar nadir de olsa olabiliyor. T\u00fcp mide ameliyat\u0131 yap\u0131lan pek \u00e7ok say\u0131da hastaya tekrar revizyon ameliyat\u0131 yapt\u0131k. Revizyon ameliyat\u0131nda tekrar t\u00fcp mide ameliyat\u0131 yap\u0131labilir, mide k\u00fc\u00e7\u00fclt\u00fclebilir ama bu \u00e7ok tercih etti\u011fimiz bir y\u00f6ntem de\u011fildir. <a href=\"https:\/\/oktaybanli.com.tr\/revizyonel-bariatrik-cerrahi\/\">Revizyon ameliyat\u0131<\/a>nda \u00f6zellikle hastalar\u0131 mini gastrik bypass \u00e7evirerek\u00a0 tekrar kilo vermelerini sa\u011fl\u0131yoruz. Bu hastalarda ya da \u00e7ok a\u015f\u0131r\u0131 kilo alan hastalarda duodonal switch ameliyat\u0131 yaparak hastalar\u0131n tekrar kilo vermesini sa\u011flanabilir ve diyabetten kurtarmak m\u00fcmk\u00fcn olabilir. Revizyonel cerrahi \u00e7ok g\u00fcncel bir cerrahidir. T\u00fcp mide ameliyat\u0131nda ba\u015far\u0131s\u0131z olan hastalarda revizyonel cerrahi \u00f6neriyor ve yap\u0131yoruz.<\/span><\/p>\n<p><iframe loading=\"lazy\" title=\"Prof.Dr.Oktay Banl\u0131 - T\u00fcp Mide Sonras\u0131 Mide Geni\u015fler mi? Geri Kilo Al\u0131m\u0131 ve Revizyon Ameliyatlar\u0131\" width=\"1200\" height=\"675\" src=\"https:\/\/www.youtube.com\/embed\/vINTsqF5vis?start=8&#038;feature=oembed\" frameborder=\"0\" allow=\"accelerometer; autoplay; clipboard-write; encrypted-media; gyroscope; picture-in-picture; web-share\" allowfullscreen><\/iframe><\/p>\n<p style=\"text-align: center;\">T\u00fcp Mide Ameliyat\u0131 Sonras\u0131 Tekrar Kilo Al\u0131r m\u0131y\u0131m?<\/p>\n<p>[instagram-feed feed=3]<\/p>\n<\/div><\/div><\/div><\/div><\/div><\/div><\/div><\/div><\/section>","protected":false},"excerpt":{"rendered":"","protected":false},"author":1,"featured_media":2691,"parent":0,"menu_order":0,"comment_status":"closed","ping_status":"closed","template":"","meta":[],"yoast_head":"<!-- This site is optimized with the Yoast SEO Premium plugin v16.1 - https:\/\/yoast.com\/wordpress\/plugins\/seo\/ -->\n<title>T\u00fcp Mide Ameliyat\u0131 Sonras\u0131 Tekrar Kilo Al\u0131r m\u0131y\u0131m? | T\u00fcp Mide Ameliyat\u0131<\/title>\n<meta name=\"description\" content=\"T\u00fcp Mide Ameliyat\u0131 Sonras\u0131 Tekrar Kilo Al\u0131r m\u0131y\u0131m? Obezite ameliyatlar\u0131nda kilo alma g\u00f6r\u00fclebilir bir komplikasyon, g\u00f6r\u00fclebilir bir sonu\u00e7....\" \/>\n<link rel=\"canonical\" href=\"https:\/\/www.obezitecerrahiankara.com\/obezite\/tup-mide-ameliyati-sonrasi-tekrar-kilo-alir-miyim\/\" \/>\n<meta property=\"og:locale\" content=\"tr_TR\" \/>\n<meta property=\"og:type\" content=\"article\" \/>\n<meta property=\"og:title\" content=\"T\u00fcp Mide Ameliyat\u0131 Sonras\u0131 Tekrar Kilo Al\u0131r m\u0131y\u0131m? | T\u00fcp Mide Ameliyat\u0131\" \/>\n<meta property=\"og:description\" content=\"T\u00fcp Mide Ameliyat\u0131 Sonras\u0131 Tekrar Kilo Al\u0131r m\u0131y\u0131m? Obezite ameliyatlar\u0131nda kilo alma g\u00f6r\u00fclebilir bir komplikasyon, g\u00f6r\u00fclebilir bir sonu\u00e7....\" \/>\n<meta property=\"og:url\" content=\"https:\/\/www.obezitecerrahiankara.com\/obezite\/tup-mide-ameliyati-sonrasi-tekrar-kilo-alir-miyim\/\" \/>\n<meta property=\"og:site_name\" content=\"T\u00fcp Mide Ameliyat\u0131\" \/>\n<meta property=\"article:publisher\" content=\"https:\/\/www.facebook.com\/DrOktayBanli\/\" \/>\n<meta property=\"article:modified_time\" content=\"2023-12-06T12:53:56+00:00\" \/>\n<meta name=\"twitter:card\" content=\"summary_large_image\" \/>\n<meta name=\"twitter:image\" content=\"https:\/\/www.obezitecerrahiankara.com\/obezite\/wp-content\/uploads\/2023\/10\/top2.webp\" \/>\n<meta name=\"twitter:label1\" content=\"Tahmini okuma s\u00fcresi\">\n\t<meta name=\"twitter:data1\" content=\"5 dakika\">\n<script type=\"application\/ld+json\" class=\"yoast-schema-graph\">{\"@context\":\"https:\/\/schema.org\",\"@graph\":[{\"@type\":\"Organization\",\"@id\":\"https:\/\/www.obezitecerrahiankara.com\/obezite\/#organization\",\"name\":\"Prof. D. Oktay BANLI\",\"url\":\"https:\/\/www.obezitecerrahiankara.com\/obezite\/\",\"sameAs\":[\"https:\/\/www.facebook.com\/DrOktayBanli\/\",\"https:\/\/www.instagram.com\/prof.dr.oktaybanli\/\",\"https:\/\/www.youtube.com\/channel\/UCMbJlYVnIneRr8FYnNg_XTQ\"],\"logo\":{\"@type\":\"ImageObject\",\"@id\":\"https:\/\/www.obezitecerrahiankara.com\/obezite\/#logo\",\"inLanguage\":\"tr\",\"url\":\"https:\/\/oktaybanli.com.tr\/wp-content\/uploads\/2022\/08\/oktay-banli-logo-03.webp\",\"contentUrl\":\"https:\/\/oktaybanli.com.tr\/wp-content\/uploads\/2022\/08\/oktay-banli-logo-03.webp\",\"width\":198,\"height\":88,\"caption\":\"Prof. D. Oktay BANLI\"},\"image\":{\"@id\":\"https:\/\/www.obezitecerrahiankara.com\/obezite\/#logo\"}},{\"@type\":\"WebSite\",\"@id\":\"https:\/\/www.obezitecerrahiankara.com\/obezite\/#website\",\"url\":\"https:\/\/www.obezitecerrahiankara.com\/obezite\/\",\"name\":\"T\\u00fcp Mide Ameliyat\\u0131\",\"description\":\"Obezite Cerrahisi\",\"publisher\":{\"@id\":\"https:\/\/www.obezitecerrahiankara.com\/obezite\/#organization\"},\"potentialAction\":[{\"@type\":\"SearchAction\",\"target\":\"https:\/\/www.obezitecerrahiankara.com\/obezite\/?s={search_term_string}\",\"query-input\":\"required name=search_term_string\"}],\"inLanguage\":\"tr\"},{\"@type\":\"ImageObject\",\"@id\":\"https:\/\/www.obezitecerrahiankara.com\/obezite\/tup-mide-ameliyati-sonrasi-tekrar-kilo-alir-miyim\/#primaryimage\",\"inLanguage\":\"tr\",\"url\":\"https:\/\/www.obezitecerrahiankara.com\/obezite\/wp-content\/uploads\/2023\/10\/top2.webp\",\"contentUrl\":\"https:\/\/www.obezitecerrahiankara.com\/obezite\/wp-content\/uploads\/2023\/10\/top2.webp\",\"width\":2500,\"height\":1227},{\"@type\":\"WebPage\",\"@id\":\"https:\/\/www.obezitecerrahiankara.com\/obezite\/tup-mide-ameliyati-sonrasi-tekrar-kilo-alir-miyim\/#webpage\",\"url\":\"https:\/\/www.obezitecerrahiankara.com\/obezite\/tup-mide-ameliyati-sonrasi-tekrar-kilo-alir-miyim\/\",\"name\":\"T\\u00fcp Mide Ameliyat\\u0131 Sonras\\u0131 Tekrar Kilo Al\\u0131r m\\u0131y\\u0131m? | T\\u00fcp Mide Ameliyat\\u0131\",\"isPartOf\":{\"@id\":\"https:\/\/www.obezitecerrahiankara.com\/obezite\/#website\"},\"primaryImageOfPage\":{\"@id\":\"https:\/\/www.obezitecerrahiankara.com\/obezite\/tup-mide-ameliyati-sonrasi-tekrar-kilo-alir-miyim\/#primaryimage\"},\"datePublished\":\"2022-08-25T18:12:41+00:00\",\"dateModified\":\"2023-12-06T12:53:56+00:00\",\"description\":\"T\\u00fcp Mide Ameliyat\\u0131 Sonras\\u0131 Tekrar Kilo Al\\u0131r m\\u0131y\\u0131m? Obezite ameliyatlar\\u0131nda kilo alma g\\u00f6r\\u00fclebilir bir komplikasyon, g\\u00f6r\\u00fclebilir bir sonu\\u00e7....\",\"breadcrumb\":{\"@id\":\"https:\/\/www.obezitecerrahiankara.com\/obezite\/tup-mide-ameliyati-sonrasi-tekrar-kilo-alir-miyim\/#breadcrumb\"},\"inLanguage\":\"tr\",\"potentialAction\":[{\"@type\":\"ReadAction\",\"target\":[\"https:\/\/www.obezitecerrahiankara.com\/obezite\/tup-mide-ameliyati-sonrasi-tekrar-kilo-alir-miyim\/\"]}]},{\"@type\":\"BreadcrumbList\",\"@id\":\"https:\/\/www.obezitecerrahiankara.com\/obezite\/tup-mide-ameliyati-sonrasi-tekrar-kilo-alir-miyim\/#breadcrumb\",\"itemListElement\":[{\"@type\":\"ListItem\",\"position\":1,\"item\":{\"@type\":\"WebPage\",\"@id\":\"https:\/\/www.obezitecerrahiankara.com\/obezite\/\",\"url\":\"https:\/\/www.obezitecerrahiankara.com\/obezite\/\",\"name\":\"Home\"}},{\"@type\":\"ListItem\",\"position\":2,\"item\":{\"@type\":\"WebPage\",\"@id\":\"https:\/\/www.obezitecerrahiankara.com\/obezite\/tup-mide-ameliyati-sonrasi-tekrar-kilo-alir-miyim\/\",\"url\":\"https:\/\/www.obezitecerrahiankara.com\/obezite\/tup-mide-ameliyati-sonrasi-tekrar-kilo-alir-miyim\/\",\"name\":\"T\\u00fcp Mide Ameliyat\\u0131 Sonras\\u0131 Tekrar Kilo Al\\u0131r m\\u0131y\\u0131m?\"}}]}]}<\/script>\n<!-- \/ Yoast SEO Premium plugin. -->","_links":{"self":[{"href":"https:\/\/www.obezitecerrahiankara.com\/obezite\/wp-json\/wp\/v2\/pages\/2415"}],"collection":[{"href":"https:\/\/www.obezitecerrahiankara.com\/obezite\/wp-json\/wp\/v2\/pages"}],"about":[{"href":"https:\/\/www.obezitecerrahiankara.com\/obezite\/wp-json\/wp\/v2\/types\/page"}],"author":[{"embeddable":true,"href":"https:\/\/www.obezitecerrahiankara.com\/obezite\/wp-json\/wp\/v2\/users\/1"}],"replies":[{"embeddable":true,"href":"https:\/\/www.obezitecerrahiankara.com\/obezite\/wp-json\/wp\/v2\/comments?post=2415"}],"version-history":[{"count":2,"href":"https:\/\/www.obezitecerrahiankara.com\/obezite\/wp-json\/wp\/v2\/pages\/2415\/revisions"}],"predecessor-version":[{"id":2916,"href":"https:\/\/www.obezitecerrahiankara.com\/obezite\/wp-json\/wp\/v2\/pages\/2415\/revisions\/2916"}],"wp:featuredmedia":[{"embeddable":true,"href":"https:\/\/www.obezitecerrahiankara.com\/obezite\/wp-json\/wp\/v2\/media\/2691"}],"wp:attachment":[{"href":"https:\/\/www.obezitecerrahiankara.com\/obezite\/wp-json\/wp\/v2\/media?parent=2415"}],"curies":[{"name":"wp","href":"https:\/\/api.w.org\/{rel}","templated":true}]}}