{"id":2418,"date":"2022-08-25T21:15:54","date_gmt":"2022-08-25T18:15:54","guid":{"rendered":"https:\/\/oktaybanli.com.tr\/?page_id=2418"},"modified":"2023-12-06T15:54:00","modified_gmt":"2023-12-06T12:54:00","slug":"seker-hastaligi-obezite-ameliyati-ile-tedavi-edilir-mi","status":"publish","type":"page","link":"https:\/\/www.obezitecerrahiankara.com\/obezite\/seker-hastaligi-obezite-ameliyati-ile-tedavi-edilir-mi\/","title":{"rendered":"\u015eeker Hastal\u0131\u011f\u0131 Obezite Ameliyat\u0131 ile Tedavi Edilir mi?"},"content":{"rendered":"<section id=\"bt_section69dfe6418d330\"  class=\"boldSection topSpaced bottomSpaced gutter inherit\" style=\"background-color:rgb(255,255,255);\"><div class=\"port\"><div class=\"boldCell\"><div class=\"boldCellInner\"><div class=\"boldRow  \" ><div class=\"boldRowInner\"><div class=\"rowItem col-md-12 col-ms-12  btTextLeft animate animate-fadein inherit btDoublePadding\"  ><div class=\"rowItemContent\" ><div class=\"btText\" ><h3 style=\"text-align: center;\">\u015eeker Hastal\u0131\u011f\u0131 Obezite Ameliyat\u0131 ile Tedavi Edilir mi?<\/h3>\n<p><span style=\"font-weight: 400;\"><a href=\"https:\/\/oktaybanli.com.tr\/tibbi-terimler\">\u015eeker Hastal\u0131\u011f<\/a>\u0131 Obezite Ameliyat\u0131 ile Tedavi Edilir mi? \u015eeker hastal\u0131\u011f\u0131n\u0131n bir ameliyat\u0131 varm\u0131\u015f gibi yanl\u0131\u015f bir alg\u0131lama var. \u015eeker hastal\u0131\u011f\u0131n\u0131n tan\u0131mlanm\u0131\u015f bir ameliyat\u0131 yok malesef. Fakat obezite ameliyatlar\u0131ndan sonra \u015feker hastal\u0131\u011f\u0131 d\u00fczelebiliyor. Bu d\u00fczelme iki mekanizma ile ger\u00e7ekle\u015fiyor. Birincisi <a href=\"https:\/\/oktaybanli.com.tr\/tup-mide-ameliyati-sleeve-gastrektomi\/\">t\u00fcp mide ameliyat\u0131<\/a> olan hastalar\u0131n v\u00fccutlar\u0131ndaki ya\u011f miktar\u0131 azald\u0131ktan sonra <a href=\"https:\/\/oktaybanli.com.tr\/tup-mide-ameliyati-sleeve-gastrektomi\/\">diyabet reg\u00fclasyonlar\u0131<\/a> \u00e7ok kolay oluyor. \u00c7ok az ins\u00fcline ihtiya\u00e7 duyuyorlar. Genellikle oral antidiyabetik kullan\u0131m\u0131na son veriliyor. Yine gastrik ameliyat\u0131ndan sonra baz\u0131 hormonal\u00a0 mekanizmalar devreye giriyor hasta taburcu olduktan yakla\u015f\u0131k on g\u00fcn i\u00e7erisinde ins\u00fclini ve oral antidiyabetik ila\u00e7lar\u0131 kesti\u011fini g\u00f6r\u00fcyoruz.<\/span><\/p>\n<figure id=\"attachment_1962\" aria-describedby=\"caption-attachment-1962\" style=\"width: 750px\" class=\"wp-caption alignnone\"><img loading=\"lazy\" class=\"wp-image-1962\" src=\"http:\/\/oktaybanli.com.tr\/wp-content\/uploads\/2022\/08\/seker-hastaligi-obezite-ameliyati-ile-tedavi-edilirmi-320x213.webp\" alt=\"\u015eeker Hastal\u0131\u011f\u0131 Obezite Ameliyat\u0131 ile Tedavi Edilir mi?\" width=\"750\" height=\"499\" srcset=\"https:\/\/www.obezitecerrahiankara.com\/obezite\/wp-content\/uploads\/2022\/08\/seker-hastaligi-obezite-ameliyati-ile-tedavi-edilirmi-320x213.webp 320w, https:\/\/www.obezitecerrahiankara.com\/obezite\/wp-content\/uploads\/2022\/08\/seker-hastaligi-obezite-ameliyati-ile-tedavi-edilirmi-768x512.webp 768w, https:\/\/www.obezitecerrahiankara.com\/obezite\/wp-content\/uploads\/2022\/08\/seker-hastaligi-obezite-ameliyati-ile-tedavi-edilirmi-540x360.webp 540w, https:\/\/www.obezitecerrahiankara.com\/obezite\/wp-content\/uploads\/2022\/08\/seker-hastaligi-obezite-ameliyati-ile-tedavi-edilirmi.webp 1181w\" sizes=\"(max-width: 750px) 100vw, 750px\" \/><figcaption id=\"caption-attachment-1962\" class=\"wp-caption-text\">\u015eeker Hastal\u0131\u011f\u0131 Obezite Ameliyat\u0131 ile Tedavi Edilir mi?<\/figcaption><\/figure>\n<p><span style=\"font-weight: 400;\">Obezite\u00a0 ameliyatlar\u0131ndan sonra \u015feker hastal\u0131\u011f\u0131n\u0131n d\u00fczelmesi ve tedavi edilmesi \u015feker hastas\u0131n\u0131n ya\u015f\u0131 ile de \u00e7ok ilgilidir. Mesela 5 y\u0131ll\u0131k bir diyabet hastas\u0131nda d\u00fczelme oran\u0131 y\u00fczde 80-85 lere yak\u0131n. Ama 20 y\u0131ll\u0131k bir diyabet hastas\u0131nda diyabetin\u00a0 tamamen d\u00fczelme ihtimali daha da d\u00fc\u015f\u00fcyor. Diyabetin ve reg\u00fclasyonun durumu, ins\u00fclin kullan\u0131p kullanmad\u0131\u011f\u0131, ne kadarl\u0131k bir ins\u00fcline gerek duydu\u011fu \u00e7ok iyi analiz edilmelidir. Hastan\u0131n ameliyattan sonra diyabetle ilgili d\u00fczenli beklentisini de do\u011fru y\u00f6nlendirmek laz\u0131m. Yani \u015f\u00f6yle bir alg\u0131 olu\u015fmamal\u0131. Obezite ameliyatlar\u0131 diyabeti de tedavi ediyor, malesef \u00f6yle de\u011fil. Diyabetin reg\u00fclasyonu, diyabetin d\u00fczelmesi, diyabet ila\u00e7lar\u0131n\u0131n kesilmesi \u00e7ok b\u00fcy\u00fck oranda sa\u011flan\u0131yor. Ancak hastan\u0131n durumu \u00e7ok \u00f6nemli. Diyabetin d\u00fczelmesi i\u00e7in hi\u00e7bir ila\u00e7 kullanmadan, hi\u00e7 <a href=\"http:\/\/oktaybanli.com.tr\/tup-mide-ameliyati-sleeve-gastrektomi\/\">ins\u00fclin<\/a> kullanmadan, hastada y\u00fczde 25-30 ins\u00fclin rezervinin mevcut olmas\u0131 gerek. \u0130ns\u00fclin rezervi \u00e7ok d\u00fc\u015f\u00fck veya tamamen bitmi\u015f olan hastalarda obezite ameliyatlar\u0131n\u0131n diyabeti d\u00fczeltmedeki ba\u015far\u0131s\u0131 da d\u00fc\u015f\u00fcyor. Bunu her hasta i\u00e7in ayr\u0131 ayr\u0131 ele almak gerek. Hastan\u0131n diyabeti ile kilosuyla, yanda\u015f hastal\u0131\u011f\u0131ndaki reg\u00fclasyon durumu iyi de\u011ferlendirilmeli. Hastaya iyile\u015fme ihtimalinin ne kadar olaca\u011f\u0131 mutlaka \u00f6nceden ifade edilmeli.<\/span><\/p>\n<p><iframe loading=\"lazy\" title=\"OBEZ\u0130TE AMEL\u0130YATLARI VE \u015eEKER HASTALI\u011eI- NTV GECE B\u00dcLTEN\u0130-09.02.2018\" width=\"1200\" height=\"675\" src=\"https:\/\/www.youtube.com\/embed\/PkBavViXNLA?feature=oembed\" frameborder=\"0\" allow=\"accelerometer; autoplay; clipboard-write; encrypted-media; gyroscope; picture-in-picture; web-share\" allowfullscreen><\/iframe><\/p>\n<p style=\"text-align: center;\">\u015eeker Hastal\u0131\u011f\u0131 Obezite Ameliyat\u0131 ile Tedavi Edilir mi?<\/p>\n<p>[instagram-feed feed=3]<\/p>\n<\/div><\/div><\/div><\/div><\/div><\/div><\/div><\/div><\/section>","protected":false},"excerpt":{"rendered":"","protected":false},"author":1,"featured_media":2691,"parent":0,"menu_order":0,"comment_status":"closed","ping_status":"closed","template":"","meta":[],"yoast_head":"<!-- This site is optimized with the Yoast SEO Premium plugin v16.1 - https:\/\/yoast.com\/wordpress\/plugins\/seo\/ -->\n<title>\u015eeker Hastal\u0131\u011f\u0131 Obezite Ameliyat\u0131 ile Tedavi Edilir mi? | T\u00fcp Mide Ameliyat\u0131<\/title>\n<meta name=\"description\" content=\"\u015eeker Hastal\u0131\u011f\u0131 Obezite Ameliyat\u0131 ile Tedavi Edilir mi? bezite ameliyatlar\u0131ndan sonra \u015feker hastal\u0131\u011f\u0131 d\u00fczelebiliyor. Bu d\u00fczelme iki mekanizma\" \/>\n<link rel=\"canonical\" href=\"https:\/\/www.obezitecerrahiankara.com\/obezite\/seker-hastaligi-obezite-ameliyati-ile-tedavi-edilir-mi\/\" \/>\n<meta property=\"og:locale\" content=\"tr_TR\" \/>\n<meta property=\"og:type\" content=\"article\" \/>\n<meta property=\"og:title\" content=\"\u015eeker Hastal\u0131\u011f\u0131 Obezite Ameliyat\u0131 ile Tedavi Edilir mi? | T\u00fcp Mide Ameliyat\u0131\" \/>\n<meta property=\"og:description\" content=\"\u015eeker Hastal\u0131\u011f\u0131 Obezite Ameliyat\u0131 ile Tedavi Edilir mi? bezite ameliyatlar\u0131ndan sonra \u015feker hastal\u0131\u011f\u0131 d\u00fczelebiliyor. Bu d\u00fczelme iki mekanizma\" \/>\n<meta property=\"og:url\" content=\"https:\/\/www.obezitecerrahiankara.com\/obezite\/seker-hastaligi-obezite-ameliyati-ile-tedavi-edilir-mi\/\" \/>\n<meta property=\"og:site_name\" content=\"T\u00fcp Mide Ameliyat\u0131\" \/>\n<meta property=\"article:publisher\" content=\"https:\/\/www.facebook.com\/DrOktayBanli\/\" \/>\n<meta property=\"article:modified_time\" content=\"2023-12-06T12:54:00+00:00\" \/>\n<meta name=\"twitter:card\" content=\"summary_large_image\" \/>\n<meta name=\"twitter:image\" content=\"https:\/\/www.obezitecerrahiankara.com\/obezite\/wp-content\/uploads\/2023\/10\/top2.webp\" \/>\n<meta name=\"twitter:label1\" content=\"Tahmini okuma s\u00fcresi\">\n\t<meta name=\"twitter:data1\" content=\"5 dakika\">\n<script type=\"application\/ld+json\" class=\"yoast-schema-graph\">{\"@context\":\"https:\/\/schema.org\",\"@graph\":[{\"@type\":\"Organization\",\"@id\":\"https:\/\/www.obezitecerrahiankara.com\/obezite\/#organization\",\"name\":\"Prof. D. Oktay BANLI\",\"url\":\"https:\/\/www.obezitecerrahiankara.com\/obezite\/\",\"sameAs\":[\"https:\/\/www.facebook.com\/DrOktayBanli\/\",\"https:\/\/www.instagram.com\/prof.dr.oktaybanli\/\",\"https:\/\/www.youtube.com\/channel\/UCMbJlYVnIneRr8FYnNg_XTQ\"],\"logo\":{\"@type\":\"ImageObject\",\"@id\":\"https:\/\/www.obezitecerrahiankara.com\/obezite\/#logo\",\"inLanguage\":\"tr\",\"url\":\"https:\/\/oktaybanli.com.tr\/wp-content\/uploads\/2022\/08\/oktay-banli-logo-03.webp\",\"contentUrl\":\"https:\/\/oktaybanli.com.tr\/wp-content\/uploads\/2022\/08\/oktay-banli-logo-03.webp\",\"width\":198,\"height\":88,\"caption\":\"Prof. D. Oktay BANLI\"},\"image\":{\"@id\":\"https:\/\/www.obezitecerrahiankara.com\/obezite\/#logo\"}},{\"@type\":\"WebSite\",\"@id\":\"https:\/\/www.obezitecerrahiankara.com\/obezite\/#website\",\"url\":\"https:\/\/www.obezitecerrahiankara.com\/obezite\/\",\"name\":\"T\\u00fcp Mide Ameliyat\\u0131\",\"description\":\"Obezite Cerrahisi\",\"publisher\":{\"@id\":\"https:\/\/www.obezitecerrahiankara.com\/obezite\/#organization\"},\"potentialAction\":[{\"@type\":\"SearchAction\",\"target\":\"https:\/\/www.obezitecerrahiankara.com\/obezite\/?s={search_term_string}\",\"query-input\":\"required name=search_term_string\"}],\"inLanguage\":\"tr\"},{\"@type\":\"ImageObject\",\"@id\":\"https:\/\/www.obezitecerrahiankara.com\/obezite\/seker-hastaligi-obezite-ameliyati-ile-tedavi-edilir-mi\/#primaryimage\",\"inLanguage\":\"tr\",\"url\":\"https:\/\/www.obezitecerrahiankara.com\/obezite\/wp-content\/uploads\/2023\/10\/top2.webp\",\"contentUrl\":\"https:\/\/www.obezitecerrahiankara.com\/obezite\/wp-content\/uploads\/2023\/10\/top2.webp\",\"width\":2500,\"height\":1227},{\"@type\":\"WebPage\",\"@id\":\"https:\/\/www.obezitecerrahiankara.com\/obezite\/seker-hastaligi-obezite-ameliyati-ile-tedavi-edilir-mi\/#webpage\",\"url\":\"https:\/\/www.obezitecerrahiankara.com\/obezite\/seker-hastaligi-obezite-ameliyati-ile-tedavi-edilir-mi\/\",\"name\":\"\\u015eeker Hastal\\u0131\\u011f\\u0131 Obezite Ameliyat\\u0131 ile Tedavi Edilir mi? | T\\u00fcp Mide Ameliyat\\u0131\",\"isPartOf\":{\"@id\":\"https:\/\/www.obezitecerrahiankara.com\/obezite\/#website\"},\"primaryImageOfPage\":{\"@id\":\"https:\/\/www.obezitecerrahiankara.com\/obezite\/seker-hastaligi-obezite-ameliyati-ile-tedavi-edilir-mi\/#primaryimage\"},\"datePublished\":\"2022-08-25T18:15:54+00:00\",\"dateModified\":\"2023-12-06T12:54:00+00:00\",\"description\":\"\\u015eeker Hastal\\u0131\\u011f\\u0131 Obezite Ameliyat\\u0131 ile Tedavi Edilir mi? bezite ameliyatlar\\u0131ndan sonra \\u015feker hastal\\u0131\\u011f\\u0131 d\\u00fczelebiliyor. Bu d\\u00fczelme iki mekanizma\",\"breadcrumb\":{\"@id\":\"https:\/\/www.obezitecerrahiankara.com\/obezite\/seker-hastaligi-obezite-ameliyati-ile-tedavi-edilir-mi\/#breadcrumb\"},\"inLanguage\":\"tr\",\"potentialAction\":[{\"@type\":\"ReadAction\",\"target\":[\"https:\/\/www.obezitecerrahiankara.com\/obezite\/seker-hastaligi-obezite-ameliyati-ile-tedavi-edilir-mi\/\"]}]},{\"@type\":\"BreadcrumbList\",\"@id\":\"https:\/\/www.obezitecerrahiankara.com\/obezite\/seker-hastaligi-obezite-ameliyati-ile-tedavi-edilir-mi\/#breadcrumb\",\"itemListElement\":[{\"@type\":\"ListItem\",\"position\":1,\"item\":{\"@type\":\"WebPage\",\"@id\":\"https:\/\/www.obezitecerrahiankara.com\/obezite\/\",\"url\":\"https:\/\/www.obezitecerrahiankara.com\/obezite\/\",\"name\":\"Home\"}},{\"@type\":\"ListItem\",\"position\":2,\"item\":{\"@type\":\"WebPage\",\"@id\":\"https:\/\/www.obezitecerrahiankara.com\/obezite\/seker-hastaligi-obezite-ameliyati-ile-tedavi-edilir-mi\/\",\"url\":\"https:\/\/www.obezitecerrahiankara.com\/obezite\/seker-hastaligi-obezite-ameliyati-ile-tedavi-edilir-mi\/\",\"name\":\"\\u015eeker Hastal\\u0131\\u011f\\u0131 Obezite Ameliyat\\u0131 ile Tedavi Edilir mi?\"}}]}]}<\/script>\n<!-- \/ Yoast SEO Premium plugin. -->","_links":{"self":[{"href":"https:\/\/www.obezitecerrahiankara.com\/obezite\/wp-json\/wp\/v2\/pages\/2418"}],"collection":[{"href":"https:\/\/www.obezitecerrahiankara.com\/obezite\/wp-json\/wp\/v2\/pages"}],"about":[{"href":"https:\/\/www.obezitecerrahiankara.com\/obezite\/wp-json\/wp\/v2\/types\/page"}],"author":[{"embeddable":true,"href":"https:\/\/www.obezitecerrahiankara.com\/obezite\/wp-json\/wp\/v2\/users\/1"}],"replies":[{"embeddable":true,"href":"https:\/\/www.obezitecerrahiankara.com\/obezite\/wp-json\/wp\/v2\/comments?post=2418"}],"version-history":[{"count":2,"href":"https:\/\/www.obezitecerrahiankara.com\/obezite\/wp-json\/wp\/v2\/pages\/2418\/revisions"}],"predecessor-version":[{"id":2917,"href":"https:\/\/www.obezitecerrahiankara.com\/obezite\/wp-json\/wp\/v2\/pages\/2418\/revisions\/2917"}],"wp:featuredmedia":[{"embeddable":true,"href":"https:\/\/www.obezitecerrahiankara.com\/obezite\/wp-json\/wp\/v2\/media\/2691"}],"wp:attachment":[{"href":"https:\/\/www.obezitecerrahiankara.com\/obezite\/wp-json\/wp\/v2\/media?parent=2418"}],"curies":[{"name":"wp","href":"https:\/\/api.w.org\/{rel}","templated":true}]}}