{"id":2421,"date":"2022-08-25T21:17:46","date_gmt":"2022-08-25T18:17:46","guid":{"rendered":"https:\/\/oktaybanli.com.tr\/?page_id=2421"},"modified":"2023-12-06T15:54:04","modified_gmt":"2023-12-06T12:54:04","slug":"tup-mide-ameliyati-hayati-nasil-degistirir-2","status":"publish","type":"page","link":"https:\/\/www.obezitecerrahiankara.com\/obezite\/tup-mide-ameliyati-hayati-nasil-degistirir-2\/","title":{"rendered":"T\u00fcp Mide Ameliyat\u0131 Hayat\u0131 Nas\u0131l De\u011fi\u015ftirir?"},"content":{"rendered":"<section id=\"bt_section69dfe644edc55\"  class=\"boldSection topSpaced bottomSpaced gutter inherit\" style=\"background-color:rgb(255,255,255);\"><div class=\"port\"><div class=\"boldCell\"><div class=\"boldCellInner\"><div class=\"boldRow  \" ><div class=\"boldRowInner\"><div class=\"rowItem col-md-12 col-ms-12  btTextLeft animate animate-fadein inherit btDoublePadding\"  ><div class=\"rowItemContent\" ><div class=\"btText\" ><h3 style=\"text-align: center;\">T\u00fcp Mide Ameliyat\u0131 Hayat\u0131 Nas\u0131l De\u011fi\u015ftirir?<\/h3>\n<p><span style=\"font-weight: 400;\"><a href=\"https:\/\/oktaybanli.com.tr\/tup-mide-ameliyati-sleeve-gastrektomi\/\">T\u00fcp Mide Ameliyat\u0131<\/a> Hayat\u0131 Nas\u0131l De\u011fi\u015ftirir? Obezite ameliyatlar\u0131 hayat\u0131 olumlu y\u00f6nde de\u011fi\u015ftirmekte. Hastalar\u0131m\u0131z\u0131n h\u0131zl\u0131ca kilo verdi\u011fini g\u00f6rmekteyiz. Aktivitelerinin artt\u0131\u011f\u0131n\u0131, morallerinin d\u00fczeldi\u011fini, diledi\u011fi k\u0131yafetleri giyebildi\u011fini ve kendine yak\u0131\u015ft\u0131rd\u0131\u011f\u0131n\u0131, bedenleriyle bar\u0131\u015f\u0131k oldu\u011funu g\u00f6rmekteyiz. Ve hastalar\u0131m\u0131za \u201cbu senin yeni hayat\u0131n\u201d diyoruz. Yeni bir hayat! <\/span><\/p>\n<figure id=\"attachment_1968\" aria-describedby=\"caption-attachment-1968\" style=\"width: 748px\" class=\"wp-caption alignnone\"><img loading=\"lazy\" class=\"wp-image-1968\" src=\"http:\/\/oktaybanli.com.tr\/wp-content\/uploads\/2022\/08\/tup-mide-ameliyati-hayati-nasil-degistirir-320x213.webp\" alt=\"T\u00fcp Mide Ameliyat\u0131 Hayat\u0131 Nas\u0131l De\u011fi\u015ftirir?\" width=\"748\" height=\"498\" \/><figcaption id=\"caption-attachment-1968\" class=\"wp-caption-text\">T\u00fcp Mide Ameliyat\u0131 Hayat\u0131 Nas\u0131l De\u011fi\u015ftirir?<\/figcaption><\/figure>\n<p><span style=\"font-weight: 400;\">Obezite ameliyatlar\u0131 sonras\u0131 hastan\u0131n kilo verdik\u00e7e psiko-sosyal durumu da d\u00fczeliyor. Daha \u00e7ok d\u0131\u015far\u0131 \u00e7\u0131k\u0131yor, daha d\u0131\u015fa d\u00f6n\u00fck bir ya\u015fam s\u00fcr\u00fcyor. Evinde de daha mutlu oldu\u011funu g\u00f6r\u00fcyoruz hastalar\u0131m\u0131z\u0131n. \u00c7ok nadirde olsa baz\u0131 hastalar ameliyat sonras\u0131 pi\u015fmanl\u0131k hissine kap\u0131labiliyor. \u201cNeden b\u00f6yle bir ameliyat oldum?\u201d \u015feklinde pi\u015fmanl\u0131klar\u0131n\u0131 dile getirebiliyorlar. Pi\u015fmanl\u0131k duyan hastalar\u0131n hayat\u0131 genellikle yeme i\u00e7me odakl\u0131 oluyor. Hayat\u0131n\u0131n en b\u00fcy\u00fck hazz\u0131n\u0131, en b\u00fcy\u00fck keyfini yeme i\u00e7me olarak ortaya koymu\u015f hastalar. Tabi bu zevki o hastalardan ald\u0131\u011f\u0131n\u0131zda zaman zaman pi\u015fman olan depresyona giren bir iki hastam\u0131z oldu ama zaman i\u00e7erisinde onlar da d\u00fczeldi. B\u00f6yle d\u00fc\u015f\u00fcnen hastalar\u0131 mutlaka psikiyatrik de\u011ferlendirmeye tabi tutup tedaviye de y\u00f6nlendirmek gerekmekte. Ama genel anlamda hastalar\u0131n ya\u015fama kalitesinin \u00e7ok \u00e7ok artt\u0131\u011f\u0131n\u0131 ve \u00e7ok mutlu olduklar\u0131n\u0131 g\u00f6rmekteyiz. Hastalar yanda\u015f hastal\u0131klar\u0131ndan, uyku apnelerinden kurtulmakta, kaliteli uykuya sahip olmaktalar. \u015eeker hastas\u0131 olan hastalar\u0131n ins\u00fclini kesti\u011fini, oral antidiyabetik ila\u00e7lar\u0131 kesti\u011fini g\u00f6rmekteyiz. Art\u0131k hayatlar\u0131nda \u015fekerle ilgili problem ya\u015famayan hastalar tedavinin bu y\u00f6n\u00fcyle \u00e7ok mutlu oluyorlar. Yine kilo verdik\u00e7e <a href=\"https:\/\/oktaybanli.com.tr\/tup-mide-ameliyati-sleeve-gastrektomi\/\">hipertansiyonun<\/a> d\u00fczeldi\u011fi, diz a\u011fr\u0131lar\u0131n\u0131n, bel a\u011fr\u0131lar\u0131n\u0131n d\u00fczeldi\u011fi, aktivitelerinin artt\u0131\u011f\u0131 bir hayat! K\u0131saca hayat\u0131 g\u00fczelle\u015ftiriyor diyebiliriz.<\/span><\/p>\n<p><iframe loading=\"lazy\" title=\"Prof.Dr. Oktay Banl\u0131 - Obezite Ameliyatlar\u0131 Ya\u015fam\u0131 Nas\u0131l De\u011fi\u015ftirir?\" width=\"1200\" height=\"675\" src=\"https:\/\/www.youtube.com\/embed\/7--BsusMB-U?feature=oembed\" frameborder=\"0\" allow=\"accelerometer; autoplay; clipboard-write; encrypted-media; gyroscope; picture-in-picture; web-share\" allowfullscreen><\/iframe><\/p>\n<p style=\"text-align: center;\">T\u00fcp Mide Ameliyat\u0131 Hayat\u0131 Nas\u0131l De\u011fi\u015ftirir?<\/p>\n<p>[instagram-feed feed=3]<\/p>\n<\/div><\/div><\/div><\/div><\/div><\/div><\/div><\/div><\/section>","protected":false},"excerpt":{"rendered":"","protected":false},"author":1,"featured_media":2691,"parent":0,"menu_order":0,"comment_status":"closed","ping_status":"closed","template":"","meta":[],"yoast_head":"<!-- This site is optimized with the Yoast SEO Premium plugin v16.1 - https:\/\/yoast.com\/wordpress\/plugins\/seo\/ -->\n<title>T\u00fcp Mide Ameliyat\u0131 Hayat\u0131 Nas\u0131l De\u011fi\u015ftirir? | T\u00fcp Mide Ameliyat\u0131<\/title>\n<meta name=\"description\" content=\"T\u00fcp Mide Ameliyat\u0131 Hayat\u0131 Nas\u0131l De\u011fi\u015ftirir? Obezite ameliyatlar\u0131 hayat\u0131 olumlu y\u00f6nde de\u011fi\u015ftirmekte. Hastalar\u0131m\u0131z\u0131n h\u0131zl\u0131ca kilo verdi\u011fini...\" \/>\n<link rel=\"canonical\" href=\"https:\/\/www.obezitecerrahiankara.com\/obezite\/tup-mide-ameliyati-hayati-nasil-degistirir-2\/\" \/>\n<meta property=\"og:locale\" content=\"tr_TR\" \/>\n<meta property=\"og:type\" content=\"article\" \/>\n<meta property=\"og:title\" content=\"T\u00fcp Mide Ameliyat\u0131 Hayat\u0131 Nas\u0131l De\u011fi\u015ftirir? | T\u00fcp Mide Ameliyat\u0131\" \/>\n<meta property=\"og:description\" content=\"T\u00fcp Mide Ameliyat\u0131 Hayat\u0131 Nas\u0131l De\u011fi\u015ftirir? Obezite ameliyatlar\u0131 hayat\u0131 olumlu y\u00f6nde de\u011fi\u015ftirmekte. Hastalar\u0131m\u0131z\u0131n h\u0131zl\u0131ca kilo verdi\u011fini...\" \/>\n<meta property=\"og:url\" content=\"https:\/\/www.obezitecerrahiankara.com\/obezite\/tup-mide-ameliyati-hayati-nasil-degistirir-2\/\" \/>\n<meta property=\"og:site_name\" content=\"T\u00fcp Mide Ameliyat\u0131\" \/>\n<meta property=\"article:publisher\" content=\"https:\/\/www.facebook.com\/DrOktayBanli\/\" \/>\n<meta property=\"article:modified_time\" content=\"2023-12-06T12:54:04+00:00\" \/>\n<meta name=\"twitter:card\" content=\"summary_large_image\" \/>\n<meta name=\"twitter:image\" content=\"https:\/\/www.obezitecerrahiankara.com\/obezite\/wp-content\/uploads\/2023\/10\/top2.webp\" \/>\n<meta name=\"twitter:label1\" content=\"Tahmini okuma s\u00fcresi\">\n\t<meta name=\"twitter:data1\" content=\"5 dakika\">\n<script type=\"application\/ld+json\" class=\"yoast-schema-graph\">{\"@context\":\"https:\/\/schema.org\",\"@graph\":[{\"@type\":\"Organization\",\"@id\":\"https:\/\/www.obezitecerrahiankara.com\/obezite\/#organization\",\"name\":\"Prof. D. Oktay BANLI\",\"url\":\"https:\/\/www.obezitecerrahiankara.com\/obezite\/\",\"sameAs\":[\"https:\/\/www.facebook.com\/DrOktayBanli\/\",\"https:\/\/www.instagram.com\/prof.dr.oktaybanli\/\",\"https:\/\/www.youtube.com\/channel\/UCMbJlYVnIneRr8FYnNg_XTQ\"],\"logo\":{\"@type\":\"ImageObject\",\"@id\":\"https:\/\/www.obezitecerrahiankara.com\/obezite\/#logo\",\"inLanguage\":\"tr\",\"url\":\"https:\/\/oktaybanli.com.tr\/wp-content\/uploads\/2022\/08\/oktay-banli-logo-03.webp\",\"contentUrl\":\"https:\/\/oktaybanli.com.tr\/wp-content\/uploads\/2022\/08\/oktay-banli-logo-03.webp\",\"width\":198,\"height\":88,\"caption\":\"Prof. D. Oktay BANLI\"},\"image\":{\"@id\":\"https:\/\/www.obezitecerrahiankara.com\/obezite\/#logo\"}},{\"@type\":\"WebSite\",\"@id\":\"https:\/\/www.obezitecerrahiankara.com\/obezite\/#website\",\"url\":\"https:\/\/www.obezitecerrahiankara.com\/obezite\/\",\"name\":\"T\\u00fcp Mide Ameliyat\\u0131\",\"description\":\"Obezite Cerrahisi\",\"publisher\":{\"@id\":\"https:\/\/www.obezitecerrahiankara.com\/obezite\/#organization\"},\"potentialAction\":[{\"@type\":\"SearchAction\",\"target\":\"https:\/\/www.obezitecerrahiankara.com\/obezite\/?s={search_term_string}\",\"query-input\":\"required name=search_term_string\"}],\"inLanguage\":\"tr\"},{\"@type\":\"ImageObject\",\"@id\":\"https:\/\/www.obezitecerrahiankara.com\/obezite\/tup-mide-ameliyati-hayati-nasil-degistirir-2\/#primaryimage\",\"inLanguage\":\"tr\",\"url\":\"https:\/\/www.obezitecerrahiankara.com\/obezite\/wp-content\/uploads\/2023\/10\/top2.webp\",\"contentUrl\":\"https:\/\/www.obezitecerrahiankara.com\/obezite\/wp-content\/uploads\/2023\/10\/top2.webp\",\"width\":2500,\"height\":1227},{\"@type\":\"WebPage\",\"@id\":\"https:\/\/www.obezitecerrahiankara.com\/obezite\/tup-mide-ameliyati-hayati-nasil-degistirir-2\/#webpage\",\"url\":\"https:\/\/www.obezitecerrahiankara.com\/obezite\/tup-mide-ameliyati-hayati-nasil-degistirir-2\/\",\"name\":\"T\\u00fcp Mide Ameliyat\\u0131 Hayat\\u0131 Nas\\u0131l De\\u011fi\\u015ftirir? | T\\u00fcp Mide Ameliyat\\u0131\",\"isPartOf\":{\"@id\":\"https:\/\/www.obezitecerrahiankara.com\/obezite\/#website\"},\"primaryImageOfPage\":{\"@id\":\"https:\/\/www.obezitecerrahiankara.com\/obezite\/tup-mide-ameliyati-hayati-nasil-degistirir-2\/#primaryimage\"},\"datePublished\":\"2022-08-25T18:17:46+00:00\",\"dateModified\":\"2023-12-06T12:54:04+00:00\",\"description\":\"T\\u00fcp Mide Ameliyat\\u0131 Hayat\\u0131 Nas\\u0131l De\\u011fi\\u015ftirir? Obezite ameliyatlar\\u0131 hayat\\u0131 olumlu y\\u00f6nde de\\u011fi\\u015ftirmekte. Hastalar\\u0131m\\u0131z\\u0131n h\\u0131zl\\u0131ca kilo verdi\\u011fini...\",\"breadcrumb\":{\"@id\":\"https:\/\/www.obezitecerrahiankara.com\/obezite\/tup-mide-ameliyati-hayati-nasil-degistirir-2\/#breadcrumb\"},\"inLanguage\":\"tr\",\"potentialAction\":[{\"@type\":\"ReadAction\",\"target\":[\"https:\/\/www.obezitecerrahiankara.com\/obezite\/tup-mide-ameliyati-hayati-nasil-degistirir-2\/\"]}]},{\"@type\":\"BreadcrumbList\",\"@id\":\"https:\/\/www.obezitecerrahiankara.com\/obezite\/tup-mide-ameliyati-hayati-nasil-degistirir-2\/#breadcrumb\",\"itemListElement\":[{\"@type\":\"ListItem\",\"position\":1,\"item\":{\"@type\":\"WebPage\",\"@id\":\"https:\/\/www.obezitecerrahiankara.com\/obezite\/\",\"url\":\"https:\/\/www.obezitecerrahiankara.com\/obezite\/\",\"name\":\"Home\"}},{\"@type\":\"ListItem\",\"position\":2,\"item\":{\"@type\":\"WebPage\",\"@id\":\"https:\/\/www.obezitecerrahiankara.com\/obezite\/tup-mide-ameliyati-hayati-nasil-degistirir-2\/\",\"url\":\"https:\/\/www.obezitecerrahiankara.com\/obezite\/tup-mide-ameliyati-hayati-nasil-degistirir-2\/\",\"name\":\"T\\u00fcp Mide Ameliyat\\u0131 Hayat\\u0131 Nas\\u0131l De\\u011fi\\u015ftirir?\"}}]}]}<\/script>\n<!-- \/ Yoast SEO Premium plugin. -->","_links":{"self":[{"href":"https:\/\/www.obezitecerrahiankara.com\/obezite\/wp-json\/wp\/v2\/pages\/2421"}],"collection":[{"href":"https:\/\/www.obezitecerrahiankara.com\/obezite\/wp-json\/wp\/v2\/pages"}],"about":[{"href":"https:\/\/www.obezitecerrahiankara.com\/obezite\/wp-json\/wp\/v2\/types\/page"}],"author":[{"embeddable":true,"href":"https:\/\/www.obezitecerrahiankara.com\/obezite\/wp-json\/wp\/v2\/users\/1"}],"replies":[{"embeddable":true,"href":"https:\/\/www.obezitecerrahiankara.com\/obezite\/wp-json\/wp\/v2\/comments?post=2421"}],"version-history":[{"count":2,"href":"https:\/\/www.obezitecerrahiankara.com\/obezite\/wp-json\/wp\/v2\/pages\/2421\/revisions"}],"predecessor-version":[{"id":2918,"href":"https:\/\/www.obezitecerrahiankara.com\/obezite\/wp-json\/wp\/v2\/pages\/2421\/revisions\/2918"}],"wp:featuredmedia":[{"embeddable":true,"href":"https:\/\/www.obezitecerrahiankara.com\/obezite\/wp-json\/wp\/v2\/media\/2691"}],"wp:attachment":[{"href":"https:\/\/www.obezitecerrahiankara.com\/obezite\/wp-json\/wp\/v2\/media?parent=2421"}],"curies":[{"name":"wp","href":"https:\/\/api.w.org\/{rel}","templated":true}]}}