{"id":2429,"date":"2022-08-25T21:22:35","date_gmt":"2022-08-25T18:22:35","guid":{"rendered":"https:\/\/oktaybanli.com.tr\/?page_id=2429"},"modified":"2023-12-06T15:54:26","modified_gmt":"2023-12-06T12:54:26","slug":"tup-mide-ameliyati-oncesi-hangi-testler-yapilir-2","status":"publish","type":"page","link":"https:\/\/www.obezitecerrahiankara.com\/obezite\/tup-mide-ameliyati-oncesi-hangi-testler-yapilir-2\/","title":{"rendered":"T\u00fcp Mide Ameliyat\u0131 \u00d6ncesi Hangi Testler Yap\u0131l\u0131r?"},"content":{"rendered":"<section id=\"bt_section69dfe523e21bd\"  class=\"boldSection topSpaced bottomSpaced gutter inherit\" style=\"background-color:rgb(255,255,255);\"><div class=\"port\"><div class=\"boldCell\"><div class=\"boldCellInner\"><div class=\"boldRow  \" ><div class=\"boldRowInner\"><div class=\"rowItem col-md-12 col-ms-12  btTextLeft animate animate-fadein inherit btDoublePadding\"  ><div class=\"rowItemContent\" ><div class=\"btText\" ><h3 style=\"text-align: center;\">T\u00fcp Mide Ameliyat\u0131 \u00d6ncesi Hangi Testler Yap\u0131l\u0131r?<\/h3>\n<p><span style=\"font-weight: 400;\">T\u00fcp Mide Ameliyat\u0131 \u00d6ncesi Hangi Testler Yap\u0131l\u0131r? <a href=\"https:\/\/oktaybanli.com.tr\/tup-mide-ameliyati-sleeve-gastrektomi\/\">Obezite ameliyat\u0131<\/a>, \u00f6zellikle mide ameliyat\u0131 \u00f6ncesinde mutlaka hastan\u0131n kan tetkikleri yap\u0131lmal\u0131d\u0131r. Kalp ve akci\u011fer sa\u011fl\u0131\u011f\u0131 da incelenip tetkikler yap\u0131lmal\u0131d\u0131r. Karaci\u011ferindeki ya\u011flanma durumu tespit edilir. Safra kesesinde ta\u015f olup olmad\u0131\u011f\u0131 kontrol edilir. Ameliyat \u00f6ncesi hastan\u0131n \u015fikayetleri varsa endoskopide \u00fclseri var m\u0131, ciddi bir refl\u00fcs\u00fc var m\u0131, mide f\u0131t\u0131\u011f\u0131 var m\u0131 kontrol edilir. Ameliyat \u00f6ncesi mutlaka ilgili bran\u015flar; g\u00f6\u011f\u00fcs hastal\u0131klar\u0131, <a href=\"https:\/\/oktaybanli.com.tr\/tibbi-terimler\/\">kardiyoloji<\/a>, <a href=\"https:\/\/oktaybanli.com.tr\/tibbi-terimler\/\">anestezi<\/a>, gerekirse psikiyatri kons\u00fcltasyonlar\u0131 yap\u0131larak hastalar ameliyata haz\u0131rlan\u0131r.<\/span><\/p>\n<figure id=\"attachment_1980\" aria-describedby=\"caption-attachment-1980\" style=\"width: 750px\" class=\"wp-caption alignnone\"><img loading=\"lazy\" class=\" wp-image-1980\" src=\"http:\/\/oktaybanli.com.tr\/wp-content\/uploads\/2022\/08\/tup-mide-ameliyati-oncesi-hangi-testler-yapilir-320x213.webp\" alt=\"T\u00fcp Mide Ameliyat\u0131 \u00d6ncesi Hangi Testler Yap\u0131l\u0131r?\" width=\"750\" height=\"499\" srcset=\"https:\/\/www.obezitecerrahiankara.com\/obezite\/wp-content\/uploads\/2022\/08\/tup-mide-ameliyati-oncesi-hangi-testler-yapilir-320x213.webp 320w, https:\/\/www.obezitecerrahiankara.com\/obezite\/wp-content\/uploads\/2022\/08\/tup-mide-ameliyati-oncesi-hangi-testler-yapilir-540x360.webp 540w, https:\/\/www.obezitecerrahiankara.com\/obezite\/wp-content\/uploads\/2022\/08\/tup-mide-ameliyati-oncesi-hangi-testler-yapilir.webp 567w\" sizes=\"(max-width: 750px) 100vw, 750px\" \/><figcaption id=\"caption-attachment-1980\" class=\"wp-caption-text\">T\u00fcp Mide Ameliyat\u0131 \u00d6ncesi Hangi Testler Yap\u0131l\u0131r?<\/figcaption><\/figure>\n<p><iframe loading=\"lazy\" title=\"Prof.Dr. Oktay Banl\u0131 - T\u00fcp Mide Ameliyat\u0131 \u00d6ncesi Hangi Testler Uygulan\u0131r?\" width=\"1200\" height=\"675\" src=\"https:\/\/www.youtube.com\/embed\/3-QxjJuTu7Y?feature=oembed\" frameborder=\"0\" allow=\"accelerometer; autoplay; clipboard-write; encrypted-media; gyroscope; picture-in-picture; web-share\" allowfullscreen><\/iframe><\/p>\n<p style=\"text-align: center;\">T\u00fcp Mide Ameliyat\u0131 \u00d6ncesi Hangi Testler Yap\u0131l\u0131r?<\/p>\n<p>[instagram-feed feed=3]<\/p>\n<\/div><\/div><\/div><\/div><\/div><\/div><\/div><\/div><\/section>","protected":false},"excerpt":{"rendered":"","protected":false},"author":1,"featured_media":2691,"parent":0,"menu_order":0,"comment_status":"closed","ping_status":"closed","template":"","meta":[],"yoast_head":"<!-- This site is optimized with the Yoast SEO Premium plugin v16.1 - https:\/\/yoast.com\/wordpress\/plugins\/seo\/ -->\n<title>T\u00fcp Mide Ameliyat\u0131 \u00d6ncesi Hangi Testler Yap\u0131l\u0131r? | T\u00fcp Mide Ameliyat\u0131<\/title>\n<meta name=\"description\" content=\"T\u00fcp Mide Ameliyat\u0131 \u00d6ncesi Hangi Testler Yap\u0131l\u0131r? Obezite ameliyat\u0131, \u00f6zellikle mide ameliyat\u0131 \u00f6ncesinde mutlaka hastan\u0131n kan...\" \/>\n<link rel=\"canonical\" href=\"https:\/\/www.obezitecerrahiankara.com\/obezite\/tup-mide-ameliyati-oncesi-hangi-testler-yapilir-2\/\" \/>\n<meta property=\"og:locale\" content=\"tr_TR\" \/>\n<meta property=\"og:type\" content=\"article\" \/>\n<meta property=\"og:title\" content=\"T\u00fcp Mide Ameliyat\u0131 \u00d6ncesi Hangi Testler Yap\u0131l\u0131r? | T\u00fcp Mide Ameliyat\u0131\" \/>\n<meta property=\"og:description\" content=\"T\u00fcp Mide Ameliyat\u0131 \u00d6ncesi Hangi Testler Yap\u0131l\u0131r? Obezite ameliyat\u0131, \u00f6zellikle mide ameliyat\u0131 \u00f6ncesinde mutlaka hastan\u0131n kan...\" \/>\n<meta property=\"og:url\" content=\"https:\/\/www.obezitecerrahiankara.com\/obezite\/tup-mide-ameliyati-oncesi-hangi-testler-yapilir-2\/\" \/>\n<meta property=\"og:site_name\" content=\"T\u00fcp Mide Ameliyat\u0131\" \/>\n<meta property=\"article:publisher\" content=\"https:\/\/www.facebook.com\/DrOktayBanli\/\" \/>\n<meta property=\"article:modified_time\" content=\"2023-12-06T12:54:26+00:00\" \/>\n<meta name=\"twitter:card\" content=\"summary_large_image\" \/>\n<meta name=\"twitter:image\" content=\"https:\/\/www.obezitecerrahiankara.com\/obezite\/wp-content\/uploads\/2023\/10\/top2.webp\" \/>\n<meta name=\"twitter:label1\" content=\"Tahmini okuma s\u00fcresi\">\n\t<meta name=\"twitter:data1\" content=\"5 dakika\">\n<script type=\"application\/ld+json\" class=\"yoast-schema-graph\">{\"@context\":\"https:\/\/schema.org\",\"@graph\":[{\"@type\":\"Organization\",\"@id\":\"https:\/\/www.obezitecerrahiankara.com\/obezite\/#organization\",\"name\":\"Prof. D. Oktay BANLI\",\"url\":\"https:\/\/www.obezitecerrahiankara.com\/obezite\/\",\"sameAs\":[\"https:\/\/www.facebook.com\/DrOktayBanli\/\",\"https:\/\/www.instagram.com\/prof.dr.oktaybanli\/\",\"https:\/\/www.youtube.com\/channel\/UCMbJlYVnIneRr8FYnNg_XTQ\"],\"logo\":{\"@type\":\"ImageObject\",\"@id\":\"https:\/\/www.obezitecerrahiankara.com\/obezite\/#logo\",\"inLanguage\":\"tr\",\"url\":\"https:\/\/oktaybanli.com.tr\/wp-content\/uploads\/2022\/08\/oktay-banli-logo-03.webp\",\"contentUrl\":\"https:\/\/oktaybanli.com.tr\/wp-content\/uploads\/2022\/08\/oktay-banli-logo-03.webp\",\"width\":198,\"height\":88,\"caption\":\"Prof. D. Oktay BANLI\"},\"image\":{\"@id\":\"https:\/\/www.obezitecerrahiankara.com\/obezite\/#logo\"}},{\"@type\":\"WebSite\",\"@id\":\"https:\/\/www.obezitecerrahiankara.com\/obezite\/#website\",\"url\":\"https:\/\/www.obezitecerrahiankara.com\/obezite\/\",\"name\":\"T\\u00fcp Mide Ameliyat\\u0131\",\"description\":\"Obezite Cerrahisi\",\"publisher\":{\"@id\":\"https:\/\/www.obezitecerrahiankara.com\/obezite\/#organization\"},\"potentialAction\":[{\"@type\":\"SearchAction\",\"target\":\"https:\/\/www.obezitecerrahiankara.com\/obezite\/?s={search_term_string}\",\"query-input\":\"required name=search_term_string\"}],\"inLanguage\":\"tr\"},{\"@type\":\"ImageObject\",\"@id\":\"https:\/\/www.obezitecerrahiankara.com\/obezite\/tup-mide-ameliyati-oncesi-hangi-testler-yapilir-2\/#primaryimage\",\"inLanguage\":\"tr\",\"url\":\"https:\/\/www.obezitecerrahiankara.com\/obezite\/wp-content\/uploads\/2023\/10\/top2.webp\",\"contentUrl\":\"https:\/\/www.obezitecerrahiankara.com\/obezite\/wp-content\/uploads\/2023\/10\/top2.webp\",\"width\":2500,\"height\":1227},{\"@type\":\"WebPage\",\"@id\":\"https:\/\/www.obezitecerrahiankara.com\/obezite\/tup-mide-ameliyati-oncesi-hangi-testler-yapilir-2\/#webpage\",\"url\":\"https:\/\/www.obezitecerrahiankara.com\/obezite\/tup-mide-ameliyati-oncesi-hangi-testler-yapilir-2\/\",\"name\":\"T\\u00fcp Mide Ameliyat\\u0131 \\u00d6ncesi Hangi Testler Yap\\u0131l\\u0131r? | T\\u00fcp Mide Ameliyat\\u0131\",\"isPartOf\":{\"@id\":\"https:\/\/www.obezitecerrahiankara.com\/obezite\/#website\"},\"primaryImageOfPage\":{\"@id\":\"https:\/\/www.obezitecerrahiankara.com\/obezite\/tup-mide-ameliyati-oncesi-hangi-testler-yapilir-2\/#primaryimage\"},\"datePublished\":\"2022-08-25T18:22:35+00:00\",\"dateModified\":\"2023-12-06T12:54:26+00:00\",\"description\":\"T\\u00fcp Mide Ameliyat\\u0131 \\u00d6ncesi Hangi Testler Yap\\u0131l\\u0131r? Obezite ameliyat\\u0131, \\u00f6zellikle mide ameliyat\\u0131 \\u00f6ncesinde mutlaka hastan\\u0131n kan...\",\"breadcrumb\":{\"@id\":\"https:\/\/www.obezitecerrahiankara.com\/obezite\/tup-mide-ameliyati-oncesi-hangi-testler-yapilir-2\/#breadcrumb\"},\"inLanguage\":\"tr\",\"potentialAction\":[{\"@type\":\"ReadAction\",\"target\":[\"https:\/\/www.obezitecerrahiankara.com\/obezite\/tup-mide-ameliyati-oncesi-hangi-testler-yapilir-2\/\"]}]},{\"@type\":\"BreadcrumbList\",\"@id\":\"https:\/\/www.obezitecerrahiankara.com\/obezite\/tup-mide-ameliyati-oncesi-hangi-testler-yapilir-2\/#breadcrumb\",\"itemListElement\":[{\"@type\":\"ListItem\",\"position\":1,\"item\":{\"@type\":\"WebPage\",\"@id\":\"https:\/\/www.obezitecerrahiankara.com\/obezite\/\",\"url\":\"https:\/\/www.obezitecerrahiankara.com\/obezite\/\",\"name\":\"Home\"}},{\"@type\":\"ListItem\",\"position\":2,\"item\":{\"@type\":\"WebPage\",\"@id\":\"https:\/\/www.obezitecerrahiankara.com\/obezite\/tup-mide-ameliyati-oncesi-hangi-testler-yapilir-2\/\",\"url\":\"https:\/\/www.obezitecerrahiankara.com\/obezite\/tup-mide-ameliyati-oncesi-hangi-testler-yapilir-2\/\",\"name\":\"T\\u00fcp Mide Ameliyat\\u0131 \\u00d6ncesi Hangi Testler Yap\\u0131l\\u0131r?\"}}]}]}<\/script>\n<!-- \/ Yoast SEO Premium plugin. -->","_links":{"self":[{"href":"https:\/\/www.obezitecerrahiankara.com\/obezite\/wp-json\/wp\/v2\/pages\/2429"}],"collection":[{"href":"https:\/\/www.obezitecerrahiankara.com\/obezite\/wp-json\/wp\/v2\/pages"}],"about":[{"href":"https:\/\/www.obezitecerrahiankara.com\/obezite\/wp-json\/wp\/v2\/types\/page"}],"author":[{"embeddable":true,"href":"https:\/\/www.obezitecerrahiankara.com\/obezite\/wp-json\/wp\/v2\/users\/1"}],"replies":[{"embeddable":true,"href":"https:\/\/www.obezitecerrahiankara.com\/obezite\/wp-json\/wp\/v2\/comments?post=2429"}],"version-history":[{"count":2,"href":"https:\/\/www.obezitecerrahiankara.com\/obezite\/wp-json\/wp\/v2\/pages\/2429\/revisions"}],"predecessor-version":[{"id":2921,"href":"https:\/\/www.obezitecerrahiankara.com\/obezite\/wp-json\/wp\/v2\/pages\/2429\/revisions\/2921"}],"wp:featuredmedia":[{"embeddable":true,"href":"https:\/\/www.obezitecerrahiankara.com\/obezite\/wp-json\/wp\/v2\/media\/2691"}],"wp:attachment":[{"href":"https:\/\/www.obezitecerrahiankara.com\/obezite\/wp-json\/wp\/v2\/media?parent=2429"}],"curies":[{"name":"wp","href":"https:\/\/api.w.org\/{rel}","templated":true}]}}