{"id":2524,"date":"2023-09-27T15:15:24","date_gmt":"2023-09-27T12:15:24","guid":{"rendered":"https:\/\/oktaybanli.com.tr\/?page_id=2524"},"modified":"2023-11-13T17:35:08","modified_gmt":"2023-11-13T14:35:08","slug":"dyt-dilara-dastandir","status":"publish","type":"page","link":"https:\/\/www.obezitecerrahiankara.com\/obezite\/dyt-dilara-dastandir\/","title":{"rendered":"Dyt. Dilara DA\u015eTANDIR"},"content":{"rendered":"<section id=\"bt_section69dfe52304cd1\"  class=\"boldSection topSpaced bottomSpaced gutter inherit\" style=\"background-color:#f1f1f1;\"><div class=\"port\"><div class=\"boldCell\"><div class=\"boldCellInner\"><div class=\"boldRow  \" ><div class=\"boldRowInner\"><div class=\"rowItem col-md-12 col-ms-12  btTextLeft animate animate-fadein inherit btDoublePadding\"  ><div class=\"rowItemContent\" ><div class=\"btClear btSeparator bottomSemiSpaced border\" ><hr><\/div><header class=\"header btClear medium  btNormalDash\" ><div class=\"btSubTitle\">2022 y\u0131l\u0131nda Ba\u015fkent \u00dcniversitesi Beslenme ve Diyetetik B\u00f6l\u00fcm\u00fc\u2019nden mezun oldu. 2023 \u015eubat ay\u0131ndan bu yana Obezite Cerrahi Ankara ekibinde Diyetisyen olarak g\u00f6rev yapmaktad\u0131r.\r<br>\r<br>Y\u00fcr\u00fctt\u00fc\u011f\u00fc G\u00f6revler\r<br>\u2022 Ameliyat ve invaziv y\u00f6ntemler \u00f6ncesi beslenme ve s\u00fcre\u00e7lerine ili\u015fkin detayl\u0131 hasta bilgilendirilmesi,\r<br>\u2022 Ameliyat ve invaziv y\u00f6ntemler hakk\u0131nda beslenme ile ilgili d\u00f6k\u00fcmanlar\u0131n haz\u0131rlanmas\u0131 ve g\u00fcncellenmesi,\r<br>\u2022 Ameliyat sonras\u0131 hastanede hasta ziyaretleri , hasta ve hasta yak\u0131nlar\u0131n\u0131n ameliyat sonras\u0131 beslenme s\u00fcre\u00e7leri hakk\u0131nda bilgilendirilmesi,\r<br>\u2022 T\u00fcrk Obezite Cerrahisi vakf\u0131 faaliyetleri kapsam\u0131nda Bariatrik Cerrahi diyetisyenli\u011fi ile ilgili e\u011fitimlerin y\u00fcr\u00fct\u00fclmesi.<\/div><\/header><div class=\"btClear btSeparator topSmallSpaced bottomSemiSpaced border\" ><hr><\/div><div class=\"btClear btSeparator bottomSemiSpaced noBorder bt_bb_hidden_md bt_bb_hidden_lg\" ><hr><\/div><\/div><\/div><\/div><\/div><\/div><\/div><\/div><\/section>","protected":false},"excerpt":{"rendered":"","protected":false},"author":1,"featured_media":0,"parent":0,"menu_order":0,"comment_status":"closed","ping_status":"closed","template":"","meta":[],"yoast_head":"<!-- This site is optimized with the Yoast SEO Premium plugin v16.1 - https:\/\/yoast.com\/wordpress\/plugins\/seo\/ -->\n<title>Dyt. Dilara DA\u015eTANDIR | T\u00fcp Mide Ameliyat\u0131<\/title>\n<meta name=\"description\" content=\"Ayten ALTUNSARAY 2017 y\u0131l\u0131nda G\u00fcm\u00fc\u015fhane \u00dcniversitesi Beslenme ve Diyetetik B\u00f6l\u00fcm\u00fc\u2019nden Onur \u00d6\u011frencisi olarak mezun oldu.\" \/>\n<link rel=\"canonical\" href=\"https:\/\/www.obezitecerrahiankara.com\/obezite\/dyt-dilara-dastandir\/\" \/>\n<meta property=\"og:locale\" content=\"tr_TR\" \/>\n<meta property=\"og:type\" content=\"article\" \/>\n<meta property=\"og:title\" content=\"Dyt. Dilara DA\u015eTANDIR | T\u00fcp Mide Ameliyat\u0131\" \/>\n<meta property=\"og:description\" content=\"Ayten ALTUNSARAY 2017 y\u0131l\u0131nda G\u00fcm\u00fc\u015fhane \u00dcniversitesi Beslenme ve Diyetetik B\u00f6l\u00fcm\u00fc\u2019nden Onur \u00d6\u011frencisi olarak mezun oldu.\" \/>\n<meta property=\"og:url\" content=\"https:\/\/www.obezitecerrahiankara.com\/obezite\/dyt-dilara-dastandir\/\" \/>\n<meta property=\"og:site_name\" content=\"T\u00fcp Mide Ameliyat\u0131\" \/>\n<meta property=\"article:publisher\" content=\"https:\/\/www.facebook.com\/DrOktayBanli\/\" \/>\n<meta property=\"article:modified_time\" content=\"2023-11-13T14:35:08+00:00\" \/>\n<meta name=\"twitter:card\" content=\"summary_large_image\" \/>\n<meta name=\"twitter:label1\" content=\"Tahmini okuma s\u00fcresi\">\n\t<meta name=\"twitter:data1\" content=\"1 dakika\">\n<script type=\"application\/ld+json\" class=\"yoast-schema-graph\">{\"@context\":\"https:\/\/schema.org\",\"@graph\":[{\"@type\":\"Organization\",\"@id\":\"https:\/\/www.obezitecerrahiankara.com\/obezite\/#organization\",\"name\":\"Prof. D. Oktay BANLI\",\"url\":\"https:\/\/www.obezitecerrahiankara.com\/obezite\/\",\"sameAs\":[\"https:\/\/www.facebook.com\/DrOktayBanli\/\",\"https:\/\/www.instagram.com\/prof.dr.oktaybanli\/\",\"https:\/\/www.youtube.com\/channel\/UCMbJlYVnIneRr8FYnNg_XTQ\"],\"logo\":{\"@type\":\"ImageObject\",\"@id\":\"https:\/\/www.obezitecerrahiankara.com\/obezite\/#logo\",\"inLanguage\":\"tr\",\"url\":\"https:\/\/oktaybanli.com.tr\/wp-content\/uploads\/2022\/08\/oktay-banli-logo-03.webp\",\"contentUrl\":\"https:\/\/oktaybanli.com.tr\/wp-content\/uploads\/2022\/08\/oktay-banli-logo-03.webp\",\"width\":198,\"height\":88,\"caption\":\"Prof. D. Oktay BANLI\"},\"image\":{\"@id\":\"https:\/\/www.obezitecerrahiankara.com\/obezite\/#logo\"}},{\"@type\":\"WebSite\",\"@id\":\"https:\/\/www.obezitecerrahiankara.com\/obezite\/#website\",\"url\":\"https:\/\/www.obezitecerrahiankara.com\/obezite\/\",\"name\":\"T\\u00fcp Mide Ameliyat\\u0131\",\"description\":\"Obezite Cerrahisi\",\"publisher\":{\"@id\":\"https:\/\/www.obezitecerrahiankara.com\/obezite\/#organization\"},\"potentialAction\":[{\"@type\":\"SearchAction\",\"target\":\"https:\/\/www.obezitecerrahiankara.com\/obezite\/?s={search_term_string}\",\"query-input\":\"required name=search_term_string\"}],\"inLanguage\":\"tr\"},{\"@type\":\"WebPage\",\"@id\":\"https:\/\/www.obezitecerrahiankara.com\/obezite\/dyt-dilara-dastandir\/#webpage\",\"url\":\"https:\/\/www.obezitecerrahiankara.com\/obezite\/dyt-dilara-dastandir\/\",\"name\":\"Dyt. Dilara DA\\u015eTANDIR | T\\u00fcp Mide Ameliyat\\u0131\",\"isPartOf\":{\"@id\":\"https:\/\/www.obezitecerrahiankara.com\/obezite\/#website\"},\"datePublished\":\"2023-09-27T12:15:24+00:00\",\"dateModified\":\"2023-11-13T14:35:08+00:00\",\"description\":\"Ayten ALTUNSARAY 2017 y\\u0131l\\u0131nda G\\u00fcm\\u00fc\\u015fhane \\u00dcniversitesi Beslenme ve Diyetetik B\\u00f6l\\u00fcm\\u00fc\\u2019nden Onur \\u00d6\\u011frencisi olarak mezun oldu.\",\"breadcrumb\":{\"@id\":\"https:\/\/www.obezitecerrahiankara.com\/obezite\/dyt-dilara-dastandir\/#breadcrumb\"},\"inLanguage\":\"tr\",\"potentialAction\":[{\"@type\":\"ReadAction\",\"target\":[\"https:\/\/www.obezitecerrahiankara.com\/obezite\/dyt-dilara-dastandir\/\"]}]},{\"@type\":\"BreadcrumbList\",\"@id\":\"https:\/\/www.obezitecerrahiankara.com\/obezite\/dyt-dilara-dastandir\/#breadcrumb\",\"itemListElement\":[{\"@type\":\"ListItem\",\"position\":1,\"item\":{\"@type\":\"WebPage\",\"@id\":\"https:\/\/www.obezitecerrahiankara.com\/obezite\/\",\"url\":\"https:\/\/www.obezitecerrahiankara.com\/obezite\/\",\"name\":\"Home\"}},{\"@type\":\"ListItem\",\"position\":2,\"item\":{\"@type\":\"WebPage\",\"@id\":\"https:\/\/www.obezitecerrahiankara.com\/obezite\/dyt-dilara-dastandir\/\",\"url\":\"https:\/\/www.obezitecerrahiankara.com\/obezite\/dyt-dilara-dastandir\/\",\"name\":\"Dyt. Dilara DA\\u015eTANDIR\"}}]}]}<\/script>\n<!-- \/ Yoast SEO Premium plugin. -->","_links":{"self":[{"href":"https:\/\/www.obezitecerrahiankara.com\/obezite\/wp-json\/wp\/v2\/pages\/2524"}],"collection":[{"href":"https:\/\/www.obezitecerrahiankara.com\/obezite\/wp-json\/wp\/v2\/pages"}],"about":[{"href":"https:\/\/www.obezitecerrahiankara.com\/obezite\/wp-json\/wp\/v2\/types\/page"}],"author":[{"embeddable":true,"href":"https:\/\/www.obezitecerrahiankara.com\/obezite\/wp-json\/wp\/v2\/users\/1"}],"replies":[{"embeddable":true,"href":"https:\/\/www.obezitecerrahiankara.com\/obezite\/wp-json\/wp\/v2\/comments?post=2524"}],"version-history":[{"count":6,"href":"https:\/\/www.obezitecerrahiankara.com\/obezite\/wp-json\/wp\/v2\/pages\/2524\/revisions"}],"predecessor-version":[{"id":2798,"href":"https:\/\/www.obezitecerrahiankara.com\/obezite\/wp-json\/wp\/v2\/pages\/2524\/revisions\/2798"}],"wp:attachment":[{"href":"https:\/\/www.obezitecerrahiankara.com\/obezite\/wp-json\/wp\/v2\/media?parent=2524"}],"curies":[{"name":"wp","href":"https:\/\/api.w.org\/{rel}","templated":true}]}}