{"id":2684,"date":"2023-10-19T11:48:24","date_gmt":"2023-10-19T08:48:24","guid":{"rendered":"https:\/\/www.obezitecerrahiankara.com\/obezite\/?page_id=2684"},"modified":"2023-11-13T10:02:15","modified_gmt":"2023-11-13T07:02:15","slug":"tup-mide-ameliyati-riskli-mi","status":"publish","type":"page","link":"https:\/\/www.obezitecerrahiankara.com\/obezite\/tup-mide-ameliyati-riskli-mi\/","title":{"rendered":"T\u00fcp Mide Ameliyat\u0131 Riskli mi?"},"content":{"rendered":"<section id=\"bt_section69dfd8a9a4645\" data-parallax=\"0\" data-parallax-offset=\"0\" class=\"boldSection topSpaced bottomSpaced gutter inherit btParallax\" ><div class=\"port\"><div class=\"boldCell\"><div class=\"boldCellInner\"><div class=\"boldRow  \" ><div class=\"boldRowInner\"><div class=\"rowItem col-md-12 col-ms-12  btTextLeft animate animate-fadein inherit\"  ><div class=\"rowItemContent\" ><div class=\"btClear btSeparator bottomSemiSpaced noBorder\" ><hr><\/div><header class=\"header btClear extralarge btDash topDash  btAccentDash\" ><div class=\"btSuperTitle\">OBEZ\u0130TE CERRAH\u0130 ANKARA<\/div><div class=\"dash\"><h1><span class=\"headline\"><em>T\u00fcp Mide Ameliyat\u0131n\u0131n<\/em> <b class=\"animate\">Riskleri Nelerdir?<\/b><\/span><\/h1><\/div><div class=\"btSubTitle\">T\u0131pk\u0131 di\u011fer cerrahi i\u015flemlerde oldu\u011fu gibi, T\u00fcp Mide Ameliyatlar\u0131 da potansiyel riskler ve komplikasyonlar i\u00e7erir&#8230;<\/div><\/header><div class=\"btClear btSeparator bottomSemiSpaced noBorder\" ><hr><\/div><\/div><\/div><\/div><\/div><div class=\"boldRow  \" ><div class=\"boldRowInner\"><div class=\"rowItem btRightBorder col-md-12 col-ms-12  btTextLeft animate animate-fadein btTextIndent inherit\"  ><div class=\"rowItemContent\" ><div class=\"btText\" ><p><span style=\"font-size: medium;\">T\u00fcp Mide Ameliyat\u0131 ve Riskleri &#8211; T\u0131pk\u0131 di\u011fer cerrahi i\u015flemlerde oldu\u011fu gibi, T\u00fcp Mide Ameliyatlar\u0131 da potansiyel riskler ve komplikasyonlar i\u00e7erir. Obezite Klini\u011fimizde, uzman ekibimiz, bu riskleri en aza indirmek i\u00e7in size rehberlik eder. Ameliyat \u00f6ncesi, ameliyat s\u0131ras\u0131nda ve ameliyat sonras\u0131nda uzman bir ekip, her zaman yan\u0131n\u0131zda bulunur.<\/span><\/p>\n<p><span style=\"font-size: medium;\">T\u00fcp Mide Ameliyat\u0131n\u0131n en ciddi risklerinden biri, midenin kesildi\u011fi stapler hatt\u0131nda (\u00f6zellikle midenin yemek borusuna ba\u011fland\u0131\u011f\u0131 yerde) s\u0131z\u0131nt\u0131lar\u0131n meydana gelebilece\u011fi ka\u00e7aklard\u0131r. D\u00fcnya genelinde, bu t\u00fcr ka\u00e7aklar\u0131n g\u00f6r\u00fclme oran\u0131 genellikle %1 olarak kabul edilir. Bu nedenle, %1 veya daha d\u00fc\u015f\u00fck bir ka\u00e7ak oran\u0131, T\u00fcp Mide Ameliyatlar\u0131n\u0131 ba\u015far\u0131yla ger\u00e7ekle\u015ftiren bir cerrah\u0131n i\u015faretidir. Ka\u00e7aklar\u0131n erken te\u015fhis edilmesi ve m\u00fcdahale edilmesi, hastan\u0131n sa\u011fl\u0131\u011f\u0131 a\u00e7\u0131s\u0131ndan hayati \u00f6nem ta\u015f\u0131r.<\/span><\/p>\n<p align=\"center\"><img loading=\"lazy\" class=\"\" src=\"https:\/\/oktaybanli.com.tr\/wp-content\/uploads\/2022\/08\/Tup-Mide-Ameliyati-Risk-768x431.webp\" width=\"578\" height=\"291\" border=\"0\" \/><\/p>\n<p><span style=\"font-size: medium;\">Bir di\u011fer risk, kanama riskidir. Ancak bu risk de genellikle %1 civar\u0131ndad\u0131r ve genellikle erken d\u00f6nemde, ameliyat sonras\u0131 hipertansiyonun iyi kontrol edilmesi ve etkili bir hemostatik m\u00fcdahale ile \u00f6nlenebilir.<\/span><\/p>\n<p><span style=\"font-size: medium;\">T\u00fcp Mide Ameliyat\u0131, uzman ellerde yap\u0131ld\u0131\u011f\u0131nda bu risklerin \u00e7ok alt\u0131nda ve nadir g\u00f6r\u00fclen komplikasyonlarla ili\u015fkilendirilebilir. Erken tan\u0131 ve etkili tedavi ile hastalar normal ya\u015famlar\u0131na devam edebilirler.<\/span><\/p>\n<p><span style=\"font-size: medium;\">Ayr\u0131ca, T\u00fcp Mide Ameliyat\u0131n\u0131n \u00f6l\u00fcm riski, di\u011fer obezite cerrahi i\u015flemlerine g\u00f6re daha d\u00fc\u015f\u00fckt\u00fcr ve yakla\u015f\u0131k olarak 1\/1000&#8217;dir. Bu riski en aza indirmek i\u00e7in cerrahi ekibin profesyonel olmas\u0131 \u00f6nemlidir, ancak herhangi bir cerrahi i\u015flemde oldu\u011fu gibi, \u00f6l\u00fcm riski tamamen s\u0131f\u0131ra indirilemez.<\/span><\/p>\n<p><span style=\"font-size: medium;\">Bununla birlikte, genel cerrahi i\u015flemlerle ili\u015fkilendirilen di\u011fer riskler aras\u0131nda enfeksiyon, emboli riski, g\u00f6\u011f\u00fcs sorunlar\u0131, insizyonel f\u0131t\u0131klar, ince ba\u011f\u0131rsak t\u0131kanmas\u0131, yara enfeksiyonu ve di\u011fer organlarda yaralanma yer almaktad\u0131r. Bu risklerin oranlar\u0131 d\u00fc\u015f\u00fckt\u00fcr ve cerrahi ekibin profesyonelli\u011fi ve uygun bak\u0131m ile minimize edilebilir.<\/span><\/p>\n<p><span style=\"font-size: medium;\">T\u00fcp Mide Ameliyat\u0131 ve riskleri hakk\u0131nda daha fazla bilgi almak veya g\u00f6r\u00fc\u015f al\u0131\u015fveri\u015finde bulunmak i\u00e7in bizimle ileti\u015fime ge\u00e7ebilirsiniz.<\/span><\/p>\n<\/div><div class=\"btClear btSeparator bottomSemiSpaced noBorder\" ><hr><\/div><div class=\"bt_bb_video bt_bb_disable_controls_no\"><div class=\"bt-video-container\"><div style=\"width: 100%;\" class=\"wp-video\"><video class=\"wp-video-shortcode\" id=\"video-2684-1\" width=\"640\" height=\"360\" preload=\"metadata\" controls=\"controls\"><source type=\"video\/youtube\" src=\"https:\/\/www.youtube.com\/watch?v=BI_b_yC--V4&#038;embeds_referring_euri=https%3A%2F%2Foktaybanli.com.tr%2Ftup-mide-ameliyati-risklimi%2F&#038;feature=emb_imp_woyt&#038;_=1\" \/><\/video><\/div><\/div><\/div><div class=\"btClear btSeparator bottomSemiSpaced noBorder\" ><hr><\/div><\/div><\/div><\/div><\/div><div class=\"boldRow  \" ><div class=\"boldRowInner\"><div class=\"rowItem btRightBorder col-md-12 col-ms-12  btTextLeft animate animate-fadein inherit\"  ><div class=\"rowItemContent\" ><div class=\"btClear btSeparator border bt_bb_hidden_xs bt_bb_hidden_ms bt_bb_hidden_sm\" ><hr><\/div><\/div><\/div><\/div><\/div><\/div><\/div><\/div><\/section><section id=\"bt_section69dfd8a9a50af\"  class=\"boldSection btDarkSkin gutter inherit\" style=\"background: transparent; position: relative; z-index: 1;\"><div class=\"port\"><div class=\"boldCell\"><div class=\"boldCellInner\"><div class=\"boldRow  \" ><div class=\"boldRowInner\"><div class=\"rowItem col-md-12 col-ms-12  btTextLeft animate animate-fadein inherit\"  ><div class=\"rowItemContent\" style = \"background-color:#282828;\"><div class=\"boldRow boldInnerRow  \" style=\"margin-right: 0; margin-left: 0;\"><div class=\"rowItem rowInnerItem col-md-12  btTextLeft btMiddleVertical btDoublePadding\"  ><div class=\"rowItemContent\"><div class=\"btClear btSeparator topSmallSpaced noBorder\" ><hr><\/div><header class=\"header btClear large btDash bottomDash  btAccentDash\" ><div class=\"dash\"><h2><span class=\"headline\"><em>Obezite Cerrahisi Hakk\u0131nda Merak Ettikleriniz \u0130\u00e7in\r<br>Bizi 0312 431 77 79&#8217;dan Arayabilirsiniz.<\/em><\/span><\/h2><\/div><\/header><div class=\"btClear btSeparator topSmallSpaced noBorder\" ><hr><\/div><\/div><\/div><\/div><\/div><\/div><\/div><\/div><\/div><\/div><\/div><\/section>","protected":false},"excerpt":{"rendered":"","protected":false},"author":1,"featured_media":2691,"parent":0,"menu_order":0,"comment_status":"closed","ping_status":"closed","template":"","meta":[],"yoast_head":"<!-- This site is optimized with the Yoast SEO Premium plugin v16.1 - https:\/\/yoast.com\/wordpress\/plugins\/seo\/ -->\n<title>T\u00fcp Mide Ameliyat\u0131 Riskli mi? | T\u00fcp Mide Ameliyat\u0131<\/title>\n<link rel=\"canonical\" href=\"https:\/\/www.obezitecerrahiankara.com\/obezite\/tup-mide-ameliyati-riskli-mi\/\" \/>\n<meta property=\"og:locale\" content=\"tr_TR\" \/>\n<meta property=\"og:type\" content=\"article\" \/>\n<meta property=\"og:title\" content=\"T\u00fcp Mide Ameliyat\u0131 Riskli mi? | T\u00fcp Mide Ameliyat\u0131\" \/>\n<meta property=\"og:url\" content=\"https:\/\/www.obezitecerrahiankara.com\/obezite\/tup-mide-ameliyati-riskli-mi\/\" \/>\n<meta property=\"og:site_name\" content=\"T\u00fcp Mide Ameliyat\u0131\" \/>\n<meta property=\"article:publisher\" content=\"https:\/\/www.facebook.com\/DrOktayBanli\/\" \/>\n<meta property=\"article:modified_time\" content=\"2023-11-13T07:02:15+00:00\" \/>\n<meta name=\"twitter:card\" content=\"summary_large_image\" \/>\n<meta name=\"twitter:image\" content=\"https:\/\/www.obezitecerrahiankara.com\/obezite\/wp-content\/uploads\/2023\/10\/top2.webp\" \/>\n<meta name=\"twitter:label1\" content=\"Tahmini okuma s\u00fcresi\">\n\t<meta name=\"twitter:data1\" content=\"5 dakika\">\n<script type=\"application\/ld+json\" class=\"yoast-schema-graph\">{\"@context\":\"https:\/\/schema.org\",\"@graph\":[{\"@type\":\"Organization\",\"@id\":\"https:\/\/www.obezitecerrahiankara.com\/obezite\/#organization\",\"name\":\"Prof. D. Oktay BANLI\",\"url\":\"https:\/\/www.obezitecerrahiankara.com\/obezite\/\",\"sameAs\":[\"https:\/\/www.facebook.com\/DrOktayBanli\/\",\"https:\/\/www.instagram.com\/prof.dr.oktaybanli\/\",\"https:\/\/www.youtube.com\/channel\/UCMbJlYVnIneRr8FYnNg_XTQ\"],\"logo\":{\"@type\":\"ImageObject\",\"@id\":\"https:\/\/www.obezitecerrahiankara.com\/obezite\/#logo\",\"inLanguage\":\"tr\",\"url\":\"https:\/\/oktaybanli.com.tr\/wp-content\/uploads\/2022\/08\/oktay-banli-logo-03.webp\",\"contentUrl\":\"https:\/\/oktaybanli.com.tr\/wp-content\/uploads\/2022\/08\/oktay-banli-logo-03.webp\",\"width\":198,\"height\":88,\"caption\":\"Prof. D. Oktay BANLI\"},\"image\":{\"@id\":\"https:\/\/www.obezitecerrahiankara.com\/obezite\/#logo\"}},{\"@type\":\"WebSite\",\"@id\":\"https:\/\/www.obezitecerrahiankara.com\/obezite\/#website\",\"url\":\"https:\/\/www.obezitecerrahiankara.com\/obezite\/\",\"name\":\"T\\u00fcp Mide Ameliyat\\u0131\",\"description\":\"Obezite Cerrahisi\",\"publisher\":{\"@id\":\"https:\/\/www.obezitecerrahiankara.com\/obezite\/#organization\"},\"potentialAction\":[{\"@type\":\"SearchAction\",\"target\":\"https:\/\/www.obezitecerrahiankara.com\/obezite\/?s={search_term_string}\",\"query-input\":\"required name=search_term_string\"}],\"inLanguage\":\"tr\"},{\"@type\":\"ImageObject\",\"@id\":\"https:\/\/www.obezitecerrahiankara.com\/obezite\/tup-mide-ameliyati-riskli-mi\/#primaryimage\",\"inLanguage\":\"tr\",\"url\":\"https:\/\/www.obezitecerrahiankara.com\/obezite\/wp-content\/uploads\/2023\/10\/top2.webp\",\"contentUrl\":\"https:\/\/www.obezitecerrahiankara.com\/obezite\/wp-content\/uploads\/2023\/10\/top2.webp\",\"width\":2500,\"height\":1227},{\"@type\":\"WebPage\",\"@id\":\"https:\/\/www.obezitecerrahiankara.com\/obezite\/tup-mide-ameliyati-riskli-mi\/#webpage\",\"url\":\"https:\/\/www.obezitecerrahiankara.com\/obezite\/tup-mide-ameliyati-riskli-mi\/\",\"name\":\"T\\u00fcp Mide Ameliyat\\u0131 Riskli mi? | T\\u00fcp Mide Ameliyat\\u0131\",\"isPartOf\":{\"@id\":\"https:\/\/www.obezitecerrahiankara.com\/obezite\/#website\"},\"primaryImageOfPage\":{\"@id\":\"https:\/\/www.obezitecerrahiankara.com\/obezite\/tup-mide-ameliyati-riskli-mi\/#primaryimage\"},\"datePublished\":\"2023-10-19T08:48:24+00:00\",\"dateModified\":\"2023-11-13T07:02:15+00:00\",\"breadcrumb\":{\"@id\":\"https:\/\/www.obezitecerrahiankara.com\/obezite\/tup-mide-ameliyati-riskli-mi\/#breadcrumb\"},\"inLanguage\":\"tr\",\"potentialAction\":[{\"@type\":\"ReadAction\",\"target\":[\"https:\/\/www.obezitecerrahiankara.com\/obezite\/tup-mide-ameliyati-riskli-mi\/\"]}]},{\"@type\":\"BreadcrumbList\",\"@id\":\"https:\/\/www.obezitecerrahiankara.com\/obezite\/tup-mide-ameliyati-riskli-mi\/#breadcrumb\",\"itemListElement\":[{\"@type\":\"ListItem\",\"position\":1,\"item\":{\"@type\":\"WebPage\",\"@id\":\"https:\/\/www.obezitecerrahiankara.com\/obezite\/\",\"url\":\"https:\/\/www.obezitecerrahiankara.com\/obezite\/\",\"name\":\"Home\"}},{\"@type\":\"ListItem\",\"position\":2,\"item\":{\"@type\":\"WebPage\",\"@id\":\"https:\/\/www.obezitecerrahiankara.com\/obezite\/tup-mide-ameliyati-riskli-mi\/\",\"url\":\"https:\/\/www.obezitecerrahiankara.com\/obezite\/tup-mide-ameliyati-riskli-mi\/\",\"name\":\"T\\u00fcp Mide Ameliyat\\u0131 Riskli mi?\"}}]}]}<\/script>\n<!-- \/ Yoast SEO Premium plugin. -->","_links":{"self":[{"href":"https:\/\/www.obezitecerrahiankara.com\/obezite\/wp-json\/wp\/v2\/pages\/2684"}],"collection":[{"href":"https:\/\/www.obezitecerrahiankara.com\/obezite\/wp-json\/wp\/v2\/pages"}],"about":[{"href":"https:\/\/www.obezitecerrahiankara.com\/obezite\/wp-json\/wp\/v2\/types\/page"}],"author":[{"embeddable":true,"href":"https:\/\/www.obezitecerrahiankara.com\/obezite\/wp-json\/wp\/v2\/users\/1"}],"replies":[{"embeddable":true,"href":"https:\/\/www.obezitecerrahiankara.com\/obezite\/wp-json\/wp\/v2\/comments?post=2684"}],"version-history":[{"count":25,"href":"https:\/\/www.obezitecerrahiankara.com\/obezite\/wp-json\/wp\/v2\/pages\/2684\/revisions"}],"predecessor-version":[{"id":2748,"href":"https:\/\/www.obezitecerrahiankara.com\/obezite\/wp-json\/wp\/v2\/pages\/2684\/revisions\/2748"}],"wp:featuredmedia":[{"embeddable":true,"href":"https:\/\/www.obezitecerrahiankara.com\/obezite\/wp-json\/wp\/v2\/media\/2691"}],"wp:attachment":[{"href":"https:\/\/www.obezitecerrahiankara.com\/obezite\/wp-json\/wp\/v2\/media?parent=2684"}],"curies":[{"name":"wp","href":"https:\/\/api.w.org\/{rel}","templated":true}]}}