{"id":2749,"date":"2023-11-13T10:08:28","date_gmt":"2023-11-13T07:08:28","guid":{"rendered":"https:\/\/www.obezitecerrahiankara.com\/obezite\/?page_id=2749"},"modified":"2023-11-13T10:20:32","modified_gmt":"2023-11-13T07:20:32","slug":"tup-mide-ameliyati-sonrasi-kilo-kontrolu","status":"publish","type":"page","link":"https:\/\/www.obezitecerrahiankara.com\/obezite\/tup-mide-ameliyati-sonrasi-kilo-kontrolu\/","title":{"rendered":"T\u00fcp Mide Ameliyat\u0131 Sonras\u0131 Kilo Kontrol\u00fc"},"content":{"rendered":"<section id=\"bt_section69dfe4bce2022\" data-parallax=\"0\" data-parallax-offset=\"0\" class=\"boldSection topSpaced bottomSpaced gutter inherit btParallax\" ><div class=\"port\"><div class=\"boldCell\"><div class=\"boldCellInner\"><div class=\"boldRow  \" ><div class=\"boldRowInner\"><div class=\"rowItem col-md-12 col-ms-12  btTextLeft animate animate-fadein inherit\"  ><div class=\"rowItemContent\" ><div class=\"btClear btSeparator bottomSemiSpaced noBorder\" ><hr><\/div><header class=\"header btClear extralarge btDash topDash  btAccentDash\" ><div class=\"btSuperTitle\">OBEZ\u0130TE CERRAH\u0130 ANKARA<\/div><div class=\"dash\"><h1><span class=\"headline\"><em>Ameliyat\u0131 Sonras\u0131 Tekrar<\/em> <b class=\"animate\">Kilo Al\u0131r m\u0131y\u0131m?<\/b><\/span><\/h1><\/div><div class=\"btSubTitle\">T\u00fcp mide ameliyat\u0131 sonras\u0131nda tekrar kilo alma, obezite ameliyatlar\u0131n\u0131n nadir g\u00f6r\u00fclen bir komplikasyonudur. Ancak, bu durumun g\u00f6r\u00fclme s\u0131kl\u0131\u011f\u0131 olduk\u00e7a d\u00fc\u015f\u00fckt\u00fcr.<\/div><\/header><div class=\"btClear btSeparator bottomSemiSpaced noBorder\" ><hr><\/div><\/div><\/div><\/div><\/div><div class=\"boldRow  \" ><div class=\"boldRowInner\"><div class=\"rowItem btRightBorder col-md-12 col-ms-12  btTextLeft animate animate-fadein btTextIndent inherit\"  ><div class=\"rowItemContent\" ><div class=\"btText\" ><p><span style=\"font-size: medium;\">T\u00fcp Mide Ameliyat\u0131 Sonras\u0131 Tekrar Kilo Al\u0131r m\u0131y\u0131m?: \u0130htimaller ve \u00d6neriler<\/span><\/p>\n<p><span style=\"font-size: medium;\">T\u00fcp mide ameliyat\u0131 sonras\u0131nda tekrar kilo alma, obezite ameliyatlar\u0131n\u0131n nadir g\u00f6r\u00fclen bir komplikasyonudur. Ancak, bu durumun g\u00f6r\u00fclme s\u0131kl\u0131\u011f\u0131 olduk\u00e7a d\u00fc\u015f\u00fckt\u00fcr. Ba\u015far\u0131yla kilo veren hastalar aras\u0131nda, a\u015f\u0131r\u0131 kalori t\u00fcketenlerde, \u00f6zellikle litrelerce kola i\u00e7enlerde, dondurma ve \u00e7ikolata t\u00fcketenlerde kilo al\u0131m\u0131 g\u00f6zlemlenebilir. Mide, b\u00fcy\u00fcme e\u011filiminde bir organd\u0131r ve bu nedenle kat\u0131-s\u0131v\u0131 ayr\u0131m\u0131na dikkat edilmelidir. S\u0131v\u0131lar\u0131n t\u00fcketilmesiyle birlikte yar\u0131m saat sonra kat\u0131 g\u0131dalar\u0131n t\u00fcketilmesi \u00f6nerilmektedir. Hemen s\u0131v\u0131 al\u0131nmamas\u0131, \u00e7\u00fcnk\u00fc mide i\u00e7indeki kat\u0131 g\u0131dalar s\u0131v\u0131y\u0131 \u00e7ekip geni\u015fleyebilir ve mide duvar\u0131n\u0131 geni\u015fletebilir.<\/span><\/p>\n<p><span style=\"font-size: medium;\">T\u00fcp Mide Ameliyat\u0131 Sonras\u0131 Kilo Kontrol\u00fc<br \/>\nUzun vadede, 5 y\u0131l\u0131n sonunda hastalar\u0131n %5-10&#8217;unda kilo vermede ba\u015far\u0131s\u0131zl\u0131k veya yeniden kilo al\u0131m\u0131 g\u00f6r\u00fclebilir. Bu durumun nedeni, hastalar\u0131n yeterince takip edilmemesi, e\u011fitilmemesi veya kendi haline b\u0131rak\u0131lmas\u0131 olabilir. Kilo al\u0131m\u0131n\u0131 \u00f6nlemek i\u00e7in hastaya do\u011fru beslenme al\u0131\u015fkanl\u0131klar\u0131 kazand\u0131r\u0131lmal\u0131d\u0131r. Ancak t\u00fcm \u00f6nlemlere ra\u011fmen midesi b\u00fcy\u00fcyen ve tekrar kilo alan hastalar nadiren g\u00f6r\u00fclebilir. T\u00fcp mide ameliyat\u0131 olan bir\u00e7ok hastaya revizyon ameliyat\u0131 uyguland\u0131. Revizyon ameliyat\u0131nda tekrar t\u00fcp mide ameliyat\u0131 yap\u0131labilir, mide k\u00fc\u00e7\u00fclt\u00fclebilir, ancak bu genellikle tercih edilen bir y\u00f6ntem de\u011fildir. Revizyon ameliyat\u0131nda \u00f6zellikle hastalara mini gastrik bypass uygulanarak tekrar kilo vermeleri sa\u011flanabilir. Bu t\u00fcr hastalarda veya a\u015f\u0131r\u0131 kilo alanlarda duodenal switch ameliyat\u0131 yaparak kilo kontrol\u00fc sa\u011flanabilir ve diyabet tedavisi m\u00fcmk\u00fcn olabilir. Revizyonel cerrahi, t\u00fcp mide ameliyat\u0131nda ba\u015far\u0131s\u0131z olan hastalarda \u00f6nerilen ve uygulanan bir cerrahi se\u00e7enektir.<\/span><\/p>\n<p style=\"text-align: center;\"><img loading=\"lazy\" class=\"alignnone wp-image-2751\" src=\"https:\/\/www.obezitecerrahiankara.com\/obezite\/wp-content\/uploads\/2023\/11\/ameliyat-sonrasi-tekrar-kilo-alirmiyim-320x213.jpg\" alt=\"\" width=\"755\" height=\"503\" srcset=\"https:\/\/www.obezitecerrahiankara.com\/obezite\/wp-content\/uploads\/2023\/11\/ameliyat-sonrasi-tekrar-kilo-alirmiyim-320x213.jpg 320w, https:\/\/www.obezitecerrahiankara.com\/obezite\/wp-content\/uploads\/2023\/11\/ameliyat-sonrasi-tekrar-kilo-alirmiyim-1200x798.jpg 1200w, https:\/\/www.obezitecerrahiankara.com\/obezite\/wp-content\/uploads\/2023\/11\/ameliyat-sonrasi-tekrar-kilo-alirmiyim-540x359.jpg 540w, https:\/\/www.obezitecerrahiankara.com\/obezite\/wp-content\/uploads\/2023\/11\/ameliyat-sonrasi-tekrar-kilo-alirmiyim.jpg 1500w\" sizes=\"(max-width: 755px) 100vw, 755px\" \/><\/p>\n<\/div><div class=\"btClear btSeparator bottomSemiSpaced noBorder\" ><hr><\/div><div class=\"bt_bb_video bt_bb_disable_controls_no\"><div class=\"bt-video-container\"><div style=\"width: 100%;\" class=\"wp-video\"><video class=\"wp-video-shortcode\" id=\"video-2749-1\" width=\"640\" height=\"360\" preload=\"metadata\" controls=\"controls\"><source type=\"video\/youtube\" src=\"https:\/\/www.youtube.com\/watch?v=vINTsqF5vis&#038;_=1\" \/><\/video><\/div><\/div><\/div><div class=\"btClear btSeparator bottomSemiSpaced noBorder\" ><hr><\/div><\/div><\/div><\/div><\/div><div class=\"boldRow  \" ><div class=\"boldRowInner\"><div class=\"rowItem btRightBorder col-md-12 col-ms-12  btTextLeft animate animate-fadein inherit\"  ><div class=\"rowItemContent\" ><div class=\"btClear btSeparator border bt_bb_hidden_xs bt_bb_hidden_ms bt_bb_hidden_sm\" ><hr><\/div><\/div><\/div><\/div><\/div><\/div><\/div><\/div><\/section><section id=\"bt_section69dfe4bce272a\"  class=\"boldSection btDarkSkin gutter inherit\" style=\"background: transparent; position: relative; z-index: 1;\"><div class=\"port\"><div class=\"boldCell\"><div class=\"boldCellInner\"><div class=\"boldRow  \" ><div class=\"boldRowInner\"><div class=\"rowItem col-md-12 col-ms-12  btTextLeft animate animate-fadein inherit\"  ><div class=\"rowItemContent\" style = \"background-color:#282828;\"><div class=\"boldRow boldInnerRow  \" style=\"margin-right: 0; margin-left: 0;\"><div class=\"rowItem rowInnerItem col-md-12  btTextLeft btMiddleVertical btDoublePadding\"  ><div class=\"rowItemContent\"><div class=\"btClear btSeparator topSmallSpaced noBorder\" ><hr><\/div><header class=\"header btClear large btDash bottomDash  btAccentDash\" ><div class=\"dash\"><h2><span class=\"headline\"><em>Obezite Cerrahisi Hakk\u0131nda Merak Ettikleriniz \u0130\u00e7in\r<br>Bizi 0312 431 77 79&#8217;dan Arayabilirsiniz.<\/em><\/span><\/h2><\/div><\/header><div class=\"btClear btSeparator topSmallSpaced noBorder\" ><hr><\/div><\/div><\/div><\/div><\/div><\/div><\/div><\/div><\/div><\/div><\/div><\/section>","protected":false},"excerpt":{"rendered":"","protected":false},"author":1,"featured_media":2691,"parent":0,"menu_order":0,"comment_status":"closed","ping_status":"closed","template":"","meta":[],"yoast_head":"<!-- This site is optimized with the Yoast SEO Premium plugin v16.1 - https:\/\/yoast.com\/wordpress\/plugins\/seo\/ -->\n<title>T\u00fcp Mide Ameliyat\u0131 Sonras\u0131 Kilo Kontrol\u00fc | T\u00fcp Mide Ameliyat\u0131<\/title>\n<link rel=\"canonical\" href=\"https:\/\/www.obezitecerrahiankara.com\/obezite\/tup-mide-ameliyati-sonrasi-kilo-kontrolu\/\" \/>\n<meta property=\"og:locale\" content=\"tr_TR\" \/>\n<meta property=\"og:type\" content=\"article\" \/>\n<meta property=\"og:title\" content=\"T\u00fcp Mide Ameliyat\u0131 Sonras\u0131 Kilo Kontrol\u00fc | T\u00fcp Mide Ameliyat\u0131\" \/>\n<meta property=\"og:url\" content=\"https:\/\/www.obezitecerrahiankara.com\/obezite\/tup-mide-ameliyati-sonrasi-kilo-kontrolu\/\" \/>\n<meta property=\"og:site_name\" content=\"T\u00fcp Mide Ameliyat\u0131\" \/>\n<meta property=\"article:publisher\" content=\"https:\/\/www.facebook.com\/DrOktayBanli\/\" \/>\n<meta property=\"article:modified_time\" content=\"2023-11-13T07:20:32+00:00\" \/>\n<meta name=\"twitter:card\" content=\"summary_large_image\" \/>\n<meta name=\"twitter:image\" content=\"https:\/\/www.obezitecerrahiankara.com\/obezite\/wp-content\/uploads\/2023\/10\/top2.webp\" \/>\n<meta name=\"twitter:label1\" content=\"Tahmini okuma s\u00fcresi\">\n\t<meta name=\"twitter:data1\" content=\"4 dakika\">\n<script type=\"application\/ld+json\" class=\"yoast-schema-graph\">{\"@context\":\"https:\/\/schema.org\",\"@graph\":[{\"@type\":\"Organization\",\"@id\":\"https:\/\/www.obezitecerrahiankara.com\/obezite\/#organization\",\"name\":\"Prof. D. Oktay BANLI\",\"url\":\"https:\/\/www.obezitecerrahiankara.com\/obezite\/\",\"sameAs\":[\"https:\/\/www.facebook.com\/DrOktayBanli\/\",\"https:\/\/www.instagram.com\/prof.dr.oktaybanli\/\",\"https:\/\/www.youtube.com\/channel\/UCMbJlYVnIneRr8FYnNg_XTQ\"],\"logo\":{\"@type\":\"ImageObject\",\"@id\":\"https:\/\/www.obezitecerrahiankara.com\/obezite\/#logo\",\"inLanguage\":\"tr\",\"url\":\"https:\/\/oktaybanli.com.tr\/wp-content\/uploads\/2022\/08\/oktay-banli-logo-03.webp\",\"contentUrl\":\"https:\/\/oktaybanli.com.tr\/wp-content\/uploads\/2022\/08\/oktay-banli-logo-03.webp\",\"width\":198,\"height\":88,\"caption\":\"Prof. D. Oktay BANLI\"},\"image\":{\"@id\":\"https:\/\/www.obezitecerrahiankara.com\/obezite\/#logo\"}},{\"@type\":\"WebSite\",\"@id\":\"https:\/\/www.obezitecerrahiankara.com\/obezite\/#website\",\"url\":\"https:\/\/www.obezitecerrahiankara.com\/obezite\/\",\"name\":\"T\\u00fcp Mide Ameliyat\\u0131\",\"description\":\"Obezite Cerrahisi\",\"publisher\":{\"@id\":\"https:\/\/www.obezitecerrahiankara.com\/obezite\/#organization\"},\"potentialAction\":[{\"@type\":\"SearchAction\",\"target\":\"https:\/\/www.obezitecerrahiankara.com\/obezite\/?s={search_term_string}\",\"query-input\":\"required name=search_term_string\"}],\"inLanguage\":\"tr\"},{\"@type\":\"ImageObject\",\"@id\":\"https:\/\/www.obezitecerrahiankara.com\/obezite\/tup-mide-ameliyati-sonrasi-kilo-kontrolu\/#primaryimage\",\"inLanguage\":\"tr\",\"url\":\"https:\/\/www.obezitecerrahiankara.com\/obezite\/wp-content\/uploads\/2023\/10\/top2.webp\",\"contentUrl\":\"https:\/\/www.obezitecerrahiankara.com\/obezite\/wp-content\/uploads\/2023\/10\/top2.webp\",\"width\":2500,\"height\":1227},{\"@type\":\"WebPage\",\"@id\":\"https:\/\/www.obezitecerrahiankara.com\/obezite\/tup-mide-ameliyati-sonrasi-kilo-kontrolu\/#webpage\",\"url\":\"https:\/\/www.obezitecerrahiankara.com\/obezite\/tup-mide-ameliyati-sonrasi-kilo-kontrolu\/\",\"name\":\"T\\u00fcp Mide Ameliyat\\u0131 Sonras\\u0131 Kilo Kontrol\\u00fc | T\\u00fcp Mide Ameliyat\\u0131\",\"isPartOf\":{\"@id\":\"https:\/\/www.obezitecerrahiankara.com\/obezite\/#website\"},\"primaryImageOfPage\":{\"@id\":\"https:\/\/www.obezitecerrahiankara.com\/obezite\/tup-mide-ameliyati-sonrasi-kilo-kontrolu\/#primaryimage\"},\"datePublished\":\"2023-11-13T07:08:28+00:00\",\"dateModified\":\"2023-11-13T07:20:32+00:00\",\"breadcrumb\":{\"@id\":\"https:\/\/www.obezitecerrahiankara.com\/obezite\/tup-mide-ameliyati-sonrasi-kilo-kontrolu\/#breadcrumb\"},\"inLanguage\":\"tr\",\"potentialAction\":[{\"@type\":\"ReadAction\",\"target\":[\"https:\/\/www.obezitecerrahiankara.com\/obezite\/tup-mide-ameliyati-sonrasi-kilo-kontrolu\/\"]}]},{\"@type\":\"BreadcrumbList\",\"@id\":\"https:\/\/www.obezitecerrahiankara.com\/obezite\/tup-mide-ameliyati-sonrasi-kilo-kontrolu\/#breadcrumb\",\"itemListElement\":[{\"@type\":\"ListItem\",\"position\":1,\"item\":{\"@type\":\"WebPage\",\"@id\":\"https:\/\/www.obezitecerrahiankara.com\/obezite\/\",\"url\":\"https:\/\/www.obezitecerrahiankara.com\/obezite\/\",\"name\":\"Home\"}},{\"@type\":\"ListItem\",\"position\":2,\"item\":{\"@type\":\"WebPage\",\"@id\":\"https:\/\/www.obezitecerrahiankara.com\/obezite\/tup-mide-ameliyati-sonrasi-kilo-kontrolu\/\",\"url\":\"https:\/\/www.obezitecerrahiankara.com\/obezite\/tup-mide-ameliyati-sonrasi-kilo-kontrolu\/\",\"name\":\"T\\u00fcp Mide Ameliyat\\u0131 Sonras\\u0131 Kilo Kontrol\\u00fc\"}}]}]}<\/script>\n<!-- \/ Yoast SEO Premium plugin. -->","_links":{"self":[{"href":"https:\/\/www.obezitecerrahiankara.com\/obezite\/wp-json\/wp\/v2\/pages\/2749"}],"collection":[{"href":"https:\/\/www.obezitecerrahiankara.com\/obezite\/wp-json\/wp\/v2\/pages"}],"about":[{"href":"https:\/\/www.obezitecerrahiankara.com\/obezite\/wp-json\/wp\/v2\/types\/page"}],"author":[{"embeddable":true,"href":"https:\/\/www.obezitecerrahiankara.com\/obezite\/wp-json\/wp\/v2\/users\/1"}],"replies":[{"embeddable":true,"href":"https:\/\/www.obezitecerrahiankara.com\/obezite\/wp-json\/wp\/v2\/comments?post=2749"}],"version-history":[{"count":2,"href":"https:\/\/www.obezitecerrahiankara.com\/obezite\/wp-json\/wp\/v2\/pages\/2749\/revisions"}],"predecessor-version":[{"id":2754,"href":"https:\/\/www.obezitecerrahiankara.com\/obezite\/wp-json\/wp\/v2\/pages\/2749\/revisions\/2754"}],"wp:featuredmedia":[{"embeddable":true,"href":"https:\/\/www.obezitecerrahiankara.com\/obezite\/wp-json\/wp\/v2\/media\/2691"}],"wp:attachment":[{"href":"https:\/\/www.obezitecerrahiankara.com\/obezite\/wp-json\/wp\/v2\/media?parent=2749"}],"curies":[{"name":"wp","href":"https:\/\/api.w.org\/{rel}","templated":true}]}}