{"id":2756,"date":"2023-11-13T12:59:53","date_gmt":"2023-11-13T09:59:53","guid":{"rendered":"https:\/\/www.obezitecerrahiankara.com\/obezite\/?page_id=2756"},"modified":"2023-11-13T12:59:53","modified_gmt":"2023-11-13T09:59:53","slug":"obezite-nedir-neden-tedavi-edilmeli","status":"publish","type":"page","link":"https:\/\/www.obezitecerrahiankara.com\/obezite\/obezite-nedir-neden-tedavi-edilmeli\/","title":{"rendered":"Obezite Nedir? Neden Tedavi Edilmelidir?"},"content":{"rendered":"<section id=\"bt_section69dfe4bce1fb7\" data-parallax=\"0\" data-parallax-offset=\"0\" class=\"boldSection topSpaced bottomSpaced gutter inherit btParallax\" ><div class=\"port\"><div class=\"boldCell\"><div class=\"boldCellInner\"><div class=\"boldRow  \" ><div class=\"boldRowInner\"><div class=\"rowItem col-md-12 col-ms-12  btTextLeft animate animate-fadein inherit\"  ><div class=\"rowItemContent\" ><div class=\"btClear btSeparator bottomSemiSpaced noBorder\" ><hr><\/div><header class=\"header btClear extralarge btDash topDash  btAccentDash\" ><div class=\"btSuperTitle\">OBEZ\u0130TE CERRAH\u0130 ANKARA<\/div><div class=\"dash\"><h1><span class=\"headline\"><em>Obezite Nedir?<\/em> <b class=\"animate\">Neden Tedavi Edilmelidir?<\/b><\/span><\/h1><\/div><div class=\"btSubTitle\">Obezite, v\u00fccutta a\u015f\u0131r\u0131 miktarda ya\u011f birikmesi durumunu ifade eder. Estetik bir problem olman\u0131n \u00f6tesinde, obezite \u015feker hastal\u0131\u011f\u0131, hipertansiyon, uyku apnesi, y\u00fcr\u00fcme bozukluklar\u0131 ve baz\u0131 kanserler gibi ciddi sa\u011fl\u0131k sorunlar\u0131na neden olabilir.<\/div><\/header><div class=\"btClear btSeparator bottomSemiSpaced noBorder\" ><hr><\/div><\/div><\/div><\/div><\/div><div class=\"boldRow  \" ><div class=\"boldRowInner\"><div class=\"rowItem btRightBorder col-md-12 col-ms-12  btTextLeft animate animate-fadein btTextIndent inherit\"  ><div class=\"rowItemContent\" ><div class=\"btText\" ><h5><strong>Obezite Nedir? Neden Tedavi Edilmelidir?<\/strong><\/h5>\n<p><span style=\"font-size: medium;\">Obezite, v\u00fccutta a\u015f\u0131r\u0131 miktarda ya\u011f birikmesi durumunu ifade eder. Estetik bir problem olman\u0131n \u00f6tesinde, obezite \u015feker hastal\u0131\u011f\u0131, hipertansiyon, uyku apnesi, y\u00fcr\u00fcme bozukluklar\u0131 ve baz\u0131 kanserler gibi ciddi sa\u011fl\u0131k sorunlar\u0131na neden olabilir.<br \/>\n<span style=\"font-size: medium;\">Bu sa\u011fl\u0131k sorunlar\u0131, hastan\u0131n ya\u015fam kalitesini d\u00fc\u015f\u00fcrmenin yan\u0131 s\u0131ra, hastal\u0131klar\u0131n neden oldu\u011fu problemler nedeniyle hayat s\u00fcresini k\u0131saltabilir. Bu nedenle obezite, mutlaka tedavi edilmesi gereken bir hastal\u0131kt\u0131r.<\/span><\/span><\/p>\n<h5><strong>Obezitenin Nedenleri<\/strong><\/h5>\n<p><span style=\"font-size: medium;\">Obezite, genellikle y\u00fcksek kalorili bir beslenme d\u00fczeni, d\u00fc\u015f\u00fck fiziksel aktivite, genetik yatk\u0131nl\u0131k, hormonal bozukluklar, psikolojik sorunlar ve antipsikotik ila\u00e7lar\u0131n kullan\u0131m\u0131 gibi fakt\u00f6rlere ba\u011fl\u0131 olarak geli\u015fir. Halk aras\u0131nda metabolizma h\u0131z\u0131n\u0131n d\u00fc\u015f\u00fckl\u00fc\u011f\u00fc ile ili\u015fkilendirilse de, bu nadir bir durumdur.<\/span><\/p>\n<p style=\"text-align: center;\"><img loading=\"lazy\" class=\"alignnone wp-image-2751\" src=\"https:\/\/www.obezitecerrahiankara.com\/obezite\/wp-content\/uploads\/2023\/11\/obezite-nedir.png\" alt=\"\" width=\"755\" height=\"503\" \/><\/p>\n<h5><strong>Kal\u0131t\u0131m\u0131n Obeziteye Etkisi<\/strong><\/h5>\n<p><span style=\"font-size: medium;\">Yap\u0131lan \u00e7al\u0131\u015fmalar, obezite olu\u015fumunda kal\u0131t\u0131m\u0131n veya genetik fakt\u00f6rlerin %25-40 oran\u0131nda rol oynad\u0131\u011f\u0131n\u0131 g\u00f6stermi\u015ftir. \u015ei\u015fman ebeveynlere sahip \u00e7ocuklarda, \u015fi\u015fman olmayanlara g\u00f6re \u015fi\u015fmanl\u0131k g\u00f6r\u00fclme olas\u0131l\u0131\u011f\u0131 daha y\u00fcksektir. Kal\u0131t\u0131msal etkilerle ilgili olarak, 10 numaral\u0131 kromozomdaki belirli bir alan\u0131n obeziteden sorumlu oldu\u011fu tespit edilmi\u015ftir. Ayr\u0131ca, tek gen bozuklu\u011funa ba\u011fl\u0131 obezite vakalar\u0131 da bulunmaktad\u0131r.<\/span><\/p>\n<h5><strong>\u00dclkemizde Obezite<\/strong><\/h5>\n<p><span style=\"font-size: medium;\">D\u00fcnya Sa\u011fl\u0131k \u00d6rg\u00fct\u00fc&#8217;n\u00fcn Avrupa B\u00f6lge Ofisi taraf\u0131ndan a\u00e7\u0131klanan 2022 Avrupa Obezite Raporu&#8217;na g\u00f6re, T\u00fcrkiye obezite ve a\u015f\u0131r\u0131 kilo sorununun en yayg\u0131n oldu\u011fu Avrupa \u00fclkesidir.<\/span><\/p>\n<\/div><div class=\"btClear btSeparator bottomSemiSpaced noBorder\" ><hr><\/div><div class=\"bt_bb_video bt_bb_disable_controls_no\"><div class=\"bt-video-container\"><div style=\"width: 100%;\" class=\"wp-video\"><video class=\"wp-video-shortcode\" id=\"video-2756-1\" width=\"640\" height=\"360\" preload=\"metadata\" controls=\"controls\"><source type=\"video\/youtube\" src=\"https:\/\/www.youtube.com\/watch?v=ceOHIvkXAPQ&#038;_=1\" \/><\/video><\/div><\/div><\/div><div class=\"btClear btSeparator bottomSemiSpaced noBorder\" ><hr><\/div><\/div><\/div><\/div><\/div><div class=\"boldRow  \" ><div class=\"boldRowInner\"><div class=\"rowItem btRightBorder col-md-12 col-ms-12  btTextLeft animate animate-fadein inherit\"  ><div class=\"rowItemContent\" ><div class=\"btClear btSeparator border bt_bb_hidden_xs bt_bb_hidden_ms bt_bb_hidden_sm\" ><hr><\/div><\/div><\/div><\/div><\/div><\/div><\/div><\/div><\/section><section id=\"bt_section69dfe4bce2736\"  class=\"boldSection btDarkSkin gutter inherit\" style=\"background: transparent; position: relative; z-index: 1;\"><div class=\"port\"><div class=\"boldCell\"><div class=\"boldCellInner\"><div class=\"boldRow  \" ><div class=\"boldRowInner\"><div class=\"rowItem col-md-12 col-ms-12  btTextLeft animate animate-fadein inherit\"  ><div class=\"rowItemContent\" style = \"background-color:#282828;\"><div class=\"boldRow boldInnerRow  \" style=\"margin-right: 0; margin-left: 0;\"><div class=\"rowItem rowInnerItem col-md-12  btTextLeft btMiddleVertical btDoublePadding\"  ><div class=\"rowItemContent\"><div class=\"btClear btSeparator topSmallSpaced noBorder\" ><hr><\/div><header class=\"header btClear large btDash bottomDash  btAccentDash\" ><div class=\"dash\"><h2><span class=\"headline\"><em>Obezite Cerrahisi Hakk\u0131nda Merak Ettikleriniz \u0130\u00e7in\r<br>Bizi 0312 431 77 79&#8217;dan Arayabilirsiniz.<\/em><\/span><\/h2><\/div><\/header><div class=\"btClear btSeparator topSmallSpaced noBorder\" ><hr><\/div><\/div><\/div><\/div><\/div><\/div><\/div><\/div><\/div><\/div><\/div><\/section>","protected":false},"excerpt":{"rendered":"","protected":false},"author":1,"featured_media":2691,"parent":0,"menu_order":0,"comment_status":"closed","ping_status":"closed","template":"","meta":[],"yoast_head":"<!-- This site is optimized with the Yoast SEO Premium plugin v16.1 - https:\/\/yoast.com\/wordpress\/plugins\/seo\/ -->\n<title>Obezite Nedir? Neden Tedavi Edilmelidir? | T\u00fcp Mide Ameliyat\u0131<\/title>\n<link rel=\"canonical\" href=\"https:\/\/www.obezitecerrahiankara.com\/obezite\/obezite-nedir-neden-tedavi-edilmeli\/\" \/>\n<meta property=\"og:locale\" content=\"tr_TR\" \/>\n<meta property=\"og:type\" content=\"article\" \/>\n<meta property=\"og:title\" content=\"Obezite Nedir? Neden Tedavi Edilmelidir? | T\u00fcp Mide Ameliyat\u0131\" \/>\n<meta property=\"og:url\" content=\"https:\/\/www.obezitecerrahiankara.com\/obezite\/obezite-nedir-neden-tedavi-edilmeli\/\" \/>\n<meta property=\"og:site_name\" content=\"T\u00fcp Mide Ameliyat\u0131\" \/>\n<meta property=\"article:publisher\" content=\"https:\/\/www.facebook.com\/DrOktayBanli\/\" \/>\n<meta name=\"twitter:card\" content=\"summary_large_image\" \/>\n<meta name=\"twitter:image\" content=\"https:\/\/www.obezitecerrahiankara.com\/obezite\/wp-content\/uploads\/2023\/10\/top2.webp\" \/>\n<meta name=\"twitter:label1\" content=\"Tahmini okuma s\u00fcresi\">\n\t<meta name=\"twitter:data1\" content=\"4 dakika\">\n<script type=\"application\/ld+json\" class=\"yoast-schema-graph\">{\"@context\":\"https:\/\/schema.org\",\"@graph\":[{\"@type\":\"Organization\",\"@id\":\"https:\/\/www.obezitecerrahiankara.com\/obezite\/#organization\",\"name\":\"Prof. D. Oktay BANLI\",\"url\":\"https:\/\/www.obezitecerrahiankara.com\/obezite\/\",\"sameAs\":[\"https:\/\/www.facebook.com\/DrOktayBanli\/\",\"https:\/\/www.instagram.com\/prof.dr.oktaybanli\/\",\"https:\/\/www.youtube.com\/channel\/UCMbJlYVnIneRr8FYnNg_XTQ\"],\"logo\":{\"@type\":\"ImageObject\",\"@id\":\"https:\/\/www.obezitecerrahiankara.com\/obezite\/#logo\",\"inLanguage\":\"tr\",\"url\":\"https:\/\/oktaybanli.com.tr\/wp-content\/uploads\/2022\/08\/oktay-banli-logo-03.webp\",\"contentUrl\":\"https:\/\/oktaybanli.com.tr\/wp-content\/uploads\/2022\/08\/oktay-banli-logo-03.webp\",\"width\":198,\"height\":88,\"caption\":\"Prof. D. Oktay BANLI\"},\"image\":{\"@id\":\"https:\/\/www.obezitecerrahiankara.com\/obezite\/#logo\"}},{\"@type\":\"WebSite\",\"@id\":\"https:\/\/www.obezitecerrahiankara.com\/obezite\/#website\",\"url\":\"https:\/\/www.obezitecerrahiankara.com\/obezite\/\",\"name\":\"T\\u00fcp Mide Ameliyat\\u0131\",\"description\":\"Obezite Cerrahisi\",\"publisher\":{\"@id\":\"https:\/\/www.obezitecerrahiankara.com\/obezite\/#organization\"},\"potentialAction\":[{\"@type\":\"SearchAction\",\"target\":\"https:\/\/www.obezitecerrahiankara.com\/obezite\/?s={search_term_string}\",\"query-input\":\"required name=search_term_string\"}],\"inLanguage\":\"tr\"},{\"@type\":\"ImageObject\",\"@id\":\"https:\/\/www.obezitecerrahiankara.com\/obezite\/obezite-nedir-neden-tedavi-edilmeli\/#primaryimage\",\"inLanguage\":\"tr\",\"url\":\"https:\/\/www.obezitecerrahiankara.com\/obezite\/wp-content\/uploads\/2023\/10\/top2.webp\",\"contentUrl\":\"https:\/\/www.obezitecerrahiankara.com\/obezite\/wp-content\/uploads\/2023\/10\/top2.webp\",\"width\":2500,\"height\":1227},{\"@type\":\"WebPage\",\"@id\":\"https:\/\/www.obezitecerrahiankara.com\/obezite\/obezite-nedir-neden-tedavi-edilmeli\/#webpage\",\"url\":\"https:\/\/www.obezitecerrahiankara.com\/obezite\/obezite-nedir-neden-tedavi-edilmeli\/\",\"name\":\"Obezite Nedir? Neden Tedavi Edilmelidir? | T\\u00fcp Mide Ameliyat\\u0131\",\"isPartOf\":{\"@id\":\"https:\/\/www.obezitecerrahiankara.com\/obezite\/#website\"},\"primaryImageOfPage\":{\"@id\":\"https:\/\/www.obezitecerrahiankara.com\/obezite\/obezite-nedir-neden-tedavi-edilmeli\/#primaryimage\"},\"datePublished\":\"2023-11-13T09:59:53+00:00\",\"dateModified\":\"2023-11-13T09:59:53+00:00\",\"breadcrumb\":{\"@id\":\"https:\/\/www.obezitecerrahiankara.com\/obezite\/obezite-nedir-neden-tedavi-edilmeli\/#breadcrumb\"},\"inLanguage\":\"tr\",\"potentialAction\":[{\"@type\":\"ReadAction\",\"target\":[\"https:\/\/www.obezitecerrahiankara.com\/obezite\/obezite-nedir-neden-tedavi-edilmeli\/\"]}]},{\"@type\":\"BreadcrumbList\",\"@id\":\"https:\/\/www.obezitecerrahiankara.com\/obezite\/obezite-nedir-neden-tedavi-edilmeli\/#breadcrumb\",\"itemListElement\":[{\"@type\":\"ListItem\",\"position\":1,\"item\":{\"@type\":\"WebPage\",\"@id\":\"https:\/\/www.obezitecerrahiankara.com\/obezite\/\",\"url\":\"https:\/\/www.obezitecerrahiankara.com\/obezite\/\",\"name\":\"Home\"}},{\"@type\":\"ListItem\",\"position\":2,\"item\":{\"@type\":\"WebPage\",\"@id\":\"https:\/\/www.obezitecerrahiankara.com\/obezite\/obezite-nedir-neden-tedavi-edilmeli\/\",\"url\":\"https:\/\/www.obezitecerrahiankara.com\/obezite\/obezite-nedir-neden-tedavi-edilmeli\/\",\"name\":\"Obezite Nedir? Neden Tedavi Edilmelidir?\"}}]}]}<\/script>\n<!-- \/ Yoast SEO Premium plugin. -->","_links":{"self":[{"href":"https:\/\/www.obezitecerrahiankara.com\/obezite\/wp-json\/wp\/v2\/pages\/2756"}],"collection":[{"href":"https:\/\/www.obezitecerrahiankara.com\/obezite\/wp-json\/wp\/v2\/pages"}],"about":[{"href":"https:\/\/www.obezitecerrahiankara.com\/obezite\/wp-json\/wp\/v2\/types\/page"}],"author":[{"embeddable":true,"href":"https:\/\/www.obezitecerrahiankara.com\/obezite\/wp-json\/wp\/v2\/users\/1"}],"replies":[{"embeddable":true,"href":"https:\/\/www.obezitecerrahiankara.com\/obezite\/wp-json\/wp\/v2\/comments?post=2756"}],"version-history":[{"count":1,"href":"https:\/\/www.obezitecerrahiankara.com\/obezite\/wp-json\/wp\/v2\/pages\/2756\/revisions"}],"predecessor-version":[{"id":2760,"href":"https:\/\/www.obezitecerrahiankara.com\/obezite\/wp-json\/wp\/v2\/pages\/2756\/revisions\/2760"}],"wp:featuredmedia":[{"embeddable":true,"href":"https:\/\/www.obezitecerrahiankara.com\/obezite\/wp-json\/wp\/v2\/media\/2691"}],"wp:attachment":[{"href":"https:\/\/www.obezitecerrahiankara.com\/obezite\/wp-json\/wp\/v2\/media?parent=2756"}],"curies":[{"name":"wp","href":"https:\/\/api.w.org\/{rel}","templated":true}]}}